{"id":233,"date":"2020-03-20T11:46:49","date_gmt":"2020-03-20T11:46:49","guid":{"rendered":"https:\/\/www.santiagotarrak.com\/?page_id=233"},"modified":"2025-08-18T13:17:08","modified_gmt":"2025-08-18T11:17:08","slug":"remo","status":"publish","type":"page","link":"https:\/\/www.santiagotarrak.com\/es\/competicion\/remo\/","title":{"rendered":"Remo"},"content":{"rendered":"<p>[et_pb_section fb_built=\u00bb1&#8243; module_class=\u00bbheader-section\u00bb _builder_version=\u00bb4.8.1&#8243; background_image=\u00bbhttps:\/\/www.santiagotarrak.com\/wp-content\/uploads\/2025\/08\/remo-2-1-1.png\u00bb locked=\u00bboff\u00bb][et_pb_row _builder_version=\u00bb4.0.6&#8243;][et_pb_column type=\u00bb4_4&#8243; _builder_version=\u00bb4.0.6&#8243;][et_pb_text admin_label=\u00bbRemo\u00bb _builder_version=\u00bb4.8.1&#8243; locked=\u00bboff\u00bb]<\/p>\n<p class=\"header-h1\">Remo<\/p>\n<p>[\/et_pb_text][\/et_pb_column][\/et_pb_row][\/et_pb_section][et_pb_section fb_built=\u00bb1&#8243; specialty=\u00bbon\u00bb _builder_version=\u00bb4.0.6&#8243;][et_pb_column type=\u00bb1_4&#8243; _builder_version=\u00bb3.25&#8243; custom_padding=\u00bb|||\u00bb custom_padding__hover=\u00bb|||\u00bb][et_pb_menu menu_id=\u00bb3&#8243; module_class=\u00bbmenu-seccion\u00bb _builder_version=\u00bb4.0.6&#8243;][\/et_pb_menu][\/et_pb_column][et_pb_column type=\u00bb3_4&#8243; specialty_columns=\u00bb3&#8243; _builder_version=\u00bb3.25&#8243; custom_padding=\u00bb|||\u00bb custom_padding__hover=\u00bb|||\u00bb][et_pb_row_inner _builder_version=\u00bb4.0.6&#8243;][et_pb_column_inner saved_specialty_column_type=\u00bb3_4&#8243; _builder_version=\u00bb4.0.6&#8243;][et_pb_text admin_label=\u00bbIntroducci\u00f3n\u00bb _builder_version=\u00bb4.0.6&#8243; custom_padding=\u00bb0px||0px||false|false\u00bb]<\/p>\n<h1>Remo<\/h1>\n<p>[\/et_pb_text][et_pb_text _builder_version=\u00bb4.0.6&#8243; custom_padding=\u00bb0px||||false|false\u00bb]<\/p>\n<p>El Remo es la disciplina deportiva que consiste en la propulsi\u00f3n de una embarcaci\u00f3n sobre el agua, mediante la fuerza muscular de uno o varios remeros, cada uno de ellos usando uno o dos remos como palancas simples de segundo grado y sentados de espaldas a la direcci\u00f3n del avance, con o sin timonel que les gu\u00ede.<\/p>\n<p>En Euskadi se practican dos modalidades de remo: el remo ol\u00edmpico, m\u00e1s conocido como banco m\u00f3vil, y el remo rural denominado, banco fijo. Si bien es cierto que durante a\u00f1os, la S.D.Santiagotarrak cont\u00f3 con ambas modalidades, cosechando \u00e9xitos en las dos. Actualmente, la secci\u00f3n est\u00e1 centrada en la modalidad ol\u00edmpica.<\/p>\n<p>[\/et_pb_text][et_pb_image src=\u00bbhttps:\/\/www.santiagotarrak.com\/wp-content\/uploads\/2025\/08\/remo-introduccion.png\u00bb title_text=\u00bbremo-introduccion\u00bb _builder_version=\u00bb4.8.1&#8243; hover_enabled=\u00bb0&#8243; sticky_enabled=\u00bb0&#8243;][\/et_pb_image][et_pb_text _builder_version=\u00bb4.0.6&#8243;]<\/p>\n<p>En una embarcaci\u00f3n de remo ol\u00edmpico todos los elementos portantes (donde se hacen los apoyos para realizar la fuerza) deben estar fijos al cuerpo de la embarcaci\u00f3n; solamente el carro donde va sentado el remero puede moverse. El remo de banco m\u00f3vil se caracteriza por tener un asiento sobre ruedas que permite utilizar las piernas en la propulsi\u00f3n de la embarcaci\u00f3n. El remero se sienta mirando a popa, es decir, de espaldas a la direcci\u00f3n del movimiento.<\/p>\n<p>El remo ol\u00edmpico, debido a la din\u00e1mica del barco, se practica principalmente sobre aguas tranquilas (r\u00edos, canales, lagos, estanques, puertos, embalses), tanto para la competici\u00f3n como para el ocio. Las regatas se hacen sobre una distancia ol\u00edmpica de 2000 m, con distancias menores para ciertas categor\u00edas y modalidades no ol\u00edmpicas. Tambi\u00e9n hay regatas de larga distancia y marat\u00f3nicas. Se distingue entre pesos pesados y ligeros, as\u00ed como tripulaciones masculinas y femeninas.<\/p>\n<p>[\/et_pb_text][et_pb_text _builder_version=\u00bb4.0.6&#8243;]<\/p>\n<h2>Modalidades<\/h2>\n<p>Las diferentes modalidades de remo se clasifican seg\u00fan la cantidad de tripulantes que reman en la embarcaci\u00f3n, si se usan uno (punta) o dos remos (scull) y de si tienen timonel o no.<\/p>\n<p>De esta forma, las modalidades de remo de banco m\u00f3vil son:<\/p>\n<table class=\"remo-tabla\">\n<tbody>\n<tr>\n<th>Imagen<\/th>\n<th>S\u00edmbolo<\/th>\n<th>Nombre<\/th>\n<th>Tripulaci\u00f3n<\/th>\n<th>Timonel<\/th>\n<th>Modalidad<\/th>\n<\/tr>\n<tr>\n<td><img loading=\"lazy\" class=\"wp-image-318 alignnone size-full\" src=\"https:\/\/www.santiagotarrak.com\/wp-content\/uploads\/2020\/03\/remo-1x.png\" alt=\"\" width=\"75\" height=\"40\" \/><\/td>\n<td>1x<\/td>\n<td>Skiff<\/td>\n<td>1<\/td>\n<td>No<\/td>\n<td>Scull<\/td>\n<\/tr>\n<tr>\n<td><img loading=\"lazy\" class=\"wp-image-313 alignnone size-full\" src=\"https:\/\/www.santiagotarrak.com\/wp-content\/uploads\/2020\/03\/remo-2x.png\" alt=\"\" width=\"75\" height=\"40\" \/><\/td>\n<td>2x<\/td>\n<td>Doble<\/td>\n<td>2<\/td>\n<td>No<\/td>\n<td>Scull<\/td>\n<\/tr>\n<tr>\n<td><img loading=\"lazy\" class=\"wp-image-319 alignnone size-full\" src=\"https:\/\/www.santiagotarrak.com\/wp-content\/uploads\/2020\/03\/remo-2-.png\" alt=\"\" width=\"75\" height=\"40\" \/><\/td>\n<td>2-<\/td>\n<td>Dos sin<\/td>\n<td>2<\/td>\n<td>No<\/td>\n<td>Punta<\/td>\n<\/tr>\n<tr>\n<td><img loading=\"lazy\" class=\"wp-image-320 alignnone size-full\" src=\"https:\/\/www.santiagotarrak.com\/wp-content\/uploads\/2020\/03\/remo-2con.png\" alt=\"\" width=\"75\" height=\"40\" \/><\/td>\n<td>2+<\/td>\n<td>Dos con<\/td>\n<td>2+1<\/td>\n<td>S\u00ed<\/td>\n<td>Punta<\/td>\n<\/tr>\n<tr>\n<td><img loading=\"lazy\" class=\"wp-image-316 alignnone size-full\" src=\"https:\/\/www.santiagotarrak.com\/wp-content\/uploads\/2020\/03\/remo-4x.png\" alt=\"\" width=\"75\" height=\"40\" \/><\/td>\n<td>4x<\/td>\n<td>Cuatro<\/td>\n<td>4<\/td>\n<td>No<\/td>\n<td>Scull<\/td>\n<\/tr>\n<tr>\n<td><img loading=\"lazy\" class=\"wp-image-315 alignnone size-full\" src=\"https:\/\/www.santiagotarrak.com\/wp-content\/uploads\/2020\/03\/remo-4con.png\" alt=\"\" width=\"75\" height=\"40\" \/><\/td>\n<td>4-<\/td>\n<td>Cuatro sin<\/td>\n<td>4<\/td>\n<td>No<\/td>\n<td>Punta<\/td>\n<\/tr>\n<tr>\n<td><img loading=\"lazy\" class=\"wp-image-315 alignnone size-full\" src=\"https:\/\/www.santiagotarrak.com\/wp-content\/uploads\/2020\/03\/remo-4con.png\" alt=\"\" width=\"75\" height=\"40\" \/><\/td>\n<td>4+<\/td>\n<td>Cuatro con<\/td>\n<td>4+1<\/td>\n<td>S\u00ed<\/td>\n<td>Punta<\/td>\n<\/tr>\n<tr>\n<td><img loading=\"lazy\" class=\"wp-image-317 alignnone size-full\" src=\"https:\/\/www.santiagotarrak.com\/wp-content\/uploads\/2020\/03\/remo-8.png\" alt=\"\" width=\"75\" height=\"40\" \/><\/td>\n<td>8+<\/td>\n<td>Ocho<\/td>\n<td>8+1<\/td>\n<td>S\u00ed<\/td>\n<td>Punta<\/td>\n<\/tr>\n<\/tbody>\n<\/table>\n<p>[\/et_pb_text][\/et_pb_column_inner][\/et_pb_row_inner][\/et_pb_column][\/et_pb_section]<\/p>\n","protected":false},"excerpt":{"rendered":"<p>[et_pb_section fb_built=\u00bb1&#8243; module_class=\u00bbheader-section\u00bb _builder_version=\u00bb4.8.1&#8243; background_image=\u00bbhttps:\/\/www.santiagotarrak.com\/wp-content\/uploads\/2025\/08\/remo-2-1-1.png\u00bb locked=\u00bboff\u00bb][et_pb_row _builder_version=\u00bb4.0.6&#8243;][et_pb_column type=\u00bb4_4&#8243; _builder_version=\u00bb4.0.6&#8243;][et_pb_text admin_label=\u00bbRemo\u00bb _builder_version=\u00bb4.8.1&#8243; locked=\u00bboff\u00bb] Remo [\/et_pb_text][\/et_pb_column][\/et_pb_row][\/et_pb_section][et_pb_section fb_built=\u00bb1&#8243; specialty=\u00bbon\u00bb _builder_version=\u00bb4.0.6&#8243;][et_pb_column type=\u00bb1_4&#8243; _builder_version=\u00bb3.25&#8243; custom_padding=\u00bb|||\u00bb custom_padding__hover=\u00bb|||\u00bb][et_pb_menu menu_id=\u00bb3&#8243; module_class=\u00bbmenu-seccion\u00bb _builder_version=\u00bb4.0.6&#8243;][\/et_pb_menu][\/et_pb_column][et_pb_column type=\u00bb3_4&#8243; specialty_columns=\u00bb3&#8243; _builder_version=\u00bb3.25&#8243; custom_padding=\u00bb|||\u00bb custom_padding__hover=\u00bb|||\u00bb][et_pb_row_inner _builder_version=\u00bb4.0.6&#8243;][et_pb_column_inner saved_specialty_column_type=\u00bb3_4&#8243; _builder_version=\u00bb4.0.6&#8243;][et_pb_text admin_label=\u00bbIntroducci\u00f3n\u00bb _builder_version=\u00bb4.0.6&#8243; custom_padding=\u00bb0px||0px||false|false\u00bb] Remo [\/et_pb_text][et_pb_text _builder_version=\u00bb4.0.6&#8243; custom_padding=\u00bb0px||||false|false\u00bb] El Remo es la disciplina deportiva que consiste en la propulsi\u00f3n de una embarcaci\u00f3n sobre el [&hellip;]<\/p>\n","protected":false},"author":1,"featured_media":0,"parent":202,"menu_order":0,"comment_status":"closed","ping_status":"closed","template":"","meta":{"_et_pb_use_builder":"on","_et_pb_old_content":"","_et_gb_content_width":""},"yoast_head":"<!-- This site is optimized with the Yoast SEO plugin v17.5 - https:\/\/yoast.com\/wordpress\/plugins\/seo\/ -->\n<title>Remo - Santiagotarrak<\/title>\n<meta name=\"robots\" content=\"index, follow, max-snippet:-1, max-image-preview:large, max-video-preview:-1\" \/>\n<link rel=\"canonical\" href=\"https:\/\/www.santiagotarrak.com\/es\/competicion\/remo\/\" \/>\n<meta property=\"og:locale\" content=\"es_ES\" \/>\n<meta property=\"og:type\" content=\"article\" \/>\n<meta property=\"og:title\" content=\"Remo - Santiagotarrak\" \/>\n<meta property=\"og:description\" content=\"[et_pb_section fb_built=\u00bb1&#8243; module_class=\u00bbheader-section\u00bb _builder_version=\u00bb4.8.1&#8243; background_image=\u00bbhttps:\/\/www.santiagotarrak.com\/wp-content\/uploads\/2025\/08\/remo-2-1-1.png\u00bb locked=\u00bboff\u00bb][et_pb_row _builder_version=\u00bb4.0.6&#8243;][et_pb_column type=\u00bb4_4&#8243; _builder_version=\u00bb4.0.6&#8243;][et_pb_text admin_label=\u00bbRemo\u00bb _builder_version=\u00bb4.8.1&#8243; locked=\u00bboff\u00bb] Remo [\/et_pb_text][\/et_pb_column][\/et_pb_row][\/et_pb_section][et_pb_section fb_built=\u00bb1&#8243; specialty=\u00bbon\u00bb _builder_version=\u00bb4.0.6&#8243;][et_pb_column type=\u00bb1_4&#8243; _builder_version=\u00bb3.25&#8243; custom_padding=\u00bb|||\u00bb custom_padding__hover=\u00bb|||\u00bb][et_pb_menu menu_id=\u00bb3&#8243; module_class=\u00bbmenu-seccion\u00bb _builder_version=\u00bb4.0.6&#8243;][\/et_pb_menu][\/et_pb_column][et_pb_column type=\u00bb3_4&#8243; specialty_columns=\u00bb3&#8243; _builder_version=\u00bb3.25&#8243; custom_padding=\u00bb|||\u00bb custom_padding__hover=\u00bb|||\u00bb][et_pb_row_inner _builder_version=\u00bb4.0.6&#8243;][et_pb_column_inner saved_specialty_column_type=\u00bb3_4&#8243; _builder_version=\u00bb4.0.6&#8243;][et_pb_text admin_label=\u00bbIntroducci\u00f3n\u00bb _builder_version=\u00bb4.0.6&#8243; custom_padding=\u00bb0px||0px||false|false\u00bb] Remo [\/et_pb_text][et_pb_text _builder_version=\u00bb4.0.6&#8243; custom_padding=\u00bb0px||||false|false\u00bb] El Remo es la disciplina deportiva que consiste en la propulsi\u00f3n de una embarcaci\u00f3n sobre el [&hellip;]\" \/>\n<meta property=\"og:url\" content=\"https:\/\/www.santiagotarrak.com\/es\/competicion\/remo\/\" \/>\n<meta property=\"og:site_name\" content=\"Santiagotarrak\" \/>\n<meta property=\"article:publisher\" content=\"http:\/\/www.facebook.com\/Santiagotarrak\/\" \/>\n<meta property=\"article:modified_time\" content=\"2025-08-18T11:17:08+00:00\" \/>\n<meta property=\"og:image\" content=\"https:\/\/www.santiagotarrak.com\/wp-content\/uploads\/2020\/03\/remo-1x.png\" \/>\n<meta name=\"twitter:card\" content=\"summary_large_image\" \/>\n<meta name=\"twitter:label1\" content=\"Tiempo de lectura\" \/>\n\t<meta name=\"twitter:data1\" content=\"4 minutos\" \/>\n<script type=\"application\/ld+json\" class=\"yoast-schema-graph\">{\"@context\":\"https:\/\/schema.org\",\"@graph\":[{\"@type\":\"Organization\",\"@id\":\"https:\/\/www.santiagotarrak.com\/#organization\",\"name\":\"Santiagotarrak\",\"url\":\"https:\/\/www.santiagotarrak.com\/\",\"sameAs\":[\"http:\/\/www.facebook.com\/Santiagotarrak\/\",\"http:\/\/www.instagram.com\/santiagotarrak\/\"],\"logo\":{\"@type\":\"ImageObject\",\"@id\":\"https:\/\/www.santiagotarrak.com\/#logo\",\"inLanguage\":\"es\",\"url\":\"https:\/\/www.santiagotarrak.com\/wp-content\/uploads\/2020\/07\/santiagotarrak.jpg\",\"contentUrl\":\"https:\/\/www.santiagotarrak.com\/wp-content\/uploads\/2020\/07\/santiagotarrak.jpg\",\"width\":400,\"height\":96,\"caption\":\"Santiagotarrak\"},\"image\":{\"@id\":\"https:\/\/www.santiagotarrak.com\/#logo\"}},{\"@type\":\"WebSite\",\"@id\":\"https:\/\/www.santiagotarrak.com\/#website\",\"url\":\"https:\/\/www.santiagotarrak.com\/\",\"name\":\"Santiagotarrak\",\"description\":\"Pirag\\u00fcismo y remo en el r\\u00edo Bidasoa\",\"publisher\":{\"@id\":\"https:\/\/www.santiagotarrak.com\/#organization\"},\"potentialAction\":[{\"@type\":\"SearchAction\",\"target\":{\"@type\":\"EntryPoint\",\"urlTemplate\":\"https:\/\/www.santiagotarrak.com\/?s={search_term_string}\"},\"query-input\":\"required name=search_term_string\"}],\"inLanguage\":\"es\"},{\"@type\":\"ImageObject\",\"@id\":\"https:\/\/www.santiagotarrak.com\/es\/competicion\/remo\/#primaryimage\",\"inLanguage\":\"es\",\"url\":\"https:\/\/www.santiagotarrak.com\/wp-content\/uploads\/2020\/03\/remo-1x.png\",\"contentUrl\":\"https:\/\/www.santiagotarrak.com\/wp-content\/uploads\/2020\/03\/remo-1x.png\",\"width\":75,\"height\":40},{\"@type\":\"WebPage\",\"@id\":\"https:\/\/www.santiagotarrak.com\/es\/competicion\/remo\/#webpage\",\"url\":\"https:\/\/www.santiagotarrak.com\/es\/competicion\/remo\/\",\"name\":\"Remo - Santiagotarrak\",\"isPartOf\":{\"@id\":\"https:\/\/www.santiagotarrak.com\/#website\"},\"primaryImageOfPage\":{\"@id\":\"https:\/\/www.santiagotarrak.com\/es\/competicion\/remo\/#primaryimage\"},\"datePublished\":\"2020-03-20T11:46:49+00:00\",\"dateModified\":\"2025-08-18T11:17:08+00:00\",\"breadcrumb\":{\"@id\":\"https:\/\/www.santiagotarrak.com\/es\/competicion\/remo\/#breadcrumb\"},\"inLanguage\":\"es\",\"potentialAction\":[{\"@type\":\"ReadAction\",\"target\":[\"https:\/\/www.santiagotarrak.com\/es\/competicion\/remo\/\"]}]},{\"@type\":\"BreadcrumbList\",\"@id\":\"https:\/\/www.santiagotarrak.com\/es\/competicion\/remo\/#breadcrumb\",\"itemListElement\":[{\"@type\":\"ListItem\",\"position\":1,\"name\":\"Portada\",\"item\":\"https:\/\/www.santiagotarrak.com\/es\/\"},{\"@type\":\"ListItem\",\"position\":2,\"name\":\"Competici\\u00f3n\",\"item\":\"https:\/\/www.santiagotarrak.com\/es\/competicion\/\"},{\"@type\":\"ListItem\",\"position\":3,\"name\":\"Remo\"}]}]}<\/script>\n<!-- \/ Yoast SEO plugin. -->","yoast_head_json":{"title":"Remo - Santiagotarrak","robots":{"index":"index","follow":"follow","max-snippet":"max-snippet:-1","max-image-preview":"max-image-preview:large","max-video-preview":"max-video-preview:-1"},"canonical":"https:\/\/www.santiagotarrak.com\/es\/competicion\/remo\/","og_locale":"es_ES","og_type":"article","og_title":"Remo - Santiagotarrak","og_description":"[et_pb_section fb_built=\u00bb1&#8243; module_class=\u00bbheader-section\u00bb _builder_version=\u00bb4.8.1&#8243; background_image=\u00bbhttps:\/\/www.santiagotarrak.com\/wp-content\/uploads\/2025\/08\/remo-2-1-1.png\u00bb locked=\u00bboff\u00bb][et_pb_row _builder_version=\u00bb4.0.6&#8243;][et_pb_column type=\u00bb4_4&#8243; _builder_version=\u00bb4.0.6&#8243;][et_pb_text admin_label=\u00bbRemo\u00bb _builder_version=\u00bb4.8.1&#8243; locked=\u00bboff\u00bb] Remo [\/et_pb_text][\/et_pb_column][\/et_pb_row][\/et_pb_section][et_pb_section fb_built=\u00bb1&#8243; specialty=\u00bbon\u00bb _builder_version=\u00bb4.0.6&#8243;][et_pb_column type=\u00bb1_4&#8243; _builder_version=\u00bb3.25&#8243; custom_padding=\u00bb|||\u00bb custom_padding__hover=\u00bb|||\u00bb][et_pb_menu menu_id=\u00bb3&#8243; module_class=\u00bbmenu-seccion\u00bb _builder_version=\u00bb4.0.6&#8243;][\/et_pb_menu][\/et_pb_column][et_pb_column type=\u00bb3_4&#8243; specialty_columns=\u00bb3&#8243; _builder_version=\u00bb3.25&#8243; custom_padding=\u00bb|||\u00bb custom_padding__hover=\u00bb|||\u00bb][et_pb_row_inner _builder_version=\u00bb4.0.6&#8243;][et_pb_column_inner saved_specialty_column_type=\u00bb3_4&#8243; _builder_version=\u00bb4.0.6&#8243;][et_pb_text admin_label=\u00bbIntroducci\u00f3n\u00bb _builder_version=\u00bb4.0.6&#8243; custom_padding=\u00bb0px||0px||false|false\u00bb] Remo [\/et_pb_text][et_pb_text _builder_version=\u00bb4.0.6&#8243; custom_padding=\u00bb0px||||false|false\u00bb] El Remo es la disciplina deportiva que consiste en la propulsi\u00f3n de una embarcaci\u00f3n sobre el [&hellip;]","og_url":"https:\/\/www.santiagotarrak.com\/es\/competicion\/remo\/","og_site_name":"Santiagotarrak","article_publisher":"http:\/\/www.facebook.com\/Santiagotarrak\/","article_modified_time":"2025-08-18T11:17:08+00:00","og_image":[{"url":"https:\/\/www.santiagotarrak.com\/wp-content\/uploads\/2020\/03\/remo-1x.png"}],"twitter_card":"summary_large_image","twitter_misc":{"Tiempo de lectura":"4 minutos"},"schema":{"@context":"https:\/\/schema.org","@graph":[{"@type":"Organization","@id":"https:\/\/www.santiagotarrak.com\/#organization","name":"Santiagotarrak","url":"https:\/\/www.santiagotarrak.com\/","sameAs":["http:\/\/www.facebook.com\/Santiagotarrak\/","http:\/\/www.instagram.com\/santiagotarrak\/"],"logo":{"@type":"ImageObject","@id":"https:\/\/www.santiagotarrak.com\/#logo","inLanguage":"es","url":"https:\/\/www.santiagotarrak.com\/wp-content\/uploads\/2020\/07\/santiagotarrak.jpg","contentUrl":"https:\/\/www.santiagotarrak.com\/wp-content\/uploads\/2020\/07\/santiagotarrak.jpg","width":400,"height":96,"caption":"Santiagotarrak"},"image":{"@id":"https:\/\/www.santiagotarrak.com\/#logo"}},{"@type":"WebSite","@id":"https:\/\/www.santiagotarrak.com\/#website","url":"https:\/\/www.santiagotarrak.com\/","name":"Santiagotarrak","description":"Pirag\u00fcismo y remo en el r\u00edo Bidasoa","publisher":{"@id":"https:\/\/www.santiagotarrak.com\/#organization"},"potentialAction":[{"@type":"SearchAction","target":{"@type":"EntryPoint","urlTemplate":"https:\/\/www.santiagotarrak.com\/?s={search_term_string}"},"query-input":"required name=search_term_string"}],"inLanguage":"es"},{"@type":"ImageObject","@id":"https:\/\/www.santiagotarrak.com\/es\/competicion\/remo\/#primaryimage","inLanguage":"es","url":"https:\/\/www.santiagotarrak.com\/wp-content\/uploads\/2020\/03\/remo-1x.png","contentUrl":"https:\/\/www.santiagotarrak.com\/wp-content\/uploads\/2020\/03\/remo-1x.png","width":75,"height":40},{"@type":"WebPage","@id":"https:\/\/www.santiagotarrak.com\/es\/competicion\/remo\/#webpage","url":"https:\/\/www.santiagotarrak.com\/es\/competicion\/remo\/","name":"Remo - Santiagotarrak","isPartOf":{"@id":"https:\/\/www.santiagotarrak.com\/#website"},"primaryImageOfPage":{"@id":"https:\/\/www.santiagotarrak.com\/es\/competicion\/remo\/#primaryimage"},"datePublished":"2020-03-20T11:46:49+00:00","dateModified":"2025-08-18T11:17:08+00:00","breadcrumb":{"@id":"https:\/\/www.santiagotarrak.com\/es\/competicion\/remo\/#breadcrumb"},"inLanguage":"es","potentialAction":[{"@type":"ReadAction","target":["https:\/\/www.santiagotarrak.com\/es\/competicion\/remo\/"]}]},{"@type":"BreadcrumbList","@id":"https:\/\/www.santiagotarrak.com\/es\/competicion\/remo\/#breadcrumb","itemListElement":[{"@type":"ListItem","position":1,"name":"Portada","item":"https:\/\/www.santiagotarrak.com\/es\/"},{"@type":"ListItem","position":2,"name":"Competici\u00f3n","item":"https:\/\/www.santiagotarrak.com\/es\/competicion\/"},{"@type":"ListItem","position":3,"name":"Remo"}]}]}},"_links":{"self":[{"href":"https:\/\/www.santiagotarrak.com\/es\/wp-json\/wp\/v2\/pages\/233"}],"collection":[{"href":"https:\/\/www.santiagotarrak.com\/es\/wp-json\/wp\/v2\/pages"}],"about":[{"href":"https:\/\/www.santiagotarrak.com\/es\/wp-json\/wp\/v2\/types\/page"}],"author":[{"embeddable":true,"href":"https:\/\/www.santiagotarrak.com\/es\/wp-json\/wp\/v2\/users\/1"}],"replies":[{"embeddable":true,"href":"https:\/\/www.santiagotarrak.com\/es\/wp-json\/wp\/v2\/comments?post=233"}],"version-history":[{"count":26,"href":"https:\/\/www.santiagotarrak.com\/es\/wp-json\/wp\/v2\/pages\/233\/revisions"}],"predecessor-version":[{"id":3884,"href":"https:\/\/www.santiagotarrak.com\/es\/wp-json\/wp\/v2\/pages\/233\/revisions\/3884"}],"up":[{"embeddable":true,"href":"https:\/\/www.santiagotarrak.com\/es\/wp-json\/wp\/v2\/pages\/202"}],"wp:attachment":[{"href":"https:\/\/www.santiagotarrak.com\/es\/wp-json\/wp\/v2\/media?parent=233"}],"curies":[{"name":"wp","href":"https:\/\/api.w.org\/{rel}","templated":true}]}}