{"id":2691,"date":"2021-08-19T12:37:24","date_gmt":"2021-08-19T10:37:24","guid":{"rendered":"https:\/\/www.santiagotarrak.com\/?page_id=2691"},"modified":"2023-12-04T14:54:21","modified_gmt":"2023-12-04T13:54:21","slug":"despues-del-cursillo-uda","status":"publish","type":"page","link":"https:\/\/www.santiagotarrak.com\/es\/cursos\/despues-del-cursillo-uda\/","title":{"rendered":"Despu\u00e9s del cursillo UDA"},"content":{"rendered":"<p>[et_pb_section fb_built=\u00bb1&#8243; module_class=\u00bbheader-section\u00bb _builder_version=\u00bb4.8.1&#8243; background_image=\u00bbhttps:\/\/www.santiagotarrak.com\/wp-content\/uploads\/2021\/11\/embarcadero-scaled.jpg\u00bb locked=\u00bboff\u00bb][et_pb_row _builder_version=\u00bb4.0.6&#8243;][et_pb_column type=\u00bb4_4&#8243; _builder_version=\u00bb4.0.6&#8243;][et_pb_text admin_label=\u00bbRemo\u00bb _builder_version=\u00bb4.8.1&#8243;]<\/p>\n<p class=\"header-h1\">Despu\u00e9s del curso de verano<\/p>\n<p>[\/et_pb_text][\/et_pb_column][\/et_pb_row][\/et_pb_section][et_pb_section fb_built=\u00bb1&#8243; _builder_version=\u00bb4.0.6&#8243;][et_pb_row _builder_version=\u00bb4.0.6&#8243; custom_margin=\u00bb||0px||false|false\u00bb custom_padding=\u00bb||0px||false|false\u00bb][et_pb_column type=\u00bb4_4&#8243; _builder_version=\u00bb4.0.6&#8243;][et_pb_text _builder_version=\u00bb4.8.1&#8243;]<\/p>\n<h1>Iniciarse en el deporte de competici\u00f3n 2023-2024<\/h1>\n<p>[\/et_pb_text][\/et_pb_column][\/et_pb_row][et_pb_row _builder_version=\u00bb4.8.1&#8243; _module_preset=\u00bbdefault\u00bb][et_pb_column type=\u00bb4_4&#8243; _builder_version=\u00bb4.8.1&#8243; _module_preset=\u00bbdefault\u00bb][et_pb_text _builder_version=\u00bb4.8.1&#8243; _module_preset=\u00bbdefault\u00bb]<\/p>\n<p>Para iniciarse en el deporte de competici\u00f3n en Santiagotarrak KE, hay que haber realizado al menos un cursillo de la modalidad en la que deseas iniciarte, aunque es recomendable realizar dos cursillos para as\u00ed poder ganar m\u00e1s experiencia. Si todav\u00eda no has realizado ning\u00fan cursillo o solo has realizado uno y deseas hacer otro m\u00e1s, tienes la posibilidad de realizar un Cursillo Expr\u00e9s de una semana con nosotros. A continuaci\u00f3n os dejamos m\u00e1s informaci\u00f3n.<\/p>\n<p>Si ya has realizado cursillo y quieres entrar al equipo de competici\u00f3n, ponte en <a href=\"https:\/\/www.santiagotarrak.com\/es\/contacto\/\">contacto con la oficina<\/a> del club para m\u00e1s informaci\u00f3n.<\/p>\n<p>[\/et_pb_text][\/et_pb_column][\/et_pb_row][et_pb_row column_structure=\u00bb1_3,1_3,1_3&#8243; _builder_version=\u00bb4.8.1&#8243; _module_preset=\u00bbdefault\u00bb][et_pb_column type=\u00bb1_3&#8243; _builder_version=\u00bb4.8.1&#8243; _module_preset=\u00bbdefault\u00bb][et_pb_blurb title=\u00bbAguas Tranquilas\u00bb image=\u00bbhttps:\/\/www.santiagotarrak.com\/wp-content\/uploads\/2021\/03\/photo_2020-12-19_08-48-19-1024&#215;575.jpg\u00bb admin_label=\u00bbPista\u00bb _builder_version=\u00bb4.8.1&#8243;]<\/p>\n<p>Dirigido a ni\u00f1as y ni\u00f1os nacidos en 2012, 2013 y 2014<\/p>\n<p>[\/et_pb_blurb][\/et_pb_column][et_pb_column type=\u00bb1_3&#8243; _builder_version=\u00bb4.8.1&#8243; _module_preset=\u00bbdefault\u00bb][et_pb_blurb title=\u00bbAguas Bravas\u00bb image=\u00bbhttps:\/\/www.santiagotarrak.com\/wp-content\/uploads\/2021\/03\/tl-300&#215;212.jpg\u00bb admin_label=\u00bbAguas Bravas\u00bb _builder_version=\u00bb4.8.1&#8243;]Dirigido a ni\u00f1as y ni\u00f1os nacidos entre 2011 y 2014[\/et_pb_blurb][\/et_pb_column][et_pb_column type=\u00bb1_3&#8243; _builder_version=\u00bb4.8.1&#8243; _module_preset=\u00bbdefault\u00bb][et_pb_blurb title=\u00bbRemo\u00bb image=\u00bbhttps:\/\/www.santiagotarrak.com\/wp-content\/uploads\/2023\/01\/equipos_arrauna.jpg\u00bb admin_label=\u00bbRemo\u00bb _builder_version=\u00bb4.8.1&#8243;]<\/p>\n<p>Dirigido a ni\u00f1as y ni\u00f1os nacidos en 2011 y 2012<\/p>\n<p>[\/et_pb_blurb][\/et_pb_column][\/et_pb_row][et_pb_row use_custom_gutter=\u00bbon\u00bb gutter_width=\u00bb2&#8243; make_equal=\u00bbon\u00bb module_class=\u00bbcursillos-uda\u00bb _builder_version=\u00bb4.8.1&#8243;][et_pb_column type=\u00bb4_4&#8243; _builder_version=\u00bb4.8.1&#8243; background_color=\u00bb#e9e9e9&#8243;][et_pb_text admin_label=\u00bbQUINCENAL\u00bb _builder_version=\u00bb4.8.1&#8243;]<\/p>\n<div class=\"row\">\n<div class=\"col-12\">\n<h2 class=\"text-left text-dark font-weight-bold\">CURSILLO EXPR\u00c9S\u00a0<\/h2>\n<\/div>\n<\/div>\n<p>[\/et_pb_text][et_pb_text admin_label=\u00bbFechas\u00bb _builder_version=\u00bb4.8.1&#8243;]<\/p>\n<h3>Fechas disponibles<\/h3>\n<ul>\n<li>Desde el 28 de agosto hasta el 1 de septiembre<\/li>\n<li>Desde el 4 de septiembre hasta el 8 de septiembre<\/li>\n<\/ul>\n<p>De lunes a viernes<\/p>\n<p>[\/et_pb_text][et_pb_text admin_label=\u00bbHorarios\u00bb _builder_version=\u00bb4.8.1&#8243;]<\/p>\n<h3>Horarios<\/h3>\n<table class=\"tabla-resultados cursos-verano\">\n<tbody>\n<tr>\n<th colspan=\"2\"><strong>PIRAG\u00dcISMO<\/strong><\/th>\n<th><strong>REMO<\/strong><\/th>\n<\/tr>\n<tr>\n<td>AGUAS TRANQUILAS<\/td>\n<td>AGUAS BRAVAS<\/td>\n<td>BANCO M\u00d3VIL<\/td>\n<\/tr>\n<tr>\n<td>\n<ul>\n<li>10:30 &#8211; 12:30<\/li>\n<li>16:30 &#8211; 18:30<\/li>\n<\/ul>\n<\/td>\n<td>\n<ul>\n<li>10:00 &#8211; 12:00<\/li>\n<li>16:00 &#8211; 18:00<\/li>\n<\/ul>\n<\/td>\n<td>\n<ul>\n<li>10:15 &#8211; 12:15<\/li>\n<li>16:15 &#8211; 18:15<\/li>\n<\/ul>\n<\/td>\n<\/tr>\n<\/tbody>\n<\/table>\n<p class=\"nota-rio\">[\/et_pb_text][et_pb_text admin_label=\u00bbTarifas\u00bb _builder_version=\u00bb4.8.1&#8243;]<\/p>\n<h3>Tarifas<\/h3>\n<p><strong>50\u20ac<\/strong> la semana\u00a0<\/p>\n<p>[\/et_pb_text][et_pb_button button_url=\u00bbhttps:\/\/www.santiagotarrak.com\/es\/cursos\/despues-del-cursillo-uda\/formulario-uda\/\u00bb button_text=\u00bbInscribirse en el cursillo\u00bb button_alignment=\u00bbcenter\u00bb disabled_on=\u00bbon|on|on\u00bb _builder_version=\u00bb4.8.1&#8243; _module_preset=\u00bbdefault\u00bb disabled=\u00bbon\u00bb][\/et_pb_button][\/et_pb_column][\/et_pb_row][et_pb_row _builder_version=\u00bb4.0.6&#8243;][et_pb_column type=\u00bb4_4&#8243; _builder_version=\u00bb4.0.6&#8243;][et_pb_text _builder_version=\u00bb4.8.1&#8243;]<\/p>\n<div class=\"row\">\n<div class=\"col-12\">\n<h5>AVISOS<\/h5>\n<\/div>\n<\/div>\n<div class=\"row\">\n<div class=\"col-12\">\n<ul>\n<li>Es obligatorio saber nadar<\/li>\n<\/li>\n<\/ul>\n<\/div>\n<\/div>\n<p>[\/et_pb_text][\/et_pb_column][\/et_pb_row][\/et_pb_section]<\/p>\n","protected":false},"excerpt":{"rendered":"<p>[et_pb_section fb_built=\u00bb1&#8243; module_class=\u00bbheader-section\u00bb _builder_version=\u00bb4.8.1&#8243; background_image=\u00bbhttps:\/\/www.santiagotarrak.com\/wp-content\/uploads\/2021\/11\/embarcadero-scaled.jpg\u00bb locked=\u00bboff\u00bb][et_pb_row _builder_version=\u00bb4.0.6&#8243;][et_pb_column type=\u00bb4_4&#8243; _builder_version=\u00bb4.0.6&#8243;][et_pb_text admin_label=\u00bbRemo\u00bb _builder_version=\u00bb4.8.1&#8243;] Despu\u00e9s del curso de verano [\/et_pb_text][\/et_pb_column][\/et_pb_row][\/et_pb_section][et_pb_section fb_built=\u00bb1&#8243; _builder_version=\u00bb4.0.6&#8243;][et_pb_row _builder_version=\u00bb4.0.6&#8243; custom_margin=\u00bb||0px||false|false\u00bb custom_padding=\u00bb||0px||false|false\u00bb][et_pb_column type=\u00bb4_4&#8243; _builder_version=\u00bb4.0.6&#8243;][et_pb_text _builder_version=\u00bb4.8.1&#8243;] Iniciarse en el deporte de competici\u00f3n 2023-2024 [\/et_pb_text][\/et_pb_column][\/et_pb_row][et_pb_row _builder_version=\u00bb4.8.1&#8243; _module_preset=\u00bbdefault\u00bb][et_pb_column type=\u00bb4_4&#8243; _builder_version=\u00bb4.8.1&#8243; _module_preset=\u00bbdefault\u00bb][et_pb_text _builder_version=\u00bb4.8.1&#8243; _module_preset=\u00bbdefault\u00bb] Para iniciarse en el deporte de competici\u00f3n en Santiagotarrak KE, hay que haber realizado al [&hellip;]<\/p>\n","protected":false},"author":2,"featured_media":0,"parent":208,"menu_order":3,"comment_status":"closed","ping_status":"closed","template":"","meta":{"_et_pb_use_builder":"on","_et_pb_old_content":"","_et_gb_content_width":""},"yoast_head":"<!-- This site is optimized with the Yoast SEO plugin v17.5 - https:\/\/yoast.com\/wordpress\/plugins\/seo\/ -->\n<title>Despu\u00e9s del cursillo UDA - Santiagotarrak<\/title>\n<meta name=\"robots\" content=\"index, follow, max-snippet:-1, max-image-preview:large, max-video-preview:-1\" \/>\n<link rel=\"canonical\" href=\"https:\/\/www.santiagotarrak.com\/es\/cursos\/despues-del-cursillo-uda\/\" \/>\n<meta property=\"og:locale\" content=\"es_ES\" \/>\n<meta property=\"og:type\" content=\"article\" \/>\n<meta property=\"og:title\" content=\"Despu\u00e9s del cursillo UDA - Santiagotarrak\" \/>\n<meta property=\"og:description\" content=\"[et_pb_section fb_built=\u00bb1&#8243; module_class=\u00bbheader-section\u00bb _builder_version=\u00bb4.8.1&#8243; background_image=\u00bbhttps:\/\/www.santiagotarrak.com\/wp-content\/uploads\/2021\/11\/embarcadero-scaled.jpg\u00bb locked=\u00bboff\u00bb][et_pb_row _builder_version=\u00bb4.0.6&#8243;][et_pb_column type=\u00bb4_4&#8243; _builder_version=\u00bb4.0.6&#8243;][et_pb_text admin_label=\u00bbRemo\u00bb _builder_version=\u00bb4.8.1&#8243;] Despu\u00e9s del curso de verano [\/et_pb_text][\/et_pb_column][\/et_pb_row][\/et_pb_section][et_pb_section fb_built=\u00bb1&#8243; _builder_version=\u00bb4.0.6&#8243;][et_pb_row _builder_version=\u00bb4.0.6&#8243; custom_margin=\u00bb||0px||false|false\u00bb custom_padding=\u00bb||0px||false|false\u00bb][et_pb_column type=\u00bb4_4&#8243; _builder_version=\u00bb4.0.6&#8243;][et_pb_text _builder_version=\u00bb4.8.1&#8243;] Iniciarse en el deporte de competici\u00f3n 2023-2024 [\/et_pb_text][\/et_pb_column][\/et_pb_row][et_pb_row _builder_version=\u00bb4.8.1&#8243; _module_preset=\u00bbdefault\u00bb][et_pb_column type=\u00bb4_4&#8243; _builder_version=\u00bb4.8.1&#8243; _module_preset=\u00bbdefault\u00bb][et_pb_text _builder_version=\u00bb4.8.1&#8243; _module_preset=\u00bbdefault\u00bb] Para iniciarse en el deporte de competici\u00f3n en Santiagotarrak KE, hay que haber realizado al [&hellip;]\" \/>\n<meta property=\"og:url\" content=\"https:\/\/www.santiagotarrak.com\/es\/cursos\/despues-del-cursillo-uda\/\" \/>\n<meta property=\"og:site_name\" content=\"Santiagotarrak\" \/>\n<meta property=\"article:publisher\" content=\"http:\/\/www.facebook.com\/Santiagotarrak\/\" \/>\n<meta property=\"article:modified_time\" content=\"2023-12-04T13:54:21+00:00\" \/>\n<meta name=\"twitter:card\" content=\"summary_large_image\" \/>\n<meta name=\"twitter:label1\" content=\"Tiempo de lectura\" \/>\n\t<meta name=\"twitter:data1\" content=\"2 minutos\" \/>\n<script type=\"application\/ld+json\" class=\"yoast-schema-graph\">{\"@context\":\"https:\/\/schema.org\",\"@graph\":[{\"@type\":\"Organization\",\"@id\":\"https:\/\/www.santiagotarrak.com\/#organization\",\"name\":\"Santiagotarrak\",\"url\":\"https:\/\/www.santiagotarrak.com\/\",\"sameAs\":[\"http:\/\/www.facebook.com\/Santiagotarrak\/\",\"http:\/\/www.instagram.com\/santiagotarrak\/\"],\"logo\":{\"@type\":\"ImageObject\",\"@id\":\"https:\/\/www.santiagotarrak.com\/#logo\",\"inLanguage\":\"es\",\"url\":\"https:\/\/www.santiagotarrak.com\/wp-content\/uploads\/2020\/07\/santiagotarrak.jpg\",\"contentUrl\":\"https:\/\/www.santiagotarrak.com\/wp-content\/uploads\/2020\/07\/santiagotarrak.jpg\",\"width\":400,\"height\":96,\"caption\":\"Santiagotarrak\"},\"image\":{\"@id\":\"https:\/\/www.santiagotarrak.com\/#logo\"}},{\"@type\":\"WebSite\",\"@id\":\"https:\/\/www.santiagotarrak.com\/#website\",\"url\":\"https:\/\/www.santiagotarrak.com\/\",\"name\":\"Santiagotarrak\",\"description\":\"Pirag\\u00fcismo y remo en el r\\u00edo Bidasoa\",\"publisher\":{\"@id\":\"https:\/\/www.santiagotarrak.com\/#organization\"},\"potentialAction\":[{\"@type\":\"SearchAction\",\"target\":{\"@type\":\"EntryPoint\",\"urlTemplate\":\"https:\/\/www.santiagotarrak.com\/?s={search_term_string}\"},\"query-input\":\"required name=search_term_string\"}],\"inLanguage\":\"es\"},{\"@type\":\"WebPage\",\"@id\":\"https:\/\/www.santiagotarrak.com\/es\/cursos\/despues-del-cursillo-uda\/#webpage\",\"url\":\"https:\/\/www.santiagotarrak.com\/es\/cursos\/despues-del-cursillo-uda\/\",\"name\":\"Despu\\u00e9s del cursillo UDA - Santiagotarrak\",\"isPartOf\":{\"@id\":\"https:\/\/www.santiagotarrak.com\/#website\"},\"datePublished\":\"2021-08-19T10:37:24+00:00\",\"dateModified\":\"2023-12-04T13:54:21+00:00\",\"breadcrumb\":{\"@id\":\"https:\/\/www.santiagotarrak.com\/es\/cursos\/despues-del-cursillo-uda\/#breadcrumb\"},\"inLanguage\":\"es\",\"potentialAction\":[{\"@type\":\"ReadAction\",\"target\":[\"https:\/\/www.santiagotarrak.com\/es\/cursos\/despues-del-cursillo-uda\/\"]}]},{\"@type\":\"BreadcrumbList\",\"@id\":\"https:\/\/www.santiagotarrak.com\/es\/cursos\/despues-del-cursillo-uda\/#breadcrumb\",\"itemListElement\":[{\"@type\":\"ListItem\",\"position\":1,\"name\":\"Portada\",\"item\":\"https:\/\/www.santiagotarrak.com\/es\/\"},{\"@type\":\"ListItem\",\"position\":2,\"name\":\"Cursos\",\"item\":\"https:\/\/www.santiagotarrak.com\/es\/cursos\/\"},{\"@type\":\"ListItem\",\"position\":3,\"name\":\"Despu\\u00e9s del cursillo UDA\"}]}]}<\/script>\n<!-- \/ Yoast SEO plugin. -->","yoast_head_json":{"title":"Despu\u00e9s del cursillo UDA - Santiagotarrak","robots":{"index":"index","follow":"follow","max-snippet":"max-snippet:-1","max-image-preview":"max-image-preview:large","max-video-preview":"max-video-preview:-1"},"canonical":"https:\/\/www.santiagotarrak.com\/es\/cursos\/despues-del-cursillo-uda\/","og_locale":"es_ES","og_type":"article","og_title":"Despu\u00e9s del cursillo UDA - Santiagotarrak","og_description":"[et_pb_section fb_built=\u00bb1&#8243; module_class=\u00bbheader-section\u00bb _builder_version=\u00bb4.8.1&#8243; background_image=\u00bbhttps:\/\/www.santiagotarrak.com\/wp-content\/uploads\/2021\/11\/embarcadero-scaled.jpg\u00bb locked=\u00bboff\u00bb][et_pb_row _builder_version=\u00bb4.0.6&#8243;][et_pb_column type=\u00bb4_4&#8243; _builder_version=\u00bb4.0.6&#8243;][et_pb_text admin_label=\u00bbRemo\u00bb _builder_version=\u00bb4.8.1&#8243;] Despu\u00e9s del curso de verano [\/et_pb_text][\/et_pb_column][\/et_pb_row][\/et_pb_section][et_pb_section fb_built=\u00bb1&#8243; _builder_version=\u00bb4.0.6&#8243;][et_pb_row _builder_version=\u00bb4.0.6&#8243; custom_margin=\u00bb||0px||false|false\u00bb custom_padding=\u00bb||0px||false|false\u00bb][et_pb_column type=\u00bb4_4&#8243; _builder_version=\u00bb4.0.6&#8243;][et_pb_text _builder_version=\u00bb4.8.1&#8243;] Iniciarse en el deporte de competici\u00f3n 2023-2024 [\/et_pb_text][\/et_pb_column][\/et_pb_row][et_pb_row _builder_version=\u00bb4.8.1&#8243; _module_preset=\u00bbdefault\u00bb][et_pb_column type=\u00bb4_4&#8243; _builder_version=\u00bb4.8.1&#8243; _module_preset=\u00bbdefault\u00bb][et_pb_text _builder_version=\u00bb4.8.1&#8243; _module_preset=\u00bbdefault\u00bb] Para iniciarse en el deporte de competici\u00f3n en Santiagotarrak KE, hay que haber realizado al [&hellip;]","og_url":"https:\/\/www.santiagotarrak.com\/es\/cursos\/despues-del-cursillo-uda\/","og_site_name":"Santiagotarrak","article_publisher":"http:\/\/www.facebook.com\/Santiagotarrak\/","article_modified_time":"2023-12-04T13:54:21+00:00","twitter_card":"summary_large_image","twitter_misc":{"Tiempo de lectura":"2 minutos"},"schema":{"@context":"https:\/\/schema.org","@graph":[{"@type":"Organization","@id":"https:\/\/www.santiagotarrak.com\/#organization","name":"Santiagotarrak","url":"https:\/\/www.santiagotarrak.com\/","sameAs":["http:\/\/www.facebook.com\/Santiagotarrak\/","http:\/\/www.instagram.com\/santiagotarrak\/"],"logo":{"@type":"ImageObject","@id":"https:\/\/www.santiagotarrak.com\/#logo","inLanguage":"es","url":"https:\/\/www.santiagotarrak.com\/wp-content\/uploads\/2020\/07\/santiagotarrak.jpg","contentUrl":"https:\/\/www.santiagotarrak.com\/wp-content\/uploads\/2020\/07\/santiagotarrak.jpg","width":400,"height":96,"caption":"Santiagotarrak"},"image":{"@id":"https:\/\/www.santiagotarrak.com\/#logo"}},{"@type":"WebSite","@id":"https:\/\/www.santiagotarrak.com\/#website","url":"https:\/\/www.santiagotarrak.com\/","name":"Santiagotarrak","description":"Pirag\u00fcismo y remo en el r\u00edo Bidasoa","publisher":{"@id":"https:\/\/www.santiagotarrak.com\/#organization"},"potentialAction":[{"@type":"SearchAction","target":{"@type":"EntryPoint","urlTemplate":"https:\/\/www.santiagotarrak.com\/?s={search_term_string}"},"query-input":"required name=search_term_string"}],"inLanguage":"es"},{"@type":"WebPage","@id":"https:\/\/www.santiagotarrak.com\/es\/cursos\/despues-del-cursillo-uda\/#webpage","url":"https:\/\/www.santiagotarrak.com\/es\/cursos\/despues-del-cursillo-uda\/","name":"Despu\u00e9s del cursillo UDA - Santiagotarrak","isPartOf":{"@id":"https:\/\/www.santiagotarrak.com\/#website"},"datePublished":"2021-08-19T10:37:24+00:00","dateModified":"2023-12-04T13:54:21+00:00","breadcrumb":{"@id":"https:\/\/www.santiagotarrak.com\/es\/cursos\/despues-del-cursillo-uda\/#breadcrumb"},"inLanguage":"es","potentialAction":[{"@type":"ReadAction","target":["https:\/\/www.santiagotarrak.com\/es\/cursos\/despues-del-cursillo-uda\/"]}]},{"@type":"BreadcrumbList","@id":"https:\/\/www.santiagotarrak.com\/es\/cursos\/despues-del-cursillo-uda\/#breadcrumb","itemListElement":[{"@type":"ListItem","position":1,"name":"Portada","item":"https:\/\/www.santiagotarrak.com\/es\/"},{"@type":"ListItem","position":2,"name":"Cursos","item":"https:\/\/www.santiagotarrak.com\/es\/cursos\/"},{"@type":"ListItem","position":3,"name":"Despu\u00e9s del cursillo UDA"}]}]}},"_links":{"self":[{"href":"https:\/\/www.santiagotarrak.com\/es\/wp-json\/wp\/v2\/pages\/2691"}],"collection":[{"href":"https:\/\/www.santiagotarrak.com\/es\/wp-json\/wp\/v2\/pages"}],"about":[{"href":"https:\/\/www.santiagotarrak.com\/es\/wp-json\/wp\/v2\/types\/page"}],"author":[{"embeddable":true,"href":"https:\/\/www.santiagotarrak.com\/es\/wp-json\/wp\/v2\/users\/2"}],"replies":[{"embeddable":true,"href":"https:\/\/www.santiagotarrak.com\/es\/wp-json\/wp\/v2\/comments?post=2691"}],"version-history":[{"count":29,"href":"https:\/\/www.santiagotarrak.com\/es\/wp-json\/wp\/v2\/pages\/2691\/revisions"}],"predecessor-version":[{"id":3618,"href":"https:\/\/www.santiagotarrak.com\/es\/wp-json\/wp\/v2\/pages\/2691\/revisions\/3618"}],"up":[{"embeddable":true,"href":"https:\/\/www.santiagotarrak.com\/es\/wp-json\/wp\/v2\/pages\/208"}],"wp:attachment":[{"href":"https:\/\/www.santiagotarrak.com\/es\/wp-json\/wp\/v2\/media?parent=2691"}],"curies":[{"name":"wp","href":"https:\/\/api.w.org\/{rel}","templated":true}]}}