{"id":756,"date":"2020-06-25T21:06:46","date_gmt":"2020-06-25T21:06:46","guid":{"rendered":"https:\/\/www.santiagotarrak.com\/?page_id=756"},"modified":"2023-04-05T11:16:54","modified_gmt":"2023-04-05T09:16:54","slug":"santiagotarrak","status":"publish","type":"page","link":"https:\/\/www.santiagotarrak.com\/es\/el-club\/santiagotarrak\/","title":{"rendered":"Santiagotarrak"},"content":{"rendered":"<p>[et_pb_section fb_built=\u00bb1&#8243; module_class=\u00bbheader-section\u00bb _builder_version=\u00bb4.0.6&#8243; background_image=\u00bbhttps:\/\/www.santiagotarrak.com\/wp-content\/uploads\/2020\/03\/remo-header.jpg\u00bb background_position=\u00bbbottom_center\u00bb locked=\u00bboff\u00bb][et_pb_row _builder_version=\u00bb4.0.6&#8243;][et_pb_column type=\u00bb4_4&#8243; _builder_version=\u00bb4.0.6&#8243;][et_pb_text admin_label=\u00bbEl club\u00bb _builder_version=\u00bb4.0.6&#8243;]<\/p>\n<p class=\"header-h1\">El club<\/p>\n<p>[\/et_pb_text][\/et_pb_column][\/et_pb_row][\/et_pb_section][et_pb_section fb_built=\u00bb1&#8243; specialty=\u00bbon\u00bb module_class_2=\u00bbcontent-column\u00bb module_class=\u00bbclub santiagotarrak\u00bb _builder_version=\u00bb4.0.6&#8243; locked=\u00bboff\u00bb][et_pb_column type=\u00bb1_4&#8243; _builder_version=\u00bb3.25&#8243; custom_padding=\u00bb|||\u00bb custom_padding__hover=\u00bb|||\u00bb][et_pb_menu menu_id=\u00bb7&#8243; module_class=\u00bbmenu-seccion\u00bb _builder_version=\u00bb4.0.6&#8243;][\/et_pb_menu][\/et_pb_column][et_pb_column type=\u00bb3_4&#8243; specialty_columns=\u00bb3&#8243; _builder_version=\u00bb3.25&#8243; custom_padding=\u00bb|||\u00bb custom_padding__hover=\u00bb|||\u00bb][et_pb_row_inner _builder_version=\u00bb4.0.6&#8243; custom_margin=\u00bb||0px||false|false\u00bb custom_padding=\u00bb||0px||false|false\u00bb][et_pb_column_inner saved_specialty_column_type=\u00bb3_4&#8243; _builder_version=\u00bb4.0.6&#8243;][et_pb_text admin_label=\u00bbQui\u00e9nes somos\u00bb _builder_version=\u00bb4.4.9&#8243;]<\/p>\n<h1>Santiagotarrak<\/h1>\n<p>La Sociedad Deportiva Santiagotarrak es una\u00a0asociaci\u00f3n privada sin \u00e1nimo de lucro, con personalidad jur\u00eddica propia, asociada a los\u00a0deportes de agua.<\/p>\n<p>En concreto, en ella se practican las siguientes modalidades deportivas:<\/p>\n<p>[\/et_pb_text][\/et_pb_column_inner][\/et_pb_row_inner][et_pb_row_inner column_structure=\u00bb1_2,1_2&#8243; use_custom_gutter=\u00bbon\u00bb gutter_width=\u00bb2&#8243; _builder_version=\u00bb4.0.6&#8243; custom_margin=\u00bb||||false|false\u00bb custom_padding=\u00bb0px||||false|false\u00bb][et_pb_column_inner type=\u00bb1_2&#8243; saved_specialty_column_type=\u00bb3_4&#8243; _builder_version=\u00bb4.0.6&#8243;][et_pb_blurb title=\u00bbPirag\u00fcismo: aguas tranquilas y aguas bravas\u00bb image=\u00bbhttps:\/\/www.santiagotarrak.com\/wp-content\/uploads\/2020\/06\/bravas-pista.jpg\u00bb admin_label=\u00bbPirag\u00fcismo en aguas tranquilas y en aguas bravas.\u00bb _builder_version=\u00bb4.0.6&#8243; use_border_color=\u00bbon\u00bb border_color=\u00bb#dddddd\u00bb locked=\u00bboff\u00bb][\/et_pb_blurb][\/et_pb_column_inner][et_pb_column_inner type=\u00bb1_2&#8243; saved_specialty_column_type=\u00bb3_4&#8243; _builder_version=\u00bb4.0.6&#8243;][et_pb_blurb title=\u00bbRemo\u00bb image=\u00bbhttps:\/\/www.santiagotarrak.com\/wp-content\/uploads\/2020\/07\/remo.jpg\u00bb admin_label=\u00bbRemo\u00bb _builder_version=\u00bb4.0.6&#8243; use_border_color=\u00bbon\u00bb border_color=\u00bb#dddddd\u00bb locked=\u00bboff\u00bb][\/et_pb_blurb][\/et_pb_column_inner][\/et_pb_row_inner][et_pb_row_inner _builder_version=\u00bb4.0.6&#8243; custom_margin=\u00bb||0px||false|false\u00bb custom_padding=\u00bb||0px||false|false\u00bb][et_pb_column_inner saved_specialty_column_type=\u00bb3_4&#8243; _builder_version=\u00bb4.0.6&#8243;][et_pb_text admin_label=\u00bbSecciones\u00bb _builder_version=\u00bb4.4.9&#8243;]<\/p>\n<h2>Secciones<\/h2>\n<p>Santiagotarrak posee dos tipos de secciones. Por un lado est\u00e1n las secciones de competici\u00f3n, y por otro presenta una secci\u00f3n no orientada a ello. En cuanto a las\u00a0secciones de competici\u00f3n, Santiagotarrak cuenta las siguientes tres secciones:<\/p>\n<p>[\/et_pb_text][\/et_pb_column_inner][\/et_pb_row_inner][et_pb_row_inner column_structure=\u00bb1_3,1_3,1_3&#8243; use_custom_gutter=\u00bbon\u00bb gutter_width=\u00bb2&#8243; _builder_version=\u00bb4.0.6&#8243; custom_margin=\u00bb0px||||false|false\u00bb custom_padding=\u00bb0px||||false|false\u00bb][et_pb_column_inner type=\u00bb1_3&#8243; saved_specialty_column_type=\u00bb3_4&#8243; _builder_version=\u00bb4.0.6&#8243;][et_pb_blurb title=\u00bbPirag\u00fcismo de Aguas Bravas\u00bb image=\u00bbhttps:\/\/www.santiagotarrak.com\/wp-content\/uploads\/2020\/06\/aguas-bravas.jpg\u00bb admin_label=\u00bbPirag\u00fcismo de Aguas Bravas\u00bb _builder_version=\u00bb4.0.6&#8243; use_border_color=\u00bbon\u00bb border_color=\u00bb#dddddd\u00bb locked=\u00bboff\u00bb][\/et_pb_blurb][\/et_pb_column_inner][et_pb_column_inner type=\u00bb1_3&#8243; saved_specialty_column_type=\u00bb3_4&#8243; _builder_version=\u00bb4.0.6&#8243;][et_pb_blurb title=\u00bbPirag\u00fcismo de Pista\u00bb image=\u00bbhttps:\/\/www.santiagotarrak.com\/wp-content\/uploads\/2020\/06\/pista.jpg\u00bb admin_label=\u00bbPirag\u00fcismo de Pista\u00bb _builder_version=\u00bb4.0.6&#8243; use_border_color=\u00bbon\u00bb border_color=\u00bb#dddddd\u00bb locked=\u00bboff\u00bb][\/et_pb_blurb][\/et_pb_column_inner][et_pb_column_inner type=\u00bb1_3&#8243; saved_specialty_column_type=\u00bb3_4&#8243; _builder_version=\u00bb4.0.6&#8243;][et_pb_blurb title=\u00bbRemo\u00bb image=\u00bbhttps:\/\/www.santiagotarrak.com\/wp-content\/uploads\/2020\/07\/seccion-remo.jpg\u00bb admin_label=\u00bbRemo\u00bb _builder_version=\u00bb4.0.6&#8243; use_border_color=\u00bbon\u00bb border_color=\u00bb#dddddd\u00bb locked=\u00bboff\u00bb][\/et_pb_blurb][\/et_pb_column_inner][\/et_pb_row_inner][et_pb_row_inner column_structure=\u00bb1_2,1_2&#8243; _builder_version=\u00bb4.0.6&#8243;][et_pb_column_inner type=\u00bb1_2&#8243; saved_specialty_column_type=\u00bb3_4&#8243; _builder_version=\u00bb4.0.6&#8243;][et_pb_text admin_label=\u00bbSecci\u00f3n abonados\u00bb _builder_version=\u00bb4.4.9&#8243;]<\/p>\n<h2>Secci\u00f3n abonados<\/h2>\n<p>Adem\u00e1s de las citadas anteriormente, Santiagotarrak posee una cuarta secci\u00f3n m\u00e1s, orientada al deporte de\u00a0mantenimiento y ocio.<\/p>\n<p>Por lo que existe la posibilidad de practicar estos deportes de forma aut\u00f3noma.[\/et_pb_text][\/et_pb_column_inner][et_pb_column_inner type=\u00bb1_2&#8243; saved_specialty_column_type=\u00bb3_4&#8243; _builder_version=\u00bb4.0.6&#8243;][et_pb_image src=\u00bbhttps:\/\/www.santiagotarrak.com\/wp-content\/uploads\/2020\/06\/abonados.jpg\u00bb _builder_version=\u00bb4.0.6&#8243;][\/et_pb_image][\/et_pb_column_inner][\/et_pb_row_inner][et_pb_row_inner column_structure=\u00bb1_2,1_2&#8243; _builder_version=\u00bb4.0.6&#8243;][et_pb_column_inner type=\u00bb1_2&#8243; saved_specialty_column_type=\u00bb3_4&#8243; _builder_version=\u00bb4.0.6&#8243;][et_pb_text admin_label=\u00bbQu\u00e9 ofrecemos\u00bb _builder_version=\u00bb4.4.9&#8243;]<\/p>\n<h3>Qu\u00e9 ofrecemos<\/h3>\n<p>Si bien es verdad que Santiagotarrak naci\u00f3 como una Sociedad con fines orientados a la\u00a0<span class=\"blanco\">competici\u00f3n<\/span>, en la actualidad, tambi\u00e9n pretende\u00a0fomentar la actividad f\u00edsica y deportiva en general, y del Pirag\u00fcismo y Remo en particular.<\/p>\n<p>Para ello, Santiagotarrak dispone del siguiente programa de servicios y actividades:<\/p>\n<ul>\n<li>La promoci\u00f3n y la tecnificaci\u00f3n deportiva<\/li>\n<li>La pr\u00e1ctica deportiva de competici\u00f3n<\/li>\n<li>El pirag\u00fcismo y el remo como actividad recreativa<\/li>\n<li>La posibilidad de alquilar piraguas y botes de remo de iniciaci\u00f3n<\/li>\n<li>Descensos guiados\u00a0del r\u00edo Bidasoa, as\u00ed como otras\u00a0rutas guiadas\u00a0por nuestro r\u00edo<\/li>\n<\/ul>\n<p>[\/et_pb_text][\/et_pb_column_inner][et_pb_column_inner type=\u00bb1_2&#8243; saved_specialty_column_type=\u00bb3_4&#8243; _builder_version=\u00bb4.0.6&#8243;][et_pb_text admin_label=\u00bbSantiagotarrak en n\u00fameros\u00bb _builder_version=\u00bb4.8.1&#8243; hover_enabled=\u00bb0&#8243; sticky_enabled=\u00bb0&#8243;]<\/p>\n<h3>Santiagotarrak en n\u00fameros<\/h3>\n<ul>\n<li>N\u00famero de Socios: 640<\/li>\n<li>Abonados: 174<\/li>\n<li>Deportistas: 305<\/li>\n<li>T\u00e9cnicos: 12<\/li>\n<li>Empleados Club:\u00a02<\/li>\n<\/ul>\n<p>[\/et_pb_text][et_pb_text admin_label=\u00bbHorario de la instalaci\u00f3n\u00bb _builder_version=\u00bb4.8.1&#8243; _module_preset=\u00bbdefault\u00bb hover_enabled=\u00bb0&#8243; sticky_enabled=\u00bb0&#8243;]<\/p>\n<h3>Horario de la instalaci\u00f3n<\/h3>\n<h4>Lunes a viernes<\/h4>\n<ul>\n<li>9:30 &#8211; 13:30<\/li>\n<li>16:00 &#8211; 20:00<\/li>\n<\/ul>\n<h4>S\u00e1bados<\/h4>\n<ul>\n<li>9:30 &#8211; 13:30<\/li>\n<\/ul>\n<h4>Domingos y festivos<\/h4>\n<ul>\n<li>Cerrado<\/li>\n<\/ul>\n<p>[\/et_pb_text][\/et_pb_column_inner][\/et_pb_row_inner][\/et_pb_column][\/et_pb_section]<\/p>\n","protected":false},"excerpt":{"rendered":"<p>[et_pb_section fb_built=\u00bb1&#8243; module_class=\u00bbheader-section\u00bb _builder_version=\u00bb4.0.6&#8243; background_image=\u00bbhttps:\/\/www.santiagotarrak.com\/wp-content\/uploads\/2020\/03\/remo-header.jpg\u00bb background_position=\u00bbbottom_center\u00bb locked=\u00bboff\u00bb][et_pb_row _builder_version=\u00bb4.0.6&#8243;][et_pb_column type=\u00bb4_4&#8243; _builder_version=\u00bb4.0.6&#8243;][et_pb_text admin_label=\u00bbEl club\u00bb _builder_version=\u00bb4.0.6&#8243;] El club [\/et_pb_text][\/et_pb_column][\/et_pb_row][\/et_pb_section][et_pb_section fb_built=\u00bb1&#8243; specialty=\u00bbon\u00bb module_class_2=\u00bbcontent-column\u00bb module_class=\u00bbclub santiagotarrak\u00bb _builder_version=\u00bb4.0.6&#8243; locked=\u00bboff\u00bb][et_pb_column type=\u00bb1_4&#8243; _builder_version=\u00bb3.25&#8243; custom_padding=\u00bb|||\u00bb custom_padding__hover=\u00bb|||\u00bb][et_pb_menu menu_id=\u00bb7&#8243; module_class=\u00bbmenu-seccion\u00bb _builder_version=\u00bb4.0.6&#8243;][\/et_pb_menu][\/et_pb_column][et_pb_column type=\u00bb3_4&#8243; specialty_columns=\u00bb3&#8243; _builder_version=\u00bb3.25&#8243; custom_padding=\u00bb|||\u00bb custom_padding__hover=\u00bb|||\u00bb][et_pb_row_inner _builder_version=\u00bb4.0.6&#8243; custom_margin=\u00bb||0px||false|false\u00bb custom_padding=\u00bb||0px||false|false\u00bb][et_pb_column_inner saved_specialty_column_type=\u00bb3_4&#8243; _builder_version=\u00bb4.0.6&#8243;][et_pb_text admin_label=\u00bbQui\u00e9nes somos\u00bb _builder_version=\u00bb4.4.9&#8243;] Santiagotarrak La Sociedad Deportiva Santiagotarrak es una\u00a0asociaci\u00f3n privada sin \u00e1nimo de lucro, [&hellip;]<\/p>\n","protected":false},"author":1,"featured_media":0,"parent":214,"menu_order":1,"comment_status":"closed","ping_status":"closed","template":"","meta":{"_et_pb_use_builder":"on","_et_pb_old_content":"","_et_gb_content_width":""},"yoast_head":"<!-- This site is optimized with the Yoast SEO plugin v17.5 - https:\/\/yoast.com\/wordpress\/plugins\/seo\/ -->\n<title>Santiagotarrak - Santiagotarrak<\/title>\n<meta name=\"robots\" content=\"index, follow, max-snippet:-1, max-image-preview:large, max-video-preview:-1\" \/>\n<link rel=\"canonical\" href=\"https:\/\/www.santiagotarrak.com\/es\/el-club\/santiagotarrak\/\" \/>\n<meta property=\"og:locale\" content=\"es_ES\" \/>\n<meta property=\"og:type\" content=\"article\" \/>\n<meta property=\"og:title\" content=\"Santiagotarrak - Santiagotarrak\" \/>\n<meta property=\"og:description\" content=\"[et_pb_section fb_built=\u00bb1&#8243; module_class=\u00bbheader-section\u00bb _builder_version=\u00bb4.0.6&#8243; background_image=\u00bbhttps:\/\/www.santiagotarrak.com\/wp-content\/uploads\/2020\/03\/remo-header.jpg\u00bb background_position=\u00bbbottom_center\u00bb locked=\u00bboff\u00bb][et_pb_row _builder_version=\u00bb4.0.6&#8243;][et_pb_column type=\u00bb4_4&#8243; _builder_version=\u00bb4.0.6&#8243;][et_pb_text admin_label=\u00bbEl club\u00bb _builder_version=\u00bb4.0.6&#8243;] El club [\/et_pb_text][\/et_pb_column][\/et_pb_row][\/et_pb_section][et_pb_section fb_built=\u00bb1&#8243; specialty=\u00bbon\u00bb module_class_2=\u00bbcontent-column\u00bb module_class=\u00bbclub santiagotarrak\u00bb _builder_version=\u00bb4.0.6&#8243; locked=\u00bboff\u00bb][et_pb_column type=\u00bb1_4&#8243; _builder_version=\u00bb3.25&#8243; custom_padding=\u00bb|||\u00bb custom_padding__hover=\u00bb|||\u00bb][et_pb_menu menu_id=\u00bb7&#8243; module_class=\u00bbmenu-seccion\u00bb _builder_version=\u00bb4.0.6&#8243;][\/et_pb_menu][\/et_pb_column][et_pb_column type=\u00bb3_4&#8243; specialty_columns=\u00bb3&#8243; _builder_version=\u00bb3.25&#8243; custom_padding=\u00bb|||\u00bb custom_padding__hover=\u00bb|||\u00bb][et_pb_row_inner _builder_version=\u00bb4.0.6&#8243; custom_margin=\u00bb||0px||false|false\u00bb custom_padding=\u00bb||0px||false|false\u00bb][et_pb_column_inner saved_specialty_column_type=\u00bb3_4&#8243; _builder_version=\u00bb4.0.6&#8243;][et_pb_text admin_label=\u00bbQui\u00e9nes somos\u00bb _builder_version=\u00bb4.4.9&#8243;] Santiagotarrak La Sociedad Deportiva Santiagotarrak es una\u00a0asociaci\u00f3n privada sin \u00e1nimo de lucro, [&hellip;]\" \/>\n<meta property=\"og:url\" content=\"https:\/\/www.santiagotarrak.com\/es\/el-club\/santiagotarrak\/\" \/>\n<meta property=\"og:site_name\" content=\"Santiagotarrak\" \/>\n<meta property=\"article:publisher\" content=\"http:\/\/www.facebook.com\/Santiagotarrak\/\" \/>\n<meta property=\"article:modified_time\" content=\"2023-04-05T09:16:54+00:00\" \/>\n<meta name=\"twitter:card\" content=\"summary_large_image\" \/>\n<meta name=\"twitter:label1\" content=\"Tiempo de lectura\" \/>\n\t<meta name=\"twitter:data1\" content=\"5 minutos\" \/>\n<script type=\"application\/ld+json\" class=\"yoast-schema-graph\">{\"@context\":\"https:\/\/schema.org\",\"@graph\":[{\"@type\":\"Organization\",\"@id\":\"https:\/\/www.santiagotarrak.com\/#organization\",\"name\":\"Santiagotarrak\",\"url\":\"https:\/\/www.santiagotarrak.com\/\",\"sameAs\":[\"http:\/\/www.facebook.com\/Santiagotarrak\/\",\"http:\/\/www.instagram.com\/santiagotarrak\/\"],\"logo\":{\"@type\":\"ImageObject\",\"@id\":\"https:\/\/www.santiagotarrak.com\/#logo\",\"inLanguage\":\"es\",\"url\":\"https:\/\/www.santiagotarrak.com\/wp-content\/uploads\/2020\/07\/santiagotarrak.jpg\",\"contentUrl\":\"https:\/\/www.santiagotarrak.com\/wp-content\/uploads\/2020\/07\/santiagotarrak.jpg\",\"width\":400,\"height\":96,\"caption\":\"Santiagotarrak\"},\"image\":{\"@id\":\"https:\/\/www.santiagotarrak.com\/#logo\"}},{\"@type\":\"WebSite\",\"@id\":\"https:\/\/www.santiagotarrak.com\/#website\",\"url\":\"https:\/\/www.santiagotarrak.com\/\",\"name\":\"Santiagotarrak\",\"description\":\"Pirag\\u00fcismo y remo en el r\\u00edo Bidasoa\",\"publisher\":{\"@id\":\"https:\/\/www.santiagotarrak.com\/#organization\"},\"potentialAction\":[{\"@type\":\"SearchAction\",\"target\":{\"@type\":\"EntryPoint\",\"urlTemplate\":\"https:\/\/www.santiagotarrak.com\/?s={search_term_string}\"},\"query-input\":\"required name=search_term_string\"}],\"inLanguage\":\"es\"},{\"@type\":\"WebPage\",\"@id\":\"https:\/\/www.santiagotarrak.com\/es\/el-club\/santiagotarrak\/#webpage\",\"url\":\"https:\/\/www.santiagotarrak.com\/es\/el-club\/santiagotarrak\/\",\"name\":\"Santiagotarrak - Santiagotarrak\",\"isPartOf\":{\"@id\":\"https:\/\/www.santiagotarrak.com\/#website\"},\"datePublished\":\"2020-06-25T21:06:46+00:00\",\"dateModified\":\"2023-04-05T09:16:54+00:00\",\"breadcrumb\":{\"@id\":\"https:\/\/www.santiagotarrak.com\/es\/el-club\/santiagotarrak\/#breadcrumb\"},\"inLanguage\":\"es\",\"potentialAction\":[{\"@type\":\"ReadAction\",\"target\":[\"https:\/\/www.santiagotarrak.com\/es\/el-club\/santiagotarrak\/\"]}]},{\"@type\":\"BreadcrumbList\",\"@id\":\"https:\/\/www.santiagotarrak.com\/es\/el-club\/santiagotarrak\/#breadcrumb\",\"itemListElement\":[{\"@type\":\"ListItem\",\"position\":1,\"name\":\"Portada\",\"item\":\"https:\/\/www.santiagotarrak.com\/es\/\"},{\"@type\":\"ListItem\",\"position\":2,\"name\":\"El club\",\"item\":\"https:\/\/www.santiagotarrak.com\/es\/el-club\/\"},{\"@type\":\"ListItem\",\"position\":3,\"name\":\"Santiagotarrak\"}]}]}<\/script>\n<!-- \/ Yoast SEO plugin. -->","yoast_head_json":{"title":"Santiagotarrak - Santiagotarrak","robots":{"index":"index","follow":"follow","max-snippet":"max-snippet:-1","max-image-preview":"max-image-preview:large","max-video-preview":"max-video-preview:-1"},"canonical":"https:\/\/www.santiagotarrak.com\/es\/el-club\/santiagotarrak\/","og_locale":"es_ES","og_type":"article","og_title":"Santiagotarrak - Santiagotarrak","og_description":"[et_pb_section fb_built=\u00bb1&#8243; module_class=\u00bbheader-section\u00bb _builder_version=\u00bb4.0.6&#8243; background_image=\u00bbhttps:\/\/www.santiagotarrak.com\/wp-content\/uploads\/2020\/03\/remo-header.jpg\u00bb background_position=\u00bbbottom_center\u00bb locked=\u00bboff\u00bb][et_pb_row _builder_version=\u00bb4.0.6&#8243;][et_pb_column type=\u00bb4_4&#8243; _builder_version=\u00bb4.0.6&#8243;][et_pb_text admin_label=\u00bbEl club\u00bb _builder_version=\u00bb4.0.6&#8243;] El club [\/et_pb_text][\/et_pb_column][\/et_pb_row][\/et_pb_section][et_pb_section fb_built=\u00bb1&#8243; specialty=\u00bbon\u00bb module_class_2=\u00bbcontent-column\u00bb module_class=\u00bbclub santiagotarrak\u00bb _builder_version=\u00bb4.0.6&#8243; locked=\u00bboff\u00bb][et_pb_column type=\u00bb1_4&#8243; _builder_version=\u00bb3.25&#8243; custom_padding=\u00bb|||\u00bb custom_padding__hover=\u00bb|||\u00bb][et_pb_menu menu_id=\u00bb7&#8243; module_class=\u00bbmenu-seccion\u00bb _builder_version=\u00bb4.0.6&#8243;][\/et_pb_menu][\/et_pb_column][et_pb_column type=\u00bb3_4&#8243; specialty_columns=\u00bb3&#8243; _builder_version=\u00bb3.25&#8243; custom_padding=\u00bb|||\u00bb custom_padding__hover=\u00bb|||\u00bb][et_pb_row_inner _builder_version=\u00bb4.0.6&#8243; custom_margin=\u00bb||0px||false|false\u00bb custom_padding=\u00bb||0px||false|false\u00bb][et_pb_column_inner saved_specialty_column_type=\u00bb3_4&#8243; _builder_version=\u00bb4.0.6&#8243;][et_pb_text admin_label=\u00bbQui\u00e9nes somos\u00bb _builder_version=\u00bb4.4.9&#8243;] Santiagotarrak La Sociedad Deportiva Santiagotarrak es una\u00a0asociaci\u00f3n privada sin \u00e1nimo de lucro, [&hellip;]","og_url":"https:\/\/www.santiagotarrak.com\/es\/el-club\/santiagotarrak\/","og_site_name":"Santiagotarrak","article_publisher":"http:\/\/www.facebook.com\/Santiagotarrak\/","article_modified_time":"2023-04-05T09:16:54+00:00","twitter_card":"summary_large_image","twitter_misc":{"Tiempo de lectura":"5 minutos"},"schema":{"@context":"https:\/\/schema.org","@graph":[{"@type":"Organization","@id":"https:\/\/www.santiagotarrak.com\/#organization","name":"Santiagotarrak","url":"https:\/\/www.santiagotarrak.com\/","sameAs":["http:\/\/www.facebook.com\/Santiagotarrak\/","http:\/\/www.instagram.com\/santiagotarrak\/"],"logo":{"@type":"ImageObject","@id":"https:\/\/www.santiagotarrak.com\/#logo","inLanguage":"es","url":"https:\/\/www.santiagotarrak.com\/wp-content\/uploads\/2020\/07\/santiagotarrak.jpg","contentUrl":"https:\/\/www.santiagotarrak.com\/wp-content\/uploads\/2020\/07\/santiagotarrak.jpg","width":400,"height":96,"caption":"Santiagotarrak"},"image":{"@id":"https:\/\/www.santiagotarrak.com\/#logo"}},{"@type":"WebSite","@id":"https:\/\/www.santiagotarrak.com\/#website","url":"https:\/\/www.santiagotarrak.com\/","name":"Santiagotarrak","description":"Pirag\u00fcismo y remo en el r\u00edo Bidasoa","publisher":{"@id":"https:\/\/www.santiagotarrak.com\/#organization"},"potentialAction":[{"@type":"SearchAction","target":{"@type":"EntryPoint","urlTemplate":"https:\/\/www.santiagotarrak.com\/?s={search_term_string}"},"query-input":"required name=search_term_string"}],"inLanguage":"es"},{"@type":"WebPage","@id":"https:\/\/www.santiagotarrak.com\/es\/el-club\/santiagotarrak\/#webpage","url":"https:\/\/www.santiagotarrak.com\/es\/el-club\/santiagotarrak\/","name":"Santiagotarrak - Santiagotarrak","isPartOf":{"@id":"https:\/\/www.santiagotarrak.com\/#website"},"datePublished":"2020-06-25T21:06:46+00:00","dateModified":"2023-04-05T09:16:54+00:00","breadcrumb":{"@id":"https:\/\/www.santiagotarrak.com\/es\/el-club\/santiagotarrak\/#breadcrumb"},"inLanguage":"es","potentialAction":[{"@type":"ReadAction","target":["https:\/\/www.santiagotarrak.com\/es\/el-club\/santiagotarrak\/"]}]},{"@type":"BreadcrumbList","@id":"https:\/\/www.santiagotarrak.com\/es\/el-club\/santiagotarrak\/#breadcrumb","itemListElement":[{"@type":"ListItem","position":1,"name":"Portada","item":"https:\/\/www.santiagotarrak.com\/es\/"},{"@type":"ListItem","position":2,"name":"El club","item":"https:\/\/www.santiagotarrak.com\/es\/el-club\/"},{"@type":"ListItem","position":3,"name":"Santiagotarrak"}]}]}},"_links":{"self":[{"href":"https:\/\/www.santiagotarrak.com\/es\/wp-json\/wp\/v2\/pages\/756"}],"collection":[{"href":"https:\/\/www.santiagotarrak.com\/es\/wp-json\/wp\/v2\/pages"}],"about":[{"href":"https:\/\/www.santiagotarrak.com\/es\/wp-json\/wp\/v2\/types\/page"}],"author":[{"embeddable":true,"href":"https:\/\/www.santiagotarrak.com\/es\/wp-json\/wp\/v2\/users\/1"}],"replies":[{"embeddable":true,"href":"https:\/\/www.santiagotarrak.com\/es\/wp-json\/wp\/v2\/comments?post=756"}],"version-history":[{"count":39,"href":"https:\/\/www.santiagotarrak.com\/es\/wp-json\/wp\/v2\/pages\/756\/revisions"}],"predecessor-version":[{"id":3459,"href":"https:\/\/www.santiagotarrak.com\/es\/wp-json\/wp\/v2\/pages\/756\/revisions\/3459"}],"up":[{"embeddable":true,"href":"https:\/\/www.santiagotarrak.com\/es\/wp-json\/wp\/v2\/pages\/214"}],"wp:attachment":[{"href":"https:\/\/www.santiagotarrak.com\/es\/wp-json\/wp\/v2\/media?parent=756"}],"curies":[{"name":"wp","href":"https:\/\/api.w.org\/{rel}","templated":true}]}}