{"id":946,"date":"2020-06-26T09:38:50","date_gmt":"2020-06-26T09:38:50","guid":{"rendered":"https:\/\/www.santiagotarrak.com\/?page_id=946"},"modified":"2021-02-25T12:12:43","modified_gmt":"2021-02-25T11:12:43","slug":"gimnasios","status":"publish","type":"page","link":"https:\/\/www.santiagotarrak.com\/es\/el-club\/instalaciones\/gimnasios\/","title":{"rendered":"Gimnasios"},"content":{"rendered":"<p>[et_pb_section fb_built=\u00bb1&#8243; module_class=\u00bbheader-section\u00bb _builder_version=\u00bb4.0.6&#8243; background_image=\u00bbhttps:\/\/www.santiagotarrak.com\/wp-content\/uploads\/2020\/03\/remo-header.jpg\u00bb background_position=\u00bbbottom_center\u00bb locked=\u00bboff\u00bb][et_pb_row _builder_version=\u00bb4.0.6&#8243;][et_pb_column type=\u00bb4_4&#8243; _builder_version=\u00bb4.0.6&#8243;][et_pb_text admin_label=\u00bbEl club\u00bb _builder_version=\u00bb4.0.6&#8243;]<\/p>\n<p class=\"header-h1\">El club<\/p>\n<p>[\/et_pb_text][\/et_pb_column][\/et_pb_row][\/et_pb_section][et_pb_section fb_built=\u00bb1&#8243; specialty=\u00bbon\u00bb module_class_2=\u00bbcontent-column\u00bb module_class=\u00bbclub santiagotarrak\u00bb _builder_version=\u00bb4.0.6&#8243; locked=\u00bboff\u00bb][et_pb_column type=\u00bb1_4&#8243; _builder_version=\u00bb3.25&#8243; custom_padding=\u00bb|||\u00bb custom_padding__hover=\u00bb|||\u00bb][et_pb_menu menu_id=\u00bb7&#8243; module_class=\u00bbmenu-seccion\u00bb _builder_version=\u00bb4.0.6&#8243;][\/et_pb_menu][\/et_pb_column][et_pb_column type=\u00bb3_4&#8243; specialty_columns=\u00bb3&#8243; _builder_version=\u00bb3.25&#8243; custom_padding=\u00bb|||\u00bb custom_padding__hover=\u00bb|||\u00bb][et_pb_row_inner _builder_version=\u00bb4.0.6&#8243; custom_margin=\u00bb||0px||false|false\u00bb custom_padding=\u00bb||0px||false|false\u00bb][et_pb_column_inner saved_specialty_column_type=\u00bb3_4&#8243; _builder_version=\u00bb4.0.6&#8243;][et_pb_text admin_label=\u00bbGimnasios\u00bb _builder_version=\u00bb4.0.6&#8243;]<\/p>\n<h1>Gimnasios<\/h1>\n<p>[\/et_pb_text][et_pb_text admin_label=\u00bbGimnasio de abonados\u00bb _builder_version=\u00bb4.8.1&#8243; hover_enabled=\u00bb0&#8243; sticky_enabled=\u00bb0&#8243;]<\/p>\n<h2><strong>Gimnasio de abonados<\/strong><\/h2>\n<p>El gimnasio n\u00famero 4 es el gimnasio de los abonados, por lo cual s\u00f3lo tienen acceso a \u00e9l los mismos.<\/p>\n<p>[\/et_pb_text][et_pb_text admin_label=\u00bbGimnasio de abonados &#8211; Equipaci\u00f3n\u00bb module_class=\u00bbgimnasios-equipacion\u00bb _builder_version=\u00bb4.0.6&#8243;]<\/p>\n<h3>Equipaci\u00f3n<\/h3>\n<ul>\n<li>Erg\u00f3metros de remo<\/li>\n<li>Erg\u00f3metros de pirag\u00fcismo<\/li>\n<li>Bicicletas est\u00e1ticas<\/li>\n<li>Bicicletas de spinning<\/li>\n<li>Una m\u00e1quina de prensa<\/li>\n<li>Tablas de dorsal y pectoral<\/li>\n<li>Mancuernas<\/li>\n<li>Una m\u00e1quina de \u00edsquios<\/li>\n<li>Un inversor<\/li>\n<li>Colchonetas y espalderas<\/li>\n<\/ul>\n<p>[\/et_pb_text][et_pb_slider module_class=\u00bbgimnasios-slider\u00bb _builder_version=\u00bb4.8.1&#8243; auto=\u00bbon\u00bb auto_speed=\u00bb3000&#8243; hover_enabled=\u00bb0&#8243; sticky_enabled=\u00bb0&#8243;][et_pb_slide _builder_version=\u00bb4.6.2&#8243; background_enable_color=\u00bboff\u00bb background_image=\u00bbhttps:\/\/www.santiagotarrak.com\/wp-content\/uploads\/2021\/01\/gimnasio-abonados-01.jpg\u00bb background_enable_image=\u00bbon\u00bb sticky_transition=\u00bbon\u00bb][\/et_pb_slide][et_pb_slide _builder_version=\u00bb4.6.2&#8243; background_enable_color=\u00bboff\u00bb background_image=\u00bbhttps:\/\/www.santiagotarrak.com\/wp-content\/uploads\/2021\/01\/gimnasio-abonados-02.jpg\u00bb background_enable_image=\u00bbon\u00bb sticky_transition=\u00bbon\u00bb][\/et_pb_slide][et_pb_slide _builder_version=\u00bb4.6.2&#8243; background_enable_color=\u00bboff\u00bb background_image=\u00bbhttps:\/\/www.santiagotarrak.com\/wp-content\/uploads\/2021\/01\/gimnasio-abonados-03.jpg\u00bb background_enable_image=\u00bbon\u00bb sticky_transition=\u00bbon\u00bb][\/et_pb_slide][et_pb_slide _builder_version=\u00bb4.8.1&#8243; background_enable_color=\u00bboff\u00bb background_image=\u00bbhttps:\/\/www.santiagotarrak.com\/wp-content\/uploads\/2021\/02\/Gym-abonados-9-scaled.jpg\u00bb background_enable_image=\u00bbon\u00bb hover_enabled=\u00bb0&#8243; sticky_transition=\u00bbon\u00bb title_text=\u00bbGym abonados 9&#8243; sticky_enabled=\u00bb0&#8243;][\/et_pb_slide][et_pb_slide _builder_version=\u00bb4.8.1&#8243; background_enable_color=\u00bboff\u00bb background_image=\u00bbhttps:\/\/www.santiagotarrak.com\/wp-content\/uploads\/2021\/02\/Gym-abonados-11-scaled.jpg\u00bb background_enable_image=\u00bbon\u00bb hover_enabled=\u00bb0&#8243; sticky_transition=\u00bbon\u00bb title_text=\u00bbGym abonados 11&#8243; sticky_enabled=\u00bb0&#8243;][\/et_pb_slide][\/et_pb_slider][et_pb_divider _builder_version=\u00bb4.0.6&#8243;][\/et_pb_divider][\/et_pb_column_inner][\/et_pb_row_inner][et_pb_row_inner _builder_version=\u00bb4.0.6&#8243; custom_margin=\u00bb||0px||false|false\u00bb custom_padding=\u00bb||0px||false|false\u00bb][et_pb_column_inner saved_specialty_column_type=\u00bb3_4&#8243; _builder_version=\u00bb4.0.6&#8243;][et_pb_text admin_label=\u00bbGimnasio de pista\u00bb _builder_version=\u00bb4.8.1&#8243; hover_enabled=\u00bb0&#8243; sticky_enabled=\u00bb0&#8243;]<\/p>\n<h2><strong>Gimnasio de pista<\/strong><\/h2>\n<p>El gimnasio n\u00famero 1 es el empleado por los integrantes de las secciones de pirag\u00fcismo de pista<\/p>\n<p>[\/et_pb_text][et_pb_text admin_label=\u00bbGimnasio &#8211; Equipaci\u00f3n\u00bb module_class=\u00bbgimnasios-equipacion\u00bb _builder_version=\u00bb4.8.1&#8243; hover_enabled=\u00bb0&#8243; sticky_enabled=\u00bb0&#8243;]<\/p>\n<h3>Equipaci\u00f3n<\/h3>\n<ul>\n<li>Un erg\u00f3metro de pirag\u00fcismo<\/li>\n<li>Tablas de dorsal y pectoral<\/li>\n<li>M\u00e1quinas de dorsal y abdonimnales<\/li>\n<li>Mancuernas<\/li>\n<li>Una barra fija<\/li>\n<li>Una bicicleta est\u00e1tica<\/li>\n<li>Colchonetas y espalderas<\/li>\n<\/ul>\n<p>[\/et_pb_text][et_pb_slider module_class=\u00bbgimnasios-slider\u00bb _builder_version=\u00bb4.8.1&#8243; auto=\u00bbon\u00bb auto_speed=\u00bb3000&#8243; hover_enabled=\u00bb0&#8243; sticky_enabled=\u00bb0&#8243;][et_pb_slide _builder_version=\u00bb4.8.1&#8243; background_enable_color=\u00bboff\u00bb background_image=\u00bbhttps:\/\/www.santiagotarrak.com\/wp-content\/uploads\/2021\/01\/gimnasio-piraguismo-02.jpg\u00bb background_enable_image=\u00bbon\u00bb hover_enabled=\u00bb0&#8243; sticky_transition=\u00bbon\u00bb sticky_enabled=\u00bb0&#8243;][\/et_pb_slide][\/et_pb_slider][et_pb_divider _builder_version=\u00bb4.0.6&#8243;][\/et_pb_divider][\/et_pb_column_inner][\/et_pb_row_inner][et_pb_row_inner _builder_version=\u00bb4.0.6&#8243; custom_margin=\u00bb||0px||false|false\u00bb custom_padding=\u00bb||0px||false|false\u00bb][et_pb_column_inner saved_specialty_column_type=\u00bb3_4&#8243; _builder_version=\u00bb4.0.6&#8243;][et_pb_text admin_label=\u00bbGimnasio de remo\u00bb _builder_version=\u00bb4.6.2&#8243;]<\/p>\n<h2><strong>Gimnasio remo<\/strong><\/h2>\n<p>El gimnasio n\u00famero 2 es el empleado por la secci\u00f3n de remo<\/p>\n<p>[\/et_pb_text][et_pb_text admin_label=\u00bbGimnasio de remo &#8211; Equipaci\u00f3n\u00bb module_class=\u00bbgimnasios-equipacion\u00bb _builder_version=\u00bb4.0.6&#8243;]<\/p>\n<h3>Equipaci\u00f3n<\/h3>\n<ul>\n<li>Erg\u00f3metros de remo<\/li>\n<li>M\u00e1quinas de prensa<\/li>\n<li>M\u00e1quinas de sentadilla<\/li>\n<li>M\u00e1quinas de dorsal<\/li>\n<li>Tablas de dorsal y pectoral<\/li>\n<li>Mancuernas<\/li>\n<li>Una bicicleta est\u00e1tica<\/li>\n<li>Colchonetas, espalderas y una barra fija<\/li>\n<\/ul>\n<p>[\/et_pb_text][et_pb_slider module_class=\u00bbgimnasios-slider\u00bb _builder_version=\u00bb4.6.2&#8243; hover_enabled=\u00bb0&#8243; sticky_enabled=\u00bb0&#8243;][et_pb_slide _builder_version=\u00bb4.6.2&#8243; background_enable_color=\u00bboff\u00bb background_image=\u00bbhttps:\/\/www.santiagotarrak.com\/wp-content\/uploads\/2021\/01\/gimnasio-remo-01.jpg\u00bb background_enable_image=\u00bbon\u00bb sticky_transition=\u00bbon\u00bb][\/et_pb_slide][\/et_pb_slider][et_pb_divider _builder_version=\u00bb4.0.6&#8243;][\/et_pb_divider][\/et_pb_column_inner][\/et_pb_row_inner][et_pb_row_inner _builder_version=\u00bb4.0.6&#8243; custom_margin=\u00bb||0px||false|false\u00bb custom_padding=\u00bb||0px||false|false\u00bb][et_pb_column_inner saved_specialty_column_type=\u00bb3_4&#8243; _builder_version=\u00bb4.0.6&#8243;][et_pb_text admin_label=\u00bbGimnasio de aguas bravas\u00bb _builder_version=\u00bb4.8.1&#8243; hover_enabled=\u00bb0&#8243; sticky_enabled=\u00bb0&#8243;]<\/p>\n<h2><strong>Gimnasio de aguas bravas<\/strong><\/h2>\n<p>El gimnasio n\u00famero 3 es el empleado por los integrantes de las secciones de pirag\u00fcismo de aguas bravas<\/p>\n<p>[\/et_pb_text][et_pb_text admin_label=\u00bbGimnasio &#8211; Equipaci\u00f3n\u00bb module_class=\u00bbgimnasios-equipacion\u00bb _builder_version=\u00bb4.6.2&#8243;]<\/p>\n<h3>Equipaci\u00f3n<\/h3>\n<ul>\n<li>Un erg\u00f3metro de pirag\u00fcismo<\/li>\n<li>Tablas de dorsal y pectoral<\/li>\n<li>M\u00e1quinas de dorsal y abdonimnales<\/li>\n<li>Mancuernas<\/li>\n<li>Una barra fija<\/li>\n<li>Una bicicleta est\u00e1tica<\/li>\n<li>Colchonetas y espalderas<\/li>\n<\/ul>\n<p>[\/et_pb_text][et_pb_slider module_class=\u00bbgimnasios-slider\u00bb _builder_version=\u00bb4.8.1&#8243; auto=\u00bbon\u00bb auto_speed=\u00bb3000&#8243; hover_enabled=\u00bb0&#8243; sticky_enabled=\u00bb0&#8243;][et_pb_slide _builder_version=\u00bb4.6.2&#8243; background_enable_color=\u00bboff\u00bb background_image=\u00bbhttps:\/\/www.santiagotarrak.com\/wp-content\/uploads\/2021\/01\/gimnasio-piraguismo-01.jpg\u00bb background_enable_image=\u00bbon\u00bb sticky_transition=\u00bbon\u00bb][\/et_pb_slide][\/et_pb_slider][\/et_pb_column_inner][\/et_pb_row_inner][\/et_pb_column][\/et_pb_section]<\/p>\n","protected":false},"excerpt":{"rendered":"<p>[et_pb_section fb_built=\u00bb1&#8243; module_class=\u00bbheader-section\u00bb _builder_version=\u00bb4.0.6&#8243; background_image=\u00bbhttps:\/\/www.santiagotarrak.com\/wp-content\/uploads\/2020\/03\/remo-header.jpg\u00bb background_position=\u00bbbottom_center\u00bb locked=\u00bboff\u00bb][et_pb_row _builder_version=\u00bb4.0.6&#8243;][et_pb_column type=\u00bb4_4&#8243; _builder_version=\u00bb4.0.6&#8243;][et_pb_text admin_label=\u00bbEl club\u00bb _builder_version=\u00bb4.0.6&#8243;] El club [\/et_pb_text][\/et_pb_column][\/et_pb_row][\/et_pb_section][et_pb_section fb_built=\u00bb1&#8243; specialty=\u00bbon\u00bb module_class_2=\u00bbcontent-column\u00bb module_class=\u00bbclub santiagotarrak\u00bb _builder_version=\u00bb4.0.6&#8243; locked=\u00bboff\u00bb][et_pb_column type=\u00bb1_4&#8243; _builder_version=\u00bb3.25&#8243; custom_padding=\u00bb|||\u00bb custom_padding__hover=\u00bb|||\u00bb][et_pb_menu menu_id=\u00bb7&#8243; module_class=\u00bbmenu-seccion\u00bb _builder_version=\u00bb4.0.6&#8243;][\/et_pb_menu][\/et_pb_column][et_pb_column type=\u00bb3_4&#8243; specialty_columns=\u00bb3&#8243; _builder_version=\u00bb3.25&#8243; custom_padding=\u00bb|||\u00bb custom_padding__hover=\u00bb|||\u00bb][et_pb_row_inner _builder_version=\u00bb4.0.6&#8243; custom_margin=\u00bb||0px||false|false\u00bb custom_padding=\u00bb||0px||false|false\u00bb][et_pb_column_inner saved_specialty_column_type=\u00bb3_4&#8243; _builder_version=\u00bb4.0.6&#8243;][et_pb_text admin_label=\u00bbGimnasios\u00bb _builder_version=\u00bb4.0.6&#8243;] Gimnasios [\/et_pb_text][et_pb_text admin_label=\u00bbGimnasio de abonados\u00bb _builder_version=\u00bb4.8.1&#8243; hover_enabled=\u00bb0&#8243; sticky_enabled=\u00bb0&#8243;] Gimnasio de abonados El gimnasio [&hellip;]<\/p>\n","protected":false},"author":1,"featured_media":0,"parent":752,"menu_order":2,"comment_status":"closed","ping_status":"closed","template":"","meta":{"_et_pb_use_builder":"on","_et_pb_old_content":"","_et_gb_content_width":""},"yoast_head":"<!-- This site is optimized with the Yoast SEO plugin v17.5 - https:\/\/yoast.com\/wordpress\/plugins\/seo\/ -->\n<title>Gimnasios - Santiagotarrak<\/title>\n<meta name=\"robots\" content=\"index, follow, max-snippet:-1, max-image-preview:large, max-video-preview:-1\" \/>\n<link rel=\"canonical\" href=\"https:\/\/www.santiagotarrak.com\/es\/el-club\/instalaciones\/gimnasios\/\" \/>\n<meta property=\"og:locale\" content=\"es_ES\" \/>\n<meta property=\"og:type\" content=\"article\" \/>\n<meta property=\"og:title\" content=\"Gimnasios - Santiagotarrak\" \/>\n<meta property=\"og:description\" content=\"[et_pb_section fb_built=\u00bb1&#8243; module_class=\u00bbheader-section\u00bb _builder_version=\u00bb4.0.6&#8243; background_image=\u00bbhttps:\/\/www.santiagotarrak.com\/wp-content\/uploads\/2020\/03\/remo-header.jpg\u00bb background_position=\u00bbbottom_center\u00bb locked=\u00bboff\u00bb][et_pb_row _builder_version=\u00bb4.0.6&#8243;][et_pb_column type=\u00bb4_4&#8243; _builder_version=\u00bb4.0.6&#8243;][et_pb_text admin_label=\u00bbEl club\u00bb _builder_version=\u00bb4.0.6&#8243;] El club [\/et_pb_text][\/et_pb_column][\/et_pb_row][\/et_pb_section][et_pb_section fb_built=\u00bb1&#8243; specialty=\u00bbon\u00bb module_class_2=\u00bbcontent-column\u00bb module_class=\u00bbclub santiagotarrak\u00bb _builder_version=\u00bb4.0.6&#8243; locked=\u00bboff\u00bb][et_pb_column type=\u00bb1_4&#8243; _builder_version=\u00bb3.25&#8243; custom_padding=\u00bb|||\u00bb custom_padding__hover=\u00bb|||\u00bb][et_pb_menu menu_id=\u00bb7&#8243; module_class=\u00bbmenu-seccion\u00bb _builder_version=\u00bb4.0.6&#8243;][\/et_pb_menu][\/et_pb_column][et_pb_column type=\u00bb3_4&#8243; specialty_columns=\u00bb3&#8243; _builder_version=\u00bb3.25&#8243; custom_padding=\u00bb|||\u00bb custom_padding__hover=\u00bb|||\u00bb][et_pb_row_inner _builder_version=\u00bb4.0.6&#8243; custom_margin=\u00bb||0px||false|false\u00bb custom_padding=\u00bb||0px||false|false\u00bb][et_pb_column_inner saved_specialty_column_type=\u00bb3_4&#8243; _builder_version=\u00bb4.0.6&#8243;][et_pb_text admin_label=\u00bbGimnasios\u00bb _builder_version=\u00bb4.0.6&#8243;] Gimnasios [\/et_pb_text][et_pb_text admin_label=\u00bbGimnasio de abonados\u00bb _builder_version=\u00bb4.8.1&#8243; hover_enabled=\u00bb0&#8243; sticky_enabled=\u00bb0&#8243;] Gimnasio de abonados El gimnasio [&hellip;]\" \/>\n<meta property=\"og:url\" content=\"https:\/\/www.santiagotarrak.com\/es\/el-club\/instalaciones\/gimnasios\/\" \/>\n<meta property=\"og:site_name\" content=\"Santiagotarrak\" \/>\n<meta property=\"article:publisher\" content=\"http:\/\/www.facebook.com\/Santiagotarrak\/\" \/>\n<meta property=\"article:modified_time\" content=\"2021-02-25T11:12:43+00:00\" \/>\n<meta name=\"twitter:card\" content=\"summary_large_image\" \/>\n<meta name=\"twitter:label1\" content=\"Tiempo de lectura\" \/>\n\t<meta name=\"twitter:data1\" content=\"5 minutos\" \/>\n<script type=\"application\/ld+json\" class=\"yoast-schema-graph\">{\"@context\":\"https:\/\/schema.org\",\"@graph\":[{\"@type\":\"Organization\",\"@id\":\"https:\/\/www.santiagotarrak.com\/#organization\",\"name\":\"Santiagotarrak\",\"url\":\"https:\/\/www.santiagotarrak.com\/\",\"sameAs\":[\"http:\/\/www.facebook.com\/Santiagotarrak\/\",\"http:\/\/www.instagram.com\/santiagotarrak\/\"],\"logo\":{\"@type\":\"ImageObject\",\"@id\":\"https:\/\/www.santiagotarrak.com\/#logo\",\"inLanguage\":\"es\",\"url\":\"https:\/\/www.santiagotarrak.com\/wp-content\/uploads\/2020\/07\/santiagotarrak.jpg\",\"contentUrl\":\"https:\/\/www.santiagotarrak.com\/wp-content\/uploads\/2020\/07\/santiagotarrak.jpg\",\"width\":400,\"height\":96,\"caption\":\"Santiagotarrak\"},\"image\":{\"@id\":\"https:\/\/www.santiagotarrak.com\/#logo\"}},{\"@type\":\"WebSite\",\"@id\":\"https:\/\/www.santiagotarrak.com\/#website\",\"url\":\"https:\/\/www.santiagotarrak.com\/\",\"name\":\"Santiagotarrak\",\"description\":\"Pirag\\u00fcismo y remo en el r\\u00edo Bidasoa\",\"publisher\":{\"@id\":\"https:\/\/www.santiagotarrak.com\/#organization\"},\"potentialAction\":[{\"@type\":\"SearchAction\",\"target\":{\"@type\":\"EntryPoint\",\"urlTemplate\":\"https:\/\/www.santiagotarrak.com\/?s={search_term_string}\"},\"query-input\":\"required name=search_term_string\"}],\"inLanguage\":\"es\"},{\"@type\":\"WebPage\",\"@id\":\"https:\/\/www.santiagotarrak.com\/es\/el-club\/instalaciones\/gimnasios\/#webpage\",\"url\":\"https:\/\/www.santiagotarrak.com\/es\/el-club\/instalaciones\/gimnasios\/\",\"name\":\"Gimnasios - Santiagotarrak\",\"isPartOf\":{\"@id\":\"https:\/\/www.santiagotarrak.com\/#website\"},\"datePublished\":\"2020-06-26T09:38:50+00:00\",\"dateModified\":\"2021-02-25T11:12:43+00:00\",\"breadcrumb\":{\"@id\":\"https:\/\/www.santiagotarrak.com\/es\/el-club\/instalaciones\/gimnasios\/#breadcrumb\"},\"inLanguage\":\"es\",\"potentialAction\":[{\"@type\":\"ReadAction\",\"target\":[\"https:\/\/www.santiagotarrak.com\/es\/el-club\/instalaciones\/gimnasios\/\"]}]},{\"@type\":\"BreadcrumbList\",\"@id\":\"https:\/\/www.santiagotarrak.com\/es\/el-club\/instalaciones\/gimnasios\/#breadcrumb\",\"itemListElement\":[{\"@type\":\"ListItem\",\"position\":1,\"name\":\"Portada\",\"item\":\"https:\/\/www.santiagotarrak.com\/es\/\"},{\"@type\":\"ListItem\",\"position\":2,\"name\":\"El club\",\"item\":\"https:\/\/www.santiagotarrak.com\/es\/el-club\/\"},{\"@type\":\"ListItem\",\"position\":3,\"name\":\"Instalaciones\",\"item\":\"https:\/\/www.santiagotarrak.com\/es\/el-club\/instalaciones\/\"},{\"@type\":\"ListItem\",\"position\":4,\"name\":\"Gimnasios\"}]}]}<\/script>\n<!-- \/ Yoast SEO plugin. -->","yoast_head_json":{"title":"Gimnasios - Santiagotarrak","robots":{"index":"index","follow":"follow","max-snippet":"max-snippet:-1","max-image-preview":"max-image-preview:large","max-video-preview":"max-video-preview:-1"},"canonical":"https:\/\/www.santiagotarrak.com\/es\/el-club\/instalaciones\/gimnasios\/","og_locale":"es_ES","og_type":"article","og_title":"Gimnasios - Santiagotarrak","og_description":"[et_pb_section fb_built=\u00bb1&#8243; module_class=\u00bbheader-section\u00bb _builder_version=\u00bb4.0.6&#8243; background_image=\u00bbhttps:\/\/www.santiagotarrak.com\/wp-content\/uploads\/2020\/03\/remo-header.jpg\u00bb background_position=\u00bbbottom_center\u00bb locked=\u00bboff\u00bb][et_pb_row _builder_version=\u00bb4.0.6&#8243;][et_pb_column type=\u00bb4_4&#8243; _builder_version=\u00bb4.0.6&#8243;][et_pb_text admin_label=\u00bbEl club\u00bb _builder_version=\u00bb4.0.6&#8243;] El club [\/et_pb_text][\/et_pb_column][\/et_pb_row][\/et_pb_section][et_pb_section fb_built=\u00bb1&#8243; specialty=\u00bbon\u00bb module_class_2=\u00bbcontent-column\u00bb module_class=\u00bbclub santiagotarrak\u00bb _builder_version=\u00bb4.0.6&#8243; locked=\u00bboff\u00bb][et_pb_column type=\u00bb1_4&#8243; _builder_version=\u00bb3.25&#8243; custom_padding=\u00bb|||\u00bb custom_padding__hover=\u00bb|||\u00bb][et_pb_menu menu_id=\u00bb7&#8243; module_class=\u00bbmenu-seccion\u00bb _builder_version=\u00bb4.0.6&#8243;][\/et_pb_menu][\/et_pb_column][et_pb_column type=\u00bb3_4&#8243; specialty_columns=\u00bb3&#8243; _builder_version=\u00bb3.25&#8243; custom_padding=\u00bb|||\u00bb custom_padding__hover=\u00bb|||\u00bb][et_pb_row_inner _builder_version=\u00bb4.0.6&#8243; custom_margin=\u00bb||0px||false|false\u00bb custom_padding=\u00bb||0px||false|false\u00bb][et_pb_column_inner saved_specialty_column_type=\u00bb3_4&#8243; _builder_version=\u00bb4.0.6&#8243;][et_pb_text admin_label=\u00bbGimnasios\u00bb _builder_version=\u00bb4.0.6&#8243;] Gimnasios [\/et_pb_text][et_pb_text admin_label=\u00bbGimnasio de abonados\u00bb _builder_version=\u00bb4.8.1&#8243; hover_enabled=\u00bb0&#8243; sticky_enabled=\u00bb0&#8243;] Gimnasio de abonados El gimnasio [&hellip;]","og_url":"https:\/\/www.santiagotarrak.com\/es\/el-club\/instalaciones\/gimnasios\/","og_site_name":"Santiagotarrak","article_publisher":"http:\/\/www.facebook.com\/Santiagotarrak\/","article_modified_time":"2021-02-25T11:12:43+00:00","twitter_card":"summary_large_image","twitter_misc":{"Tiempo de lectura":"5 minutos"},"schema":{"@context":"https:\/\/schema.org","@graph":[{"@type":"Organization","@id":"https:\/\/www.santiagotarrak.com\/#organization","name":"Santiagotarrak","url":"https:\/\/www.santiagotarrak.com\/","sameAs":["http:\/\/www.facebook.com\/Santiagotarrak\/","http:\/\/www.instagram.com\/santiagotarrak\/"],"logo":{"@type":"ImageObject","@id":"https:\/\/www.santiagotarrak.com\/#logo","inLanguage":"es","url":"https:\/\/www.santiagotarrak.com\/wp-content\/uploads\/2020\/07\/santiagotarrak.jpg","contentUrl":"https:\/\/www.santiagotarrak.com\/wp-content\/uploads\/2020\/07\/santiagotarrak.jpg","width":400,"height":96,"caption":"Santiagotarrak"},"image":{"@id":"https:\/\/www.santiagotarrak.com\/#logo"}},{"@type":"WebSite","@id":"https:\/\/www.santiagotarrak.com\/#website","url":"https:\/\/www.santiagotarrak.com\/","name":"Santiagotarrak","description":"Pirag\u00fcismo y remo en el r\u00edo Bidasoa","publisher":{"@id":"https:\/\/www.santiagotarrak.com\/#organization"},"potentialAction":[{"@type":"SearchAction","target":{"@type":"EntryPoint","urlTemplate":"https:\/\/www.santiagotarrak.com\/?s={search_term_string}"},"query-input":"required name=search_term_string"}],"inLanguage":"es"},{"@type":"WebPage","@id":"https:\/\/www.santiagotarrak.com\/es\/el-club\/instalaciones\/gimnasios\/#webpage","url":"https:\/\/www.santiagotarrak.com\/es\/el-club\/instalaciones\/gimnasios\/","name":"Gimnasios - Santiagotarrak","isPartOf":{"@id":"https:\/\/www.santiagotarrak.com\/#website"},"datePublished":"2020-06-26T09:38:50+00:00","dateModified":"2021-02-25T11:12:43+00:00","breadcrumb":{"@id":"https:\/\/www.santiagotarrak.com\/es\/el-club\/instalaciones\/gimnasios\/#breadcrumb"},"inLanguage":"es","potentialAction":[{"@type":"ReadAction","target":["https:\/\/www.santiagotarrak.com\/es\/el-club\/instalaciones\/gimnasios\/"]}]},{"@type":"BreadcrumbList","@id":"https:\/\/www.santiagotarrak.com\/es\/el-club\/instalaciones\/gimnasios\/#breadcrumb","itemListElement":[{"@type":"ListItem","position":1,"name":"Portada","item":"https:\/\/www.santiagotarrak.com\/es\/"},{"@type":"ListItem","position":2,"name":"El club","item":"https:\/\/www.santiagotarrak.com\/es\/el-club\/"},{"@type":"ListItem","position":3,"name":"Instalaciones","item":"https:\/\/www.santiagotarrak.com\/es\/el-club\/instalaciones\/"},{"@type":"ListItem","position":4,"name":"Gimnasios"}]}]}},"_links":{"self":[{"href":"https:\/\/www.santiagotarrak.com\/es\/wp-json\/wp\/v2\/pages\/946"}],"collection":[{"href":"https:\/\/www.santiagotarrak.com\/es\/wp-json\/wp\/v2\/pages"}],"about":[{"href":"https:\/\/www.santiagotarrak.com\/es\/wp-json\/wp\/v2\/types\/page"}],"author":[{"embeddable":true,"href":"https:\/\/www.santiagotarrak.com\/es\/wp-json\/wp\/v2\/users\/1"}],"replies":[{"embeddable":true,"href":"https:\/\/www.santiagotarrak.com\/es\/wp-json\/wp\/v2\/comments?post=946"}],"version-history":[{"count":23,"href":"https:\/\/www.santiagotarrak.com\/es\/wp-json\/wp\/v2\/pages\/946\/revisions"}],"predecessor-version":[{"id":2093,"href":"https:\/\/www.santiagotarrak.com\/es\/wp-json\/wp\/v2\/pages\/946\/revisions\/2093"}],"up":[{"embeddable":true,"href":"https:\/\/www.santiagotarrak.com\/es\/wp-json\/wp\/v2\/pages\/752"}],"wp:attachment":[{"href":"https:\/\/www.santiagotarrak.com\/es\/wp-json\/wp\/v2\/media?parent=946"}],"curies":[{"name":"wp","href":"https:\/\/api.w.org\/{rel}","templated":true}]}}