{"id":1560,"date":"2020-09-18T07:13:14","date_gmt":"2020-09-18T07:13:14","guid":{"rendered":"https:\/\/www.santiagotarrak.com\/?page_id=1560"},"modified":"2021-03-04T14:58:12","modified_gmt":"2021-03-04T13:58:12","slug":"historia","status":"publish","type":"page","link":"https:\/\/www.santiagotarrak.com\/eu\/kluba\/historia\/","title":{"rendered":"Historia"},"content":{"rendered":"<p>[et_pb_section fb_built=&#8221;1&#8243; module_class=&#8221;header-section&#8221; _builder_version=&#8221;4.8.1&#8243; background_image=&#8221;https:\/\/www.santiagotarrak.com\/wp-content\/uploads\/2021\/02\/santiagotarrak-culmina_1.jpg&#8221; background_position=&#8221;top_center&#8221; hover_enabled=&#8221;0&#8243; locked=&#8221;off&#8221; title_text=&#8221;santiagotarrak-culmina_1&#8243; sticky_enabled=&#8221;0&#8243;][et_pb_row _builder_version=&#8221;4.0.6&#8243;][et_pb_column type=&#8221;4_4&#8243; _builder_version=&#8221;4.0.6&#8243;][et_pb_text admin_label=&#8221;El club&#8221; _builder_version=&#8221;4.4.9&#8243;]<\/p>\n<p class=\"header-h1\">Kluba<\/p>\n<p>[\/et_pb_text][\/et_pb_column][\/et_pb_row][\/et_pb_section][et_pb_section fb_built=&#8221;1&#8243; specialty=&#8221;on&#8221; module_class_2=&#8221;content-column&#8221; module_class=&#8221;club historia&#8221; _builder_version=&#8221;4.0.6&#8243; locked=&#8221;off&#8221;][et_pb_column type=&#8221;1_4&#8243; _builder_version=&#8221;3.25&#8243; custom_padding=&#8221;|||&#8221; custom_padding__hover=&#8221;|||&#8221;][et_pb_menu menu_id=&#8221;7&#8243; module_class=&#8221;menu-seccion&#8221; _builder_version=&#8221;4.0.6&#8243;][\/et_pb_menu][\/et_pb_column][et_pb_column type=&#8221;3_4&#8243; specialty_columns=&#8221;3&#8243; _builder_version=&#8221;3.25&#8243; custom_padding=&#8221;|||&#8221; custom_padding__hover=&#8221;|||&#8221;][et_pb_row_inner use_custom_gutter=&#8221;on&#8221; gutter_width=&#8221;1&#8243; _builder_version=&#8221;4.0.6&#8243; custom_margin=&#8221;||0px||false|false&#8221; custom_padding=&#8221;||0px||false|false&#8221;][et_pb_column_inner saved_specialty_column_type=&#8221;3_4&#8243; _builder_version=&#8221;4.0.6&#8243;][et_pb_text admin_label=&#8221;Historia&#8221; _builder_version=&#8221;4.4.9&#8243;]<\/p>\n<h1>Historia<\/h1>\n<p>1930-1940 urteetan jada arraunean aritzen ziren Santiago auzoan. Berez, garai horretan, 1935 aldera, agirietan jasota dago auzo honek lehenengo trainerua urtera atera zuela behinik behin..<\/p>\n<p>Garai hartan ez zegoen aukera handiegirik kirola egiteko eta futbolaren atzetik arrauna izango zen Santiago auzoko gazteentzat kirol jarduerarik nagusienetako bat.<\/p>\n<p>Santiago auzoa jende xumeak osatzen zuen, batzuek Palmeran, Pospolo fabrikan, CAF lantegietan lan egiten zuten. Beste batzuk irletan baratzeko lanetara, ibaitik hondarra ateratzera eta abar dedikatzen ziren, orokorrean, jende maitekorra, umore onekoa, hizlaria, bizitzeko baliabide askokoa zen, Bidasoa arnasgune hartuta, Santiago auzoko bizilagunen izaera landu zuelarik.<\/p>\n<p>1960an, Santiagotarrak elkarte hau sortu zutenek batelen estropadetan parte hartzen zuten, Bidasoa Ibaiaren Nazioarteko I. Jaitsiera antolatzeko ideia formalizatu zen arte (1967ko uztailaren 30a).<\/p>\n<p>Jaitsiera horrek, kirol jarduera bat izateaz gain, askoz ere gehiago sinbolizatzen zuen eta, gainera, kontzertuak, Uranzu pilotalekuan piraguen berbenak, Behobiako nautika eta abar ere egiten ziren. Ikus daitekeenez, kirol ekitaldi huts bat baino askoz ere gehiago zen.<\/p>\n<p>Ekintza hori oso ideia ona zela ikusita, Udala bera ere buru-belarri laguntzen hasi zen eta Obretako Brigada ere gure esku jarri zuen. Juanito Carazo buruzagiaren esanetara Endarlasako presan arrapala bat jarri zuten pasabidea errazteko eta jaitsiera horretan arriskuak saihesteko.<\/p>\n<p>1962-1965 garaian gure elkarteak legalizatu beharra zeukan.<\/p>\n<p>Hori dela eta, Santiagotarrak Kirol Elkartea 1965ean sortu zen.<\/p>\n<p>Horretarako, eta Jose Ignacio Galarzaren zuzendaritzapean (Piraguismoko Gipuzkoako Federazioko lehen presidente izendatu zuten), Federazioari atxikitako Santiagotarrak klubaren lehenengo Estatutuak egin ziren.<\/p>\n<p>[\/et_pb_text][et_pb_gallery gallery_ids=&#8221;769,768,770,788,789,792&#8243; posts_number=&#8221;6&#8243; show_title_and_caption=&#8221;off&#8221; show_pagination=&#8221;off&#8221; disabled_on=&#8221;on|on|on&#8221; _builder_version=&#8221;4.0.6&#8243; disabled=&#8221;on&#8221;][\/et_pb_gallery][\/et_pb_column_inner][\/et_pb_row_inner][\/et_pb_column][\/et_pb_section]<\/p>\n","protected":false},"excerpt":{"rendered":"<p>[et_pb_section fb_built=&#8221;1&#8243; module_class=&#8221;header-section&#8221; _builder_version=&#8221;4.8.1&#8243; background_image=&#8221;https:\/\/www.santiagotarrak.com\/wp-content\/uploads\/2021\/02\/santiagotarrak-culmina_1.jpg&#8221; background_position=&#8221;top_center&#8221; hover_enabled=&#8221;0&#8243; locked=&#8221;off&#8221; title_text=&#8221;santiagotarrak-culmina_1&#8243; sticky_enabled=&#8221;0&#8243;][et_pb_row _builder_version=&#8221;4.0.6&#8243;][et_pb_column type=&#8221;4_4&#8243; _builder_version=&#8221;4.0.6&#8243;][et_pb_text admin_label=&#8221;El club&#8221; _builder_version=&#8221;4.4.9&#8243;] Kluba [\/et_pb_text][\/et_pb_column][\/et_pb_row][\/et_pb_section][et_pb_section fb_built=&#8221;1&#8243; specialty=&#8221;on&#8221; module_class_2=&#8221;content-column&#8221; module_class=&#8221;club historia&#8221; _builder_version=&#8221;4.0.6&#8243; locked=&#8221;off&#8221;][et_pb_column type=&#8221;1_4&#8243; _builder_version=&#8221;3.25&#8243; custom_padding=&#8221;|||&#8221; custom_padding__hover=&#8221;|||&#8221;][et_pb_menu menu_id=&#8221;7&#8243; module_class=&#8221;menu-seccion&#8221; _builder_version=&#8221;4.0.6&#8243;][\/et_pb_menu][\/et_pb_column][et_pb_column type=&#8221;3_4&#8243; specialty_columns=&#8221;3&#8243; _builder_version=&#8221;3.25&#8243; custom_padding=&#8221;|||&#8221; custom_padding__hover=&#8221;|||&#8221;][et_pb_row_inner use_custom_gutter=&#8221;on&#8221; gutter_width=&#8221;1&#8243; _builder_version=&#8221;4.0.6&#8243; custom_margin=&#8221;||0px||false|false&#8221; custom_padding=&#8221;||0px||false|false&#8221;][et_pb_column_inner saved_specialty_column_type=&#8221;3_4&#8243; _builder_version=&#8221;4.0.6&#8243;][et_pb_text admin_label=&#8221;Historia&#8221; _builder_version=&#8221;4.4.9&#8243;] Historia 1930-1940 urteetan jada arraunean aritzen ziren Santiago auzoan. [&hellip;]<\/p>\n","protected":false},"author":1,"featured_media":0,"parent":1534,"menu_order":2,"comment_status":"closed","ping_status":"closed","template":"","meta":{"_et_pb_use_builder":"on","_et_pb_old_content":"[et_pb_section fb_built=\"1\" module_class=\"header-section\" _builder_version=\"4.0.6\" background_image=\"https:\/\/www.santiagotarrak.com\/wp-content\/uploads\/2020\/03\/remo-header.jpg\" background_position=\"bottom_center\" locked=\"off\"][et_pb_row _builder_version=\"4.0.6\"][et_pb_column type=\"4_4\" _builder_version=\"4.0.6\"][et_pb_text admin_label=\"El club\" _builder_version=\"4.0.6\"]<p class=\"header-h1\">El club<\/p>[\/et_pb_text][\/et_pb_column][\/et_pb_row][\/et_pb_section][et_pb_section fb_built=\"1\" specialty=\"on\" module_class_2=\"content-column\" module_class=\"club historia\" _builder_version=\"4.0.6\" locked=\"off\"][et_pb_column type=\"1_4\" _builder_version=\"3.25\" custom_padding=\"|||\" custom_padding__hover=\"|||\"][et_pb_menu menu_id=\"7\" module_class=\"menu-seccion\" _builder_version=\"4.0.6\"][\/et_pb_menu][\/et_pb_column][et_pb_column type=\"3_4\" specialty_columns=\"3\" _builder_version=\"3.25\" custom_padding=\"|||\" custom_padding__hover=\"|||\"][et_pb_row_inner use_custom_gutter=\"on\" gutter_width=\"1\" _builder_version=\"4.0.6\" custom_margin=\"||0px||false|false\" custom_padding=\"||0px||false|false\"][et_pb_column_inner saved_specialty_column_type=\"3_4\" _builder_version=\"4.0.6\"][et_pb_text admin_label=\"Historia\" _builder_version=\"4.0.6\"]<h1>Historia<\/h1>\r\n<p>Durante los a\u00f1os 1930-1940, ya se practicaba el deporte del remo en el barrio de Santiago. De hecho, durante esta \u00e9poca, hacia 1935 se tiene constancia de haber sacado incluso la primera trainera de este barrio al agua.<\/p>\r\n<p>En aquella \u00e9poca no hab\u00eda demasiada diversidad en cuanto a la posibilidad de practicar deporte, siendo el remo, tras el f\u00fatbol de las principales actividades de los j\u00f3venes del barrio de Santiago.<\/p>\r\n<p>El Barrio Santiago era un barrio formado por personas humildes, que bien trabajaban en Palmera, Fosforera, CAF\u2026 Otros, se dedicaban a sus huertas en las Islas, extracci\u00f3n de arenas en el R\u00edo\u2026en general, personas queridas, de buen humor, de mucho dialogo, de muchos recursos vitales, con el Bidasoa de pulm\u00f3n, que forj\u00f3 car\u00e1cter a sus vecinos de Santiago.<\/p>\r\n<p>En 1960, los fundadores de esta actual continuidad de Santiagotarrak ya participaban en regatas de bateles, hasta que se formaliz\u00f3 la idea de organizar el I Descenso Internacional del Bidasoa en Piragua (30 de Julio de 1967).<\/p>\r\n<p>Este descenso no s\u00f3lo fu\u00e9 un acto deportivo sino que simbolizaba mucho m\u00e1s, teniendo adem\u00e1s, conciertos, verbenas de las Piraguas en el front\u00f3n Uranzu, n\u00e1utica en Behobia\u2026 Como se puede comprobar result\u00f3 mucho m\u00e1s que un mero evento deportivo<\/p>\r\n<p>Al resultar este evento, una gran idea, el propio Ayuntamiento se volc\u00f3 en ayudar, contando incluso con la Brigada de Obras, que bajo la direcci\u00f3n de Juanito Carazo instal\u00f3 una rampa en la Presa de Endarlaza para facilitar su paso y evitar riesgos para este descenso.<\/p>\r\n<p>Para 1962-1965 Nuestra Sociedad necesitaba legalizarse.<\/p>\r\n<p>Por esta raz\u00f3n, la Sociedad Deportiva Santiagotarrak se fund\u00f3 en 1965.<\/p>\r\n<p>Paro ello y bajo el amparo de Jos\u00e9 Ignacio Galarza (erigido como Primer Presidente de la Federaci\u00f3n Gipuzkoana de Pirag\u00fcismo), se formalizaron los primeros Estatutos del Club Santiagotarrak adheridos a la Federacion.<\/p>[\/et_pb_text][et_pb_gallery gallery_ids=\"769,768,770,788,789,792\" posts_number=\"6\" show_title_and_caption=\"off\" show_pagination=\"off\" _builder_version=\"4.0.6\" disabled_on=\"on|on|on\" disabled=\"on\"][\/et_pb_gallery][\/et_pb_column_inner][\/et_pb_row_inner][\/et_pb_column][\/et_pb_section]","_et_gb_content_width":""},"yoast_head":"<!-- This site is optimized with the Yoast SEO plugin v17.5 - https:\/\/yoast.com\/wordpress\/plugins\/seo\/ -->\n<title>Historia - Santiagotarrak<\/title>\n<meta name=\"robots\" content=\"index, follow, max-snippet:-1, max-image-preview:large, max-video-preview:-1\" \/>\n<link rel=\"canonical\" href=\"https:\/\/www.santiagotarrak.com\/eu\/kluba\/historia\/\" \/>\n<meta property=\"og:locale\" content=\"eu_ES\" \/>\n<meta property=\"og:type\" content=\"article\" \/>\n<meta property=\"og:title\" content=\"Historia - Santiagotarrak\" \/>\n<meta property=\"og:description\" content=\"[et_pb_section fb_built=&#8221;1&#8243; module_class=&#8221;header-section&#8221; _builder_version=&#8221;4.8.1&#8243; background_image=&#8221;https:\/\/www.santiagotarrak.com\/wp-content\/uploads\/2021\/02\/santiagotarrak-culmina_1.jpg&#8221; background_position=&#8221;top_center&#8221; hover_enabled=&#8221;0&#8243; locked=&#8221;off&#8221; title_text=&#8221;santiagotarrak-culmina_1&#8243; sticky_enabled=&#8221;0&#8243;][et_pb_row _builder_version=&#8221;4.0.6&#8243;][et_pb_column type=&#8221;4_4&#8243; _builder_version=&#8221;4.0.6&#8243;][et_pb_text admin_label=&#8221;El club&#8221; _builder_version=&#8221;4.4.9&#8243;] Kluba [\/et_pb_text][\/et_pb_column][\/et_pb_row][\/et_pb_section][et_pb_section fb_built=&#8221;1&#8243; specialty=&#8221;on&#8221; module_class_2=&#8221;content-column&#8221; module_class=&#8221;club historia&#8221; _builder_version=&#8221;4.0.6&#8243; locked=&#8221;off&#8221;][et_pb_column type=&#8221;1_4&#8243; _builder_version=&#8221;3.25&#8243; custom_padding=&#8221;|||&#8221; custom_padding__hover=&#8221;|||&#8221;][et_pb_menu menu_id=&#8221;7&#8243; module_class=&#8221;menu-seccion&#8221; _builder_version=&#8221;4.0.6&#8243;][\/et_pb_menu][\/et_pb_column][et_pb_column type=&#8221;3_4&#8243; specialty_columns=&#8221;3&#8243; _builder_version=&#8221;3.25&#8243; custom_padding=&#8221;|||&#8221; custom_padding__hover=&#8221;|||&#8221;][et_pb_row_inner use_custom_gutter=&#8221;on&#8221; gutter_width=&#8221;1&#8243; _builder_version=&#8221;4.0.6&#8243; custom_margin=&#8221;||0px||false|false&#8221; custom_padding=&#8221;||0px||false|false&#8221;][et_pb_column_inner saved_specialty_column_type=&#8221;3_4&#8243; _builder_version=&#8221;4.0.6&#8243;][et_pb_text admin_label=&#8221;Historia&#8221; _builder_version=&#8221;4.4.9&#8243;] Historia 1930-1940 urteetan jada arraunean aritzen ziren Santiago auzoan. [&hellip;]\" \/>\n<meta property=\"og:url\" content=\"https:\/\/www.santiagotarrak.com\/eu\/kluba\/historia\/\" \/>\n<meta property=\"og:site_name\" content=\"Santiagotarrak\" \/>\n<meta property=\"article:publisher\" content=\"http:\/\/www.facebook.com\/Santiagotarrak\/\" \/>\n<meta property=\"article:modified_time\" content=\"2021-03-04T13:58:12+00:00\" \/>\n<meta name=\"twitter:card\" content=\"summary_large_image\" \/>\n<meta name=\"twitter:label1\" content=\"Est. reading time\" \/>\n\t<meta name=\"twitter:data1\" content=\"2 minutes\" \/>\n<script type=\"application\/ld+json\" class=\"yoast-schema-graph\">{\"@context\":\"https:\/\/schema.org\",\"@graph\":[{\"@type\":\"Organization\",\"@id\":\"https:\/\/www.santiagotarrak.com\/#organization\",\"name\":\"Santiagotarrak\",\"url\":\"https:\/\/www.santiagotarrak.com\/\",\"sameAs\":[\"http:\/\/www.facebook.com\/Santiagotarrak\/\",\"http:\/\/www.instagram.com\/santiagotarrak\/\"],\"logo\":{\"@type\":\"ImageObject\",\"@id\":\"https:\/\/www.santiagotarrak.com\/#logo\",\"inLanguage\":\"eu-ES\",\"url\":\"https:\/\/www.santiagotarrak.com\/wp-content\/uploads\/2020\/07\/santiagotarrak.jpg\",\"contentUrl\":\"https:\/\/www.santiagotarrak.com\/wp-content\/uploads\/2020\/07\/santiagotarrak.jpg\",\"width\":400,\"height\":96,\"caption\":\"Santiagotarrak\"},\"image\":{\"@id\":\"https:\/\/www.santiagotarrak.com\/#logo\"}},{\"@type\":\"WebSite\",\"@id\":\"https:\/\/www.santiagotarrak.com\/#website\",\"url\":\"https:\/\/www.santiagotarrak.com\/\",\"name\":\"Santiagotarrak\",\"description\":\"Pirag\\u00fcismo y remo en el r\\u00edo Bidasoa\",\"publisher\":{\"@id\":\"https:\/\/www.santiagotarrak.com\/#organization\"},\"potentialAction\":[{\"@type\":\"SearchAction\",\"target\":{\"@type\":\"EntryPoint\",\"urlTemplate\":\"https:\/\/www.santiagotarrak.com\/?s={search_term_string}\"},\"query-input\":\"required name=search_term_string\"}],\"inLanguage\":\"eu-ES\"},{\"@type\":\"WebPage\",\"@id\":\"https:\/\/www.santiagotarrak.com\/eu\/kluba\/historia\/#webpage\",\"url\":\"https:\/\/www.santiagotarrak.com\/eu\/kluba\/historia\/\",\"name\":\"Historia - Santiagotarrak\",\"isPartOf\":{\"@id\":\"https:\/\/www.santiagotarrak.com\/#website\"},\"datePublished\":\"2020-09-18T07:13:14+00:00\",\"dateModified\":\"2021-03-04T13:58:12+00:00\",\"breadcrumb\":{\"@id\":\"https:\/\/www.santiagotarrak.com\/eu\/kluba\/historia\/#breadcrumb\"},\"inLanguage\":\"eu-ES\",\"potentialAction\":[{\"@type\":\"ReadAction\",\"target\":[\"https:\/\/www.santiagotarrak.com\/eu\/kluba\/historia\/\"]}]},{\"@type\":\"BreadcrumbList\",\"@id\":\"https:\/\/www.santiagotarrak.com\/eu\/kluba\/historia\/#breadcrumb\",\"itemListElement\":[{\"@type\":\"ListItem\",\"position\":1,\"name\":\"Portada\",\"item\":\"https:\/\/www.santiagotarrak.com\/eu\/\"},{\"@type\":\"ListItem\",\"position\":2,\"name\":\"Kluba\",\"item\":\"https:\/\/www.santiagotarrak.com\/es\/el-club\/\"},{\"@type\":\"ListItem\",\"position\":3,\"name\":\"Historia\"}]}]}<\/script>\n<!-- \/ Yoast SEO plugin. -->","yoast_head_json":{"title":"Historia - Santiagotarrak","robots":{"index":"index","follow":"follow","max-snippet":"max-snippet:-1","max-image-preview":"max-image-preview:large","max-video-preview":"max-video-preview:-1"},"canonical":"https:\/\/www.santiagotarrak.com\/eu\/kluba\/historia\/","og_locale":"eu_ES","og_type":"article","og_title":"Historia - Santiagotarrak","og_description":"[et_pb_section fb_built=&#8221;1&#8243; module_class=&#8221;header-section&#8221; _builder_version=&#8221;4.8.1&#8243; background_image=&#8221;https:\/\/www.santiagotarrak.com\/wp-content\/uploads\/2021\/02\/santiagotarrak-culmina_1.jpg&#8221; background_position=&#8221;top_center&#8221; hover_enabled=&#8221;0&#8243; locked=&#8221;off&#8221; title_text=&#8221;santiagotarrak-culmina_1&#8243; sticky_enabled=&#8221;0&#8243;][et_pb_row _builder_version=&#8221;4.0.6&#8243;][et_pb_column type=&#8221;4_4&#8243; _builder_version=&#8221;4.0.6&#8243;][et_pb_text admin_label=&#8221;El club&#8221; _builder_version=&#8221;4.4.9&#8243;] Kluba [\/et_pb_text][\/et_pb_column][\/et_pb_row][\/et_pb_section][et_pb_section fb_built=&#8221;1&#8243; specialty=&#8221;on&#8221; module_class_2=&#8221;content-column&#8221; module_class=&#8221;club historia&#8221; _builder_version=&#8221;4.0.6&#8243; locked=&#8221;off&#8221;][et_pb_column type=&#8221;1_4&#8243; _builder_version=&#8221;3.25&#8243; custom_padding=&#8221;|||&#8221; custom_padding__hover=&#8221;|||&#8221;][et_pb_menu menu_id=&#8221;7&#8243; module_class=&#8221;menu-seccion&#8221; _builder_version=&#8221;4.0.6&#8243;][\/et_pb_menu][\/et_pb_column][et_pb_column type=&#8221;3_4&#8243; specialty_columns=&#8221;3&#8243; _builder_version=&#8221;3.25&#8243; custom_padding=&#8221;|||&#8221; custom_padding__hover=&#8221;|||&#8221;][et_pb_row_inner use_custom_gutter=&#8221;on&#8221; gutter_width=&#8221;1&#8243; _builder_version=&#8221;4.0.6&#8243; custom_margin=&#8221;||0px||false|false&#8221; custom_padding=&#8221;||0px||false|false&#8221;][et_pb_column_inner saved_specialty_column_type=&#8221;3_4&#8243; _builder_version=&#8221;4.0.6&#8243;][et_pb_text admin_label=&#8221;Historia&#8221; _builder_version=&#8221;4.4.9&#8243;] Historia 1930-1940 urteetan jada arraunean aritzen ziren Santiago auzoan. [&hellip;]","og_url":"https:\/\/www.santiagotarrak.com\/eu\/kluba\/historia\/","og_site_name":"Santiagotarrak","article_publisher":"http:\/\/www.facebook.com\/Santiagotarrak\/","article_modified_time":"2021-03-04T13:58:12+00:00","twitter_card":"summary_large_image","twitter_misc":{"Est. reading time":"2 minutes"},"schema":{"@context":"https:\/\/schema.org","@graph":[{"@type":"Organization","@id":"https:\/\/www.santiagotarrak.com\/#organization","name":"Santiagotarrak","url":"https:\/\/www.santiagotarrak.com\/","sameAs":["http:\/\/www.facebook.com\/Santiagotarrak\/","http:\/\/www.instagram.com\/santiagotarrak\/"],"logo":{"@type":"ImageObject","@id":"https:\/\/www.santiagotarrak.com\/#logo","inLanguage":"eu-ES","url":"https:\/\/www.santiagotarrak.com\/wp-content\/uploads\/2020\/07\/santiagotarrak.jpg","contentUrl":"https:\/\/www.santiagotarrak.com\/wp-content\/uploads\/2020\/07\/santiagotarrak.jpg","width":400,"height":96,"caption":"Santiagotarrak"},"image":{"@id":"https:\/\/www.santiagotarrak.com\/#logo"}},{"@type":"WebSite","@id":"https:\/\/www.santiagotarrak.com\/#website","url":"https:\/\/www.santiagotarrak.com\/","name":"Santiagotarrak","description":"Pirag\u00fcismo y remo en el r\u00edo Bidasoa","publisher":{"@id":"https:\/\/www.santiagotarrak.com\/#organization"},"potentialAction":[{"@type":"SearchAction","target":{"@type":"EntryPoint","urlTemplate":"https:\/\/www.santiagotarrak.com\/?s={search_term_string}"},"query-input":"required name=search_term_string"}],"inLanguage":"eu-ES"},{"@type":"WebPage","@id":"https:\/\/www.santiagotarrak.com\/eu\/kluba\/historia\/#webpage","url":"https:\/\/www.santiagotarrak.com\/eu\/kluba\/historia\/","name":"Historia - Santiagotarrak","isPartOf":{"@id":"https:\/\/www.santiagotarrak.com\/#website"},"datePublished":"2020-09-18T07:13:14+00:00","dateModified":"2021-03-04T13:58:12+00:00","breadcrumb":{"@id":"https:\/\/www.santiagotarrak.com\/eu\/kluba\/historia\/#breadcrumb"},"inLanguage":"eu-ES","potentialAction":[{"@type":"ReadAction","target":["https:\/\/www.santiagotarrak.com\/eu\/kluba\/historia\/"]}]},{"@type":"BreadcrumbList","@id":"https:\/\/www.santiagotarrak.com\/eu\/kluba\/historia\/#breadcrumb","itemListElement":[{"@type":"ListItem","position":1,"name":"Portada","item":"https:\/\/www.santiagotarrak.com\/eu\/"},{"@type":"ListItem","position":2,"name":"Kluba","item":"https:\/\/www.santiagotarrak.com\/es\/el-club\/"},{"@type":"ListItem","position":3,"name":"Historia"}]}]}},"_links":{"self":[{"href":"https:\/\/www.santiagotarrak.com\/eu\/wp-json\/wp\/v2\/pages\/1560"}],"collection":[{"href":"https:\/\/www.santiagotarrak.com\/eu\/wp-json\/wp\/v2\/pages"}],"about":[{"href":"https:\/\/www.santiagotarrak.com\/eu\/wp-json\/wp\/v2\/types\/page"}],"author":[{"embeddable":true,"href":"https:\/\/www.santiagotarrak.com\/eu\/wp-json\/wp\/v2\/users\/1"}],"replies":[{"embeddable":true,"href":"https:\/\/www.santiagotarrak.com\/eu\/wp-json\/wp\/v2\/comments?post=1560"}],"version-history":[{"count":4,"href":"https:\/\/www.santiagotarrak.com\/eu\/wp-json\/wp\/v2\/pages\/1560\/revisions"}],"predecessor-version":[{"id":2147,"href":"https:\/\/www.santiagotarrak.com\/eu\/wp-json\/wp\/v2\/pages\/1560\/revisions\/2147"}],"up":[{"embeddable":true,"href":"https:\/\/www.santiagotarrak.com\/eu\/wp-json\/wp\/v2\/pages\/1534"}],"wp:attachment":[{"href":"https:\/\/www.santiagotarrak.com\/eu\/wp-json\/wp\/v2\/media?parent=1560"}],"curies":[{"name":"wp","href":"https:\/\/api.w.org\/{rel}","templated":true}]}}