{"id":1622,"date":"2020-09-18T07:43:17","date_gmt":"2020-09-18T07:43:17","guid":{"rendered":"https:\/\/www.santiagotarrak.com\/?page_id=1622"},"modified":"2020-09-18T07:43:20","modified_gmt":"2020-09-18T07:43:20","slug":"probak","status":"publish","type":"page","link":"https:\/\/www.santiagotarrak.com\/eu\/lehiaketa\/pista\/probak\/","title":{"rendered":"Probak"},"content":{"rendered":"<p>[et_pb_section fb_built=&#8221;1&#8243; module_class=&#8221;header-section&#8221; _builder_version=&#8221;4.0.6&#8243; background_image=&#8221;https:\/\/www.santiagotarrak.com\/wp-content\/uploads\/2020\/03\/remo-header.jpg&#8221; background_position=&#8221;bottom_center&#8221; locked=&#8221;off&#8221;][et_pb_row _builder_version=&#8221;4.0.6&#8243;][et_pb_column type=&#8221;4_4&#8243; _builder_version=&#8221;4.0.6&#8243;][et_pb_text admin_label=&#8221;Pista&#8221; _builder_version=&#8221;4.0.6&#8243; hover_enabled=&#8221;0&#8243; locked=&#8221;off&#8221;]<\/p>\n<p class=\"header-h1\">Pista<\/p>\n<p>[\/et_pb_text][\/et_pb_column][\/et_pb_row][\/et_pb_section][et_pb_section fb_built=&#8221;1&#8243; specialty=&#8221;on&#8221; _builder_version=&#8221;4.0.6&#8243; locked=&#8221;off&#8221;][et_pb_column type=&#8221;1_4&#8243; _builder_version=&#8221;3.25&#8243; custom_padding=&#8221;|||&#8221; custom_padding__hover=&#8221;|||&#8221;][et_pb_menu menu_id=&#8221;4&#8243; module_class=&#8221;menu-seccion&#8221; _builder_version=&#8221;4.0.6&#8243;][\/et_pb_menu][\/et_pb_column][et_pb_column type=&#8221;3_4&#8243; specialty_columns=&#8221;3&#8243; _builder_version=&#8221;3.25&#8243; custom_padding=&#8221;|||&#8221; custom_padding__hover=&#8221;|||&#8221;][et_pb_row_inner _builder_version=&#8221;4.0.6&#8243;][et_pb_column_inner saved_specialty_column_type=&#8221;3_4&#8243; _builder_version=&#8221;4.0.6&#8243;][et_pb_text admin_label=&#8221;Pruebas que organiza la secci\u00f3n&#8221; _builder_version=&#8221;4.4.9&#8243; hover_enabled=&#8221;0&#8243;]<\/p>\n<h1>Sekzioak antolatzen dituen probak<\/h1>\n<p>[\/et_pb_text][\/et_pb_column_inner][\/et_pb_row_inner][et_pb_row_inner column_structure=&#8221;1_2,1_2&#8243; use_custom_gutter=&#8221;on&#8221; gutter_width=&#8221;2&#8243; module_class=&#8221;modalidades-pista-row&#8221; _builder_version=&#8221;4.0.6&#8243; background_enable_color=&#8221;off&#8221; custom_margin=&#8221;||||false|false&#8221;][et_pb_column_inner type=&#8221;1_2&#8243; saved_specialty_column_type=&#8221;3_4&#8243; _builder_version=&#8221;4.0.6&#8243;][et_pb_image src=&#8221;https:\/\/www.santiagotarrak.com\/wp-content\/uploads\/2020\/07\/descenso-internacional.jpg&#8221; _builder_version=&#8221;4.0.6&#8243;][\/et_pb_image][\/et_pb_column_inner][et_pb_column_inner type=&#8221;1_2&#8243; saved_specialty_column_type=&#8221;3_4&#8243; _builder_version=&#8221;4.0.6&#8243;][et_pb_text admin_label=&#8221;DESCENSO INTERNACIONAL DEL R\u00cdO BIDASOA&#8221; _builder_version=&#8221;4.4.9&#8243; hover_enabled=&#8221;0&#8243;]<\/p>\n<h2>Bidasoa Ibaiko nazioarteko jaitsiera<\/h2>\n<p>Klubaren historia eta jaitsierarena ia paraleloan doaz. Klubak antolatutako garrantzizko lehenengo proba izan zen eta 1967an estreinatu zen, erakundea sortu eta urtebete beranduago. Antolakuntza bikaina izatean eta maila handiko palistek parte hartzen dutelarik proba hori estatu mailako piraguismoan probarik zahar eta ospetsuena bihurtu da.<\/p>\n<p>Proba hori uztailean egiten da eta 25 klubek eta 180 kirolari baino gehiagok parte hartzen dute.<\/p>\n<p>Urtero ehunka piraguista hurbiltzen da Bidasora ibilbide atseginaz eta proba horren inguruan\u00a0 sumatzen den jai giroaz gozatzera.<\/p>\n<p>[\/et_pb_text][\/et_pb_column_inner][\/et_pb_row_inner][et_pb_row_inner column_structure=&#8221;1_2,1_2&#8243; use_custom_gutter=&#8221;on&#8221; gutter_width=&#8221;2&#8243; module_class=&#8221;modalidades-pista-row&#8221; _builder_version=&#8221;4.0.6&#8243; background_enable_color=&#8221;off&#8221; custom_margin=&#8221;||||false|false&#8221;][et_pb_column_inner type=&#8221;1_2&#8243; saved_specialty_column_type=&#8221;3_4&#8243; _builder_version=&#8221;4.0.6&#8243;][et_pb_image src=&#8221;https:\/\/www.santiagotarrak.com\/wp-content\/uploads\/2020\/07\/campeonato-euskadi.jpg&#8221; _builder_version=&#8221;4.0.6&#8243;][\/et_pb_image][\/et_pb_column_inner][et_pb_column_inner type=&#8221;1_2&#8243; saved_specialty_column_type=&#8221;3_4&#8243; _builder_version=&#8221;4.0.6&#8243;][et_pb_text admin_label=&#8221;Campeonato de Euskadi de invierno de pirag\u00fcismo&#8221; _builder_version=&#8221;4.4.9&#8243; hover_enabled=&#8221;0&#8243;]<\/p>\n<h2>Neguko Euskadiko piraguismo txapelketa<\/h2>\n<p>Azken hamarkadetan pista sekzioak antolatu izan du Distantzia Luzeko Espainiako Txapelketa jokatu baino hamabost egun lehenago Neguko Euskadiko Txapelketari dagokion proba klubeko instalazioetan, non 18 klub desberdinetako 170 piraguista baino gehiagok parte hartzen duten. Hauxe da denboraldi bakoitzaren hasieran jokatzen den mailako lehenengo txapelketa.[\/et_pb_text][\/et_pb_column_inner][\/et_pb_row_inner][et_pb_row_inner column_structure=&#8221;1_2,1_2&#8243; use_custom_gutter=&#8221;on&#8221; gutter_width=&#8221;2&#8243; module_class=&#8221;modalidades-pista-row&#8221; _builder_version=&#8221;4.0.6&#8243; background_enable_color=&#8221;off&#8221; custom_margin=&#8221;||||false|false&#8221;][et_pb_column_inner type=&#8221;1_2&#8243; saved_specialty_column_type=&#8221;3_4&#8243; _builder_version=&#8221;4.0.6&#8243;][et_pb_image src=&#8221;https:\/\/www.santiagotarrak.com\/wp-content\/uploads\/2020\/07\/descenso-popular.jpg&#8221; _builder_version=&#8221;4.0.6&#8243;][\/et_pb_image][\/et_pb_column_inner][et_pb_column_inner type=&#8221;1_2&#8243; saved_specialty_column_type=&#8221;3_4&#8243; _builder_version=&#8221;4.0.6&#8243;][et_pb_text admin_label=&#8221;Descenso popular del r\u00edo Bidasoa&#8221; _builder_version=&#8221;4.4.9&#8243; hover_enabled=&#8221;0&#8243;]<\/p>\n<h2>Bidasoa ibaiko jaitsiera herrikoia<\/h2>\n<p>Jaitsieraren egun berean Santiagotarrak elkarteak jaitsiera herrikoi bat antolatzen du, lehiarik gabe, maila guztietako pertsonei zuzenduta, piraguismoaz bikoteka eta konpainia onean gozatu nahi duten haientzat, eta San Migeleko hondartzatik irten eta klubeko instalazioetara iristen dira.<br \/>\n[\/et_pb_text][\/et_pb_column_inner][\/et_pb_row_inner][\/et_pb_column][\/et_pb_section]<\/p>\n","protected":false},"excerpt":{"rendered":"<p>[et_pb_section fb_built=&#8221;1&#8243; module_class=&#8221;header-section&#8221; _builder_version=&#8221;4.0.6&#8243; background_image=&#8221;https:\/\/www.santiagotarrak.com\/wp-content\/uploads\/2020\/03\/remo-header.jpg&#8221; background_position=&#8221;bottom_center&#8221; locked=&#8221;off&#8221;][et_pb_row _builder_version=&#8221;4.0.6&#8243;][et_pb_column type=&#8221;4_4&#8243; _builder_version=&#8221;4.0.6&#8243;][et_pb_text admin_label=&#8221;Pista&#8221; _builder_version=&#8221;4.0.6&#8243; hover_enabled=&#8221;0&#8243; locked=&#8221;off&#8221;] Pista [\/et_pb_text][\/et_pb_column][\/et_pb_row][\/et_pb_section][et_pb_section fb_built=&#8221;1&#8243; specialty=&#8221;on&#8221; _builder_version=&#8221;4.0.6&#8243; locked=&#8221;off&#8221;][et_pb_column type=&#8221;1_4&#8243; _builder_version=&#8221;3.25&#8243; custom_padding=&#8221;|||&#8221; custom_padding__hover=&#8221;|||&#8221;][et_pb_menu menu_id=&#8221;4&#8243; module_class=&#8221;menu-seccion&#8221; _builder_version=&#8221;4.0.6&#8243;][\/et_pb_menu][\/et_pb_column][et_pb_column type=&#8221;3_4&#8243; specialty_columns=&#8221;3&#8243; _builder_version=&#8221;3.25&#8243; custom_padding=&#8221;|||&#8221; custom_padding__hover=&#8221;|||&#8221;][et_pb_row_inner _builder_version=&#8221;4.0.6&#8243;][et_pb_column_inner saved_specialty_column_type=&#8221;3_4&#8243; _builder_version=&#8221;4.0.6&#8243;][et_pb_text admin_label=&#8221;Pruebas que organiza la secci\u00f3n&#8221; _builder_version=&#8221;4.4.9&#8243; hover_enabled=&#8221;0&#8243;] Sekzioak antolatzen dituen probak [\/et_pb_text][\/et_pb_column_inner][\/et_pb_row_inner][et_pb_row_inner column_structure=&#8221;1_2,1_2&#8243; use_custom_gutter=&#8221;on&#8221; gutter_width=&#8221;2&#8243; module_class=&#8221;modalidades-pista-row&#8221; _builder_version=&#8221;4.0.6&#8243; background_enable_color=&#8221;off&#8221; custom_margin=&#8221;||||false|false&#8221;][et_pb_column_inner type=&#8221;1_2&#8243; [&hellip;]<\/p>\n","protected":false},"author":1,"featured_media":0,"parent":1575,"menu_order":5,"comment_status":"closed","ping_status":"closed","template":"","meta":{"_et_pb_use_builder":"on","_et_pb_old_content":"<p>[et_pb_section fb_built=\"1\" module_class=\"header-section\" _builder_version=\"4.0.6\" background_image=\"https:\/\/www.santiagotarrak.com\/wp-content\/uploads\/2020\/03\/remo-header.jpg\" background_position=\"bottom_center\" locked=\"off\"][et_pb_row _builder_version=\"4.0.6\"][et_pb_column type=\"4_4\" _builder_version=\"4.0.6\"][et_pb_text admin_label=\"Pista\" _builder_version=\"4.0.6\" locked=\"off\"]<\/p><p class=\"header-h1\">Pista<\/p><p>[\/et_pb_text][\/et_pb_column][\/et_pb_row][\/et_pb_section][et_pb_section fb_built=\"1\" specialty=\"on\" _builder_version=\"4.0.6\" locked=\"off\"][et_pb_column type=\"1_4\" _builder_version=\"3.25\" custom_padding=\"|||\" custom_padding__hover=\"|||\"][et_pb_menu menu_id=\"4\" module_class=\"menu-seccion\" _builder_version=\"4.0.6\"][\/et_pb_menu][\/et_pb_column][et_pb_column type=\"3_4\" specialty_columns=\"3\" _builder_version=\"3.25\" custom_padding=\"|||\" custom_padding__hover=\"|||\"][et_pb_row_inner _builder_version=\"4.0.6\"][et_pb_column_inner saved_specialty_column_type=\"3_4\" _builder_version=\"4.0.6\"][et_pb_text admin_label=\"Pruebas que organiza la secci\u00f3n\" _builder_version=\"4.0.6\"]<\/p><h1>Pruebas que organiza la secci\u00f3n<\/h1><p>[\/et_pb_text][\/et_pb_column_inner][\/et_pb_row_inner][et_pb_row_inner column_structure=\"1_2,1_2\" use_custom_gutter=\"on\" gutter_width=\"2\" module_class=\"modalidades-pista-row\" _builder_version=\"4.0.6\" background_enable_color=\"off\" custom_margin=\"||||false|false\"][et_pb_column_inner type=\"1_2\" saved_specialty_column_type=\"3_4\" _builder_version=\"4.0.6\"][et_pb_image src=\"https:\/\/www.santiagotarrak.com\/wp-content\/uploads\/2020\/07\/descenso-internacional.jpg\" _builder_version=\"4.0.6\"][\/et_pb_image][\/et_pb_column_inner][et_pb_column_inner type=\"1_2\" saved_specialty_column_type=\"3_4\" _builder_version=\"4.0.6\"][et_pb_text admin_label=\"DESCENSO INTERNACIONAL DEL R\u00cdO BIDASOA\" _builder_version=\"4.0.6\"]<\/p><h2>Descenso internacional del r\u00edo bidasoa<\/h2><div class=\"et_pb_blurb_description\"><p>La historia del Club y la del Descenso discurren casi paralelamente. Constituy\u00f3 la primera prueba de relevancia que organiz\u00f3 y cuyo estreno fue en 1967, un a\u00f1o despu\u00e9s de la creaci\u00f3n de la entidad. Su excelente organizaci\u00f3n y la participaci\u00f3n de palistas de gran nivel han consolidado la prueba como una de las m\u00e1s antiguas y prestigiosas del pirag\u00fcismo estatal.<\/p><p>Se trata de una prueba que se celebra en julio con la participaci\u00f3n de 25 clubes y m\u00e1s de 180 deportistas.<\/p><p>Todos los a\u00f1os cientos de pirag\u00fcistas se acercan al Bidasoa a disfrutar de su atractivo recorrido y del ambiente de fiesta que se respira en torno a la prueba.<\/p><\/div><p>[\/et_pb_text][\/et_pb_column_inner][\/et_pb_row_inner][et_pb_row_inner column_structure=\"1_2,1_2\" use_custom_gutter=\"on\" gutter_width=\"2\" module_class=\"modalidades-pista-row\" _builder_version=\"4.0.6\" background_enable_color=\"off\" custom_margin=\"||||false|false\"][et_pb_column_inner type=\"1_2\" saved_specialty_column_type=\"3_4\" _builder_version=\"4.0.6\"][et_pb_image src=\"https:\/\/www.santiagotarrak.com\/wp-content\/uploads\/2020\/07\/campeonato-euskadi.jpg\" _builder_version=\"4.0.6\" hover_enabled=\"0\"][\/et_pb_image][\/et_pb_column_inner][et_pb_column_inner type=\"1_2\" saved_specialty_column_type=\"3_4\" _builder_version=\"4.0.6\"][et_pb_text admin_label=\"Campeonato de Euskadi de invierno de pirag\u00fcismo\" _builder_version=\"4.0.6\"]<\/p><h2>Campeonato de Euskadi de invierno de pirag\u00fcismo<\/h2><p>Durante las \u00faltimas d\u00e9cadas la secci\u00f3n de pista ha organizado quince d\u00edas antes de la celebraci\u00f3n del Campoenato de Espa\u00f1a de Larga Distancia, en las instalaciones del Club, el correspondiente Campeonato de Euskadi de Invierno, en el que participan m\u00e1s de 170 deportistas de 18 clubes diferentes. Esta es la primera competici\u00f3n de nivel con la que se inicia cada temporada.<\/p><p>[\/et_pb_text][\/et_pb_column_inner][\/et_pb_row_inner][et_pb_row_inner column_structure=\"1_2,1_2\" use_custom_gutter=\"on\" gutter_width=\"2\" module_class=\"modalidades-pista-row\" _builder_version=\"4.0.6\" background_enable_color=\"off\" custom_margin=\"||||false|false\"][et_pb_column_inner type=\"1_2\" saved_specialty_column_type=\"3_4\" _builder_version=\"4.0.6\"][et_pb_image src=\"https:\/\/www.santiagotarrak.com\/wp-content\/uploads\/2020\/07\/descenso-popular.jpg\" _builder_version=\"4.0.6\"][\/et_pb_image][\/et_pb_column_inner][et_pb_column_inner type=\"1_2\" saved_specialty_column_type=\"3_4\" _builder_version=\"4.0.6\"][et_pb_text admin_label=\"Descenso popular del r\u00edo Bidasoa\" _builder_version=\"4.0.6\"]<\/p><h2>Descenso popular del r\u00edo Bidasoa<\/h2><p>El mismo d\u00eda del Descenso Santiagotarrak se organiza un descenso popular, sin car\u00e1cter competitivo, dirigido a personas de todos los niveles que quieran disfrutar de la naturaleza practicando el pirag\u00fcismo en parejas y buena compa\u00f1\u00eda. se parte desde la playa de San Miguel hasta las instalaciones del Club<\/p><p>[\/et_pb_text][\/et_pb_column_inner][\/et_pb_row_inner][\/et_pb_column][\/et_pb_section]<\/p>","_et_gb_content_width":""},"yoast_head":"<!-- This site is optimized with the Yoast SEO plugin v17.5 - https:\/\/yoast.com\/wordpress\/plugins\/seo\/ -->\n<title>Probak - Santiagotarrak<\/title>\n<meta name=\"robots\" content=\"index, follow, max-snippet:-1, max-image-preview:large, max-video-preview:-1\" \/>\n<link rel=\"canonical\" href=\"https:\/\/www.santiagotarrak.com\/es\/competicion\/pista\/pruebas\/\" \/>\n<meta property=\"og:locale\" content=\"eu_ES\" \/>\n<meta property=\"og:type\" content=\"article\" \/>\n<meta property=\"og:title\" content=\"Probak - Santiagotarrak\" \/>\n<meta property=\"og:description\" content=\"[et_pb_section fb_built=&#8221;1&#8243; module_class=&#8221;header-section&#8221; _builder_version=&#8221;4.0.6&#8243; background_image=&#8221;https:\/\/www.santiagotarrak.com\/wp-content\/uploads\/2020\/03\/remo-header.jpg&#8221; background_position=&#8221;bottom_center&#8221; locked=&#8221;off&#8221;][et_pb_row _builder_version=&#8221;4.0.6&#8243;][et_pb_column type=&#8221;4_4&#8243; _builder_version=&#8221;4.0.6&#8243;][et_pb_text admin_label=&#8221;Pista&#8221; _builder_version=&#8221;4.0.6&#8243; hover_enabled=&#8221;0&#8243; locked=&#8221;off&#8221;] Pista [\/et_pb_text][\/et_pb_column][\/et_pb_row][\/et_pb_section][et_pb_section fb_built=&#8221;1&#8243; specialty=&#8221;on&#8221; _builder_version=&#8221;4.0.6&#8243; locked=&#8221;off&#8221;][et_pb_column type=&#8221;1_4&#8243; _builder_version=&#8221;3.25&#8243; custom_padding=&#8221;|||&#8221; custom_padding__hover=&#8221;|||&#8221;][et_pb_menu menu_id=&#8221;4&#8243; module_class=&#8221;menu-seccion&#8221; _builder_version=&#8221;4.0.6&#8243;][\/et_pb_menu][\/et_pb_column][et_pb_column type=&#8221;3_4&#8243; specialty_columns=&#8221;3&#8243; _builder_version=&#8221;3.25&#8243; custom_padding=&#8221;|||&#8221; custom_padding__hover=&#8221;|||&#8221;][et_pb_row_inner _builder_version=&#8221;4.0.6&#8243;][et_pb_column_inner saved_specialty_column_type=&#8221;3_4&#8243; _builder_version=&#8221;4.0.6&#8243;][et_pb_text admin_label=&#8221;Pruebas que organiza la secci\u00f3n&#8221; _builder_version=&#8221;4.4.9&#8243; hover_enabled=&#8221;0&#8243;] Sekzioak antolatzen dituen probak [\/et_pb_text][\/et_pb_column_inner][\/et_pb_row_inner][et_pb_row_inner column_structure=&#8221;1_2,1_2&#8243; use_custom_gutter=&#8221;on&#8221; gutter_width=&#8221;2&#8243; module_class=&#8221;modalidades-pista-row&#8221; _builder_version=&#8221;4.0.6&#8243; background_enable_color=&#8221;off&#8221; custom_margin=&#8221;||||false|false&#8221;][et_pb_column_inner type=&#8221;1_2&#8243; [&hellip;]\" \/>\n<meta property=\"og:url\" content=\"https:\/\/www.santiagotarrak.com\/es\/competicion\/pista\/pruebas\/\" \/>\n<meta property=\"og:site_name\" content=\"Santiagotarrak\" \/>\n<meta property=\"article:publisher\" content=\"http:\/\/www.facebook.com\/Santiagotarrak\/\" \/>\n<meta property=\"article:modified_time\" content=\"2020-09-18T07:43:20+00:00\" \/>\n<meta name=\"twitter:card\" content=\"summary_large_image\" \/>\n<meta name=\"twitter:label1\" content=\"Est. reading time\" \/>\n\t<meta name=\"twitter:data1\" content=\"3 minutes\" \/>\n<script type=\"application\/ld+json\" class=\"yoast-schema-graph\">{\"@context\":\"https:\/\/schema.org\",\"@graph\":[{\"@type\":\"Organization\",\"@id\":\"https:\/\/www.santiagotarrak.com\/#organization\",\"name\":\"Santiagotarrak\",\"url\":\"https:\/\/www.santiagotarrak.com\/\",\"sameAs\":[\"http:\/\/www.facebook.com\/Santiagotarrak\/\",\"http:\/\/www.instagram.com\/santiagotarrak\/\"],\"logo\":{\"@type\":\"ImageObject\",\"@id\":\"https:\/\/www.santiagotarrak.com\/#logo\",\"inLanguage\":\"eu-ES\",\"url\":\"https:\/\/www.santiagotarrak.com\/wp-content\/uploads\/2020\/07\/santiagotarrak.jpg\",\"contentUrl\":\"https:\/\/www.santiagotarrak.com\/wp-content\/uploads\/2020\/07\/santiagotarrak.jpg\",\"width\":400,\"height\":96,\"caption\":\"Santiagotarrak\"},\"image\":{\"@id\":\"https:\/\/www.santiagotarrak.com\/#logo\"}},{\"@type\":\"WebSite\",\"@id\":\"https:\/\/www.santiagotarrak.com\/#website\",\"url\":\"https:\/\/www.santiagotarrak.com\/\",\"name\":\"Santiagotarrak\",\"description\":\"Pirag\\u00fcismo y remo en el r\\u00edo Bidasoa\",\"publisher\":{\"@id\":\"https:\/\/www.santiagotarrak.com\/#organization\"},\"potentialAction\":[{\"@type\":\"SearchAction\",\"target\":{\"@type\":\"EntryPoint\",\"urlTemplate\":\"https:\/\/www.santiagotarrak.com\/?s={search_term_string}\"},\"query-input\":\"required name=search_term_string\"}],\"inLanguage\":\"eu-ES\"},{\"@type\":\"WebPage\",\"@id\":\"https:\/\/www.santiagotarrak.com\/es\/competicion\/pista\/pruebas\/#webpage\",\"url\":\"https:\/\/www.santiagotarrak.com\/es\/competicion\/pista\/pruebas\/\",\"name\":\"Probak - Santiagotarrak\",\"isPartOf\":{\"@id\":\"https:\/\/www.santiagotarrak.com\/#website\"},\"datePublished\":\"2020-09-18T07:43:17+00:00\",\"dateModified\":\"2020-09-18T07:43:20+00:00\",\"breadcrumb\":{\"@id\":\"https:\/\/www.santiagotarrak.com\/es\/competicion\/pista\/pruebas\/#breadcrumb\"},\"inLanguage\":\"eu-ES\",\"potentialAction\":[{\"@type\":\"ReadAction\",\"target\":[\"https:\/\/www.santiagotarrak.com\/es\/competicion\/pista\/pruebas\/\"]}]},{\"@type\":\"BreadcrumbList\",\"@id\":\"https:\/\/www.santiagotarrak.com\/es\/competicion\/pista\/pruebas\/#breadcrumb\",\"itemListElement\":[{\"@type\":\"ListItem\",\"position\":1,\"name\":\"Portada\",\"item\":\"https:\/\/www.santiagotarrak.com\/eu\/\"},{\"@type\":\"ListItem\",\"position\":2,\"name\":\"Lehiaketa\",\"item\":\"https:\/\/www.santiagotarrak.com\/es\/competicion\/\"},{\"@type\":\"ListItem\",\"position\":3,\"name\":\"Pista\",\"item\":\"https:\/\/www.santiagotarrak.com\/es\/competicion\/pista\/\"},{\"@type\":\"ListItem\",\"position\":4,\"name\":\"Probak\"}]}]}<\/script>\n<!-- \/ Yoast SEO plugin. -->","yoast_head_json":{"title":"Probak - Santiagotarrak","robots":{"index":"index","follow":"follow","max-snippet":"max-snippet:-1","max-image-preview":"max-image-preview:large","max-video-preview":"max-video-preview:-1"},"canonical":"https:\/\/www.santiagotarrak.com\/es\/competicion\/pista\/pruebas\/","og_locale":"eu_ES","og_type":"article","og_title":"Probak - Santiagotarrak","og_description":"[et_pb_section fb_built=&#8221;1&#8243; module_class=&#8221;header-section&#8221; _builder_version=&#8221;4.0.6&#8243; background_image=&#8221;https:\/\/www.santiagotarrak.com\/wp-content\/uploads\/2020\/03\/remo-header.jpg&#8221; background_position=&#8221;bottom_center&#8221; locked=&#8221;off&#8221;][et_pb_row _builder_version=&#8221;4.0.6&#8243;][et_pb_column type=&#8221;4_4&#8243; _builder_version=&#8221;4.0.6&#8243;][et_pb_text admin_label=&#8221;Pista&#8221; _builder_version=&#8221;4.0.6&#8243; hover_enabled=&#8221;0&#8243; locked=&#8221;off&#8221;] Pista [\/et_pb_text][\/et_pb_column][\/et_pb_row][\/et_pb_section][et_pb_section fb_built=&#8221;1&#8243; specialty=&#8221;on&#8221; _builder_version=&#8221;4.0.6&#8243; locked=&#8221;off&#8221;][et_pb_column type=&#8221;1_4&#8243; _builder_version=&#8221;3.25&#8243; custom_padding=&#8221;|||&#8221; custom_padding__hover=&#8221;|||&#8221;][et_pb_menu menu_id=&#8221;4&#8243; module_class=&#8221;menu-seccion&#8221; _builder_version=&#8221;4.0.6&#8243;][\/et_pb_menu][\/et_pb_column][et_pb_column type=&#8221;3_4&#8243; specialty_columns=&#8221;3&#8243; _builder_version=&#8221;3.25&#8243; custom_padding=&#8221;|||&#8221; custom_padding__hover=&#8221;|||&#8221;][et_pb_row_inner _builder_version=&#8221;4.0.6&#8243;][et_pb_column_inner saved_specialty_column_type=&#8221;3_4&#8243; _builder_version=&#8221;4.0.6&#8243;][et_pb_text admin_label=&#8221;Pruebas que organiza la secci\u00f3n&#8221; _builder_version=&#8221;4.4.9&#8243; hover_enabled=&#8221;0&#8243;] Sekzioak antolatzen dituen probak [\/et_pb_text][\/et_pb_column_inner][\/et_pb_row_inner][et_pb_row_inner column_structure=&#8221;1_2,1_2&#8243; use_custom_gutter=&#8221;on&#8221; gutter_width=&#8221;2&#8243; module_class=&#8221;modalidades-pista-row&#8221; _builder_version=&#8221;4.0.6&#8243; background_enable_color=&#8221;off&#8221; custom_margin=&#8221;||||false|false&#8221;][et_pb_column_inner type=&#8221;1_2&#8243; [&hellip;]","og_url":"https:\/\/www.santiagotarrak.com\/es\/competicion\/pista\/pruebas\/","og_site_name":"Santiagotarrak","article_publisher":"http:\/\/www.facebook.com\/Santiagotarrak\/","article_modified_time":"2020-09-18T07:43:20+00:00","twitter_card":"summary_large_image","twitter_misc":{"Est. reading time":"3 minutes"},"schema":{"@context":"https:\/\/schema.org","@graph":[{"@type":"Organization","@id":"https:\/\/www.santiagotarrak.com\/#organization","name":"Santiagotarrak","url":"https:\/\/www.santiagotarrak.com\/","sameAs":["http:\/\/www.facebook.com\/Santiagotarrak\/","http:\/\/www.instagram.com\/santiagotarrak\/"],"logo":{"@type":"ImageObject","@id":"https:\/\/www.santiagotarrak.com\/#logo","inLanguage":"eu-ES","url":"https:\/\/www.santiagotarrak.com\/wp-content\/uploads\/2020\/07\/santiagotarrak.jpg","contentUrl":"https:\/\/www.santiagotarrak.com\/wp-content\/uploads\/2020\/07\/santiagotarrak.jpg","width":400,"height":96,"caption":"Santiagotarrak"},"image":{"@id":"https:\/\/www.santiagotarrak.com\/#logo"}},{"@type":"WebSite","@id":"https:\/\/www.santiagotarrak.com\/#website","url":"https:\/\/www.santiagotarrak.com\/","name":"Santiagotarrak","description":"Pirag\u00fcismo y remo en el r\u00edo Bidasoa","publisher":{"@id":"https:\/\/www.santiagotarrak.com\/#organization"},"potentialAction":[{"@type":"SearchAction","target":{"@type":"EntryPoint","urlTemplate":"https:\/\/www.santiagotarrak.com\/?s={search_term_string}"},"query-input":"required name=search_term_string"}],"inLanguage":"eu-ES"},{"@type":"WebPage","@id":"https:\/\/www.santiagotarrak.com\/es\/competicion\/pista\/pruebas\/#webpage","url":"https:\/\/www.santiagotarrak.com\/es\/competicion\/pista\/pruebas\/","name":"Probak - Santiagotarrak","isPartOf":{"@id":"https:\/\/www.santiagotarrak.com\/#website"},"datePublished":"2020-09-18T07:43:17+00:00","dateModified":"2020-09-18T07:43:20+00:00","breadcrumb":{"@id":"https:\/\/www.santiagotarrak.com\/es\/competicion\/pista\/pruebas\/#breadcrumb"},"inLanguage":"eu-ES","potentialAction":[{"@type":"ReadAction","target":["https:\/\/www.santiagotarrak.com\/es\/competicion\/pista\/pruebas\/"]}]},{"@type":"BreadcrumbList","@id":"https:\/\/www.santiagotarrak.com\/es\/competicion\/pista\/pruebas\/#breadcrumb","itemListElement":[{"@type":"ListItem","position":1,"name":"Portada","item":"https:\/\/www.santiagotarrak.com\/eu\/"},{"@type":"ListItem","position":2,"name":"Lehiaketa","item":"https:\/\/www.santiagotarrak.com\/es\/competicion\/"},{"@type":"ListItem","position":3,"name":"Pista","item":"https:\/\/www.santiagotarrak.com\/es\/competicion\/pista\/"},{"@type":"ListItem","position":4,"name":"Probak"}]}]}},"_links":{"self":[{"href":"https:\/\/www.santiagotarrak.com\/eu\/wp-json\/wp\/v2\/pages\/1622"}],"collection":[{"href":"https:\/\/www.santiagotarrak.com\/eu\/wp-json\/wp\/v2\/pages"}],"about":[{"href":"https:\/\/www.santiagotarrak.com\/eu\/wp-json\/wp\/v2\/types\/page"}],"author":[{"embeddable":true,"href":"https:\/\/www.santiagotarrak.com\/eu\/wp-json\/wp\/v2\/users\/1"}],"replies":[{"embeddable":true,"href":"https:\/\/www.santiagotarrak.com\/eu\/wp-json\/wp\/v2\/comments?post=1622"}],"version-history":[{"count":5,"href":"https:\/\/www.santiagotarrak.com\/eu\/wp-json\/wp\/v2\/pages\/1622\/revisions"}],"predecessor-version":[{"id":1631,"href":"https:\/\/www.santiagotarrak.com\/eu\/wp-json\/wp\/v2\/pages\/1622\/revisions\/1631"}],"up":[{"embeddable":true,"href":"https:\/\/www.santiagotarrak.com\/eu\/wp-json\/wp\/v2\/pages\/1575"}],"wp:attachment":[{"href":"https:\/\/www.santiagotarrak.com\/eu\/wp-json\/wp\/v2\/media?parent=1622"}],"curies":[{"name":"wp","href":"https:\/\/api.w.org\/{rel}","templated":true}]}}