{"id":1632,"date":"2020-03-20T11:46:49","date_gmt":"2020-03-20T10:46:49","guid":{"rendered":"https:\/\/www.santiagotarrak.com\/?page_id=1632"},"modified":"2025-08-18T13:18:16","modified_gmt":"2025-08-18T11:18:16","slug":"arrauna","status":"publish","type":"page","link":"https:\/\/www.santiagotarrak.com\/eu\/lehiaketa\/arrauna\/","title":{"rendered":"Arrauna"},"content":{"rendered":"<p>[et_pb_section fb_built=&#8221;1&#8243; module_class=&#8221;header-section&#8221; _builder_version=&#8221;4.8.1&#8243; background_image=&#8221;https:\/\/www.santiagotarrak.com\/wp-content\/uploads\/2025\/08\/remo-2-1-1.png&#8221; locked=&#8221;off&#8221;][et_pb_row _builder_version=&#8221;4.0.6&#8243;][et_pb_column type=&#8221;4_4&#8243; _builder_version=&#8221;4.0.6&#8243;][et_pb_text admin_label=&#8221;Remo&#8221; _builder_version=&#8221;4.4.9&#8243; locked=&#8221;off&#8221;]<\/p>\n<p class=\"header-h1\">Arrauna<\/p>\n<p>[\/et_pb_text][\/et_pb_column][\/et_pb_row][\/et_pb_section][et_pb_section fb_built=&#8221;1&#8243; specialty=&#8221;on&#8221; _builder_version=&#8221;4.0.6&#8243;][et_pb_column type=&#8221;1_4&#8243; _builder_version=&#8221;3.25&#8243; custom_padding=&#8221;|||&#8221; custom_padding__hover=&#8221;|||&#8221;][et_pb_menu menu_id=&#8221;3&#8243; module_class=&#8221;menu-seccion&#8221; _builder_version=&#8221;4.0.6&#8243;][\/et_pb_menu][\/et_pb_column][et_pb_column type=&#8221;3_4&#8243; specialty_columns=&#8221;3&#8243; _builder_version=&#8221;3.25&#8243; custom_padding=&#8221;|||&#8221; custom_padding__hover=&#8221;|||&#8221;][et_pb_row_inner _builder_version=&#8221;4.0.6&#8243;][et_pb_column_inner saved_specialty_column_type=&#8221;3_4&#8243; _builder_version=&#8221;4.0.6&#8243;][et_pb_text _builder_version=&#8221;4.6.2&#8243; custom_padding=&#8221;0px||||false|false&#8221;]<\/p>\n<h1>Arrauna<\/h1>\n<p>\u200bArrauna, ur gainean ontzi bat propultsio bidez arraunlari bat edo gehiagoren indarra erabiliz eramatea da, eta haietako bakoitzak arraun bat edo bi erabiltzen du bigarren mailako palanka modura eta ontziaren norabideari bizkar emanez eserita joaten dira, gidatuko dituzten lemazain batekin ala ez.<\/p>\n<p>Euskadin bi modalitate praktikatzen dira arraunean: arraun olinpikoa, aulki mugikorra bezala ezagunagoa dena, eta tostako arrauna, aulki finkokoa bezala ezagutzen dena. Egia da urte askoan Santiagotarrak elkarteak bi modalitateak eduki dituela eta bietan arrakasta izan duela. Gaur egun, sekzioa olinpiar modalitatean zentratuta dago.<\/p>\n<p>[\/et_pb_text][et_pb_image src=&#8221;https:\/\/www.santiagotarrak.com\/wp-content\/uploads\/2025\/08\/remo-introduccion.png&#8221; title_text=&#8221;remo-introduccion&#8221; _builder_version=&#8221;4.8.1&#8243; hover_enabled=&#8221;0&#8243; sticky_enabled=&#8221;0&#8243;][\/et_pb_image][et_pb_text _builder_version=&#8221;4.6.2&#8243;]<\/p>\n<p>Arraun olinpikoko ontzi batean bultzadarako elementu guztiek (indar egiteko oinarri hartzen direnak) ontziaren gorputzean finko egon behar dute; arraunlaria eserita doan orga soilik mugitu daiteke. Aulki mugikorreko arraunak daukan berezitasuna da aulkia gurpil gainean doala eta era horretan hankak erabil daitezke ontziaren propultsioan laguntzeko. Arraunlaria popara begira esertzen da, hau da, mugimenduaren norabideari bizkar emanez.<\/p>\n<p>Arraun olinpikoa, ontziaren dinamikagatik, batez ere ur lasaietan praktikatzen da (ibai, kanal, laku, urmael, portu, urtegiak) bai lehiaketetan eta bai aisialdian. Estropadak 2000 metroko distantzia olinpikoaren arabera egiten dira, kategoria eta modalitate ez olinpikoetan distantzia txikiagoekin ere bai. Distantzia luzeko estropadak eta maratoiak ere egiten dira. Pisu astun eta arinetan bereizten da, baita gizonezkoen eta emakumezkoen tripulazioen arabera ere.<\/p>\n<p>[\/et_pb_text][et_pb_text _builder_version=&#8221;4.6.2&#8243;]<\/p>\n<h2>Modalitateak<\/h2>\n<p>Arraunaren modalitate desberdinak bereizten dira ontzian arraun egiten duten tripulante kopuruaren arabera, arraun bat (punta) edo bi (scull) erabiltzen duten eta lemazaina duten ala ez.<\/p>\n<p>Beraz, aulki mugikorreko arraunaren modalitateak hauek dira:<\/p>\n<table class=\"remo-tabla\">\n<tbody>\n<tr>\n<th>Irudia<\/th>\n<th>Sinboloa<\/th>\n<th>Izena<\/th>\n<th>Tripulazioa<\/th>\n<th>Lemazaina<\/th>\n<th>Modalitatea<\/th>\n<\/tr>\n<tr>\n<td><img loading=\"lazy\" class=\"wp-image-318 alignnone size-full\" src=\"https:\/\/www.santiagotarrak.com\/wp-content\/uploads\/2020\/03\/remo-1x.png\" alt=\"\" width=\"75\" height=\"40\" \/><\/td>\n<td>1x<\/td>\n<td>Skiff<\/td>\n<td>1<\/td>\n<td>No<\/td>\n<td>Scull<\/td>\n<\/tr>\n<tr>\n<td><img loading=\"lazy\" class=\"wp-image-313 alignnone size-full\" src=\"https:\/\/www.santiagotarrak.com\/wp-content\/uploads\/2020\/03\/remo-2x.png\" alt=\"\" width=\"75\" height=\"40\" \/><\/td>\n<td>2x<\/td>\n<td>Doble<\/td>\n<td>2<\/td>\n<td>No<\/td>\n<td>Scull<\/td>\n<\/tr>\n<tr>\n<td><img loading=\"lazy\" class=\"wp-image-319 alignnone size-full\" src=\"https:\/\/www.santiagotarrak.com\/wp-content\/uploads\/2020\/03\/remo-2-.png\" alt=\"\" width=\"75\" height=\"40\" \/><\/td>\n<td>2-<\/td>\n<td>Dos sin<\/td>\n<td>2<\/td>\n<td>No<\/td>\n<td>Punta<\/td>\n<\/tr>\n<tr>\n<td><img loading=\"lazy\" class=\"wp-image-320 alignnone size-full\" src=\"https:\/\/www.santiagotarrak.com\/wp-content\/uploads\/2020\/03\/remo-2con.png\" alt=\"\" width=\"75\" height=\"40\" \/><\/td>\n<td>2+<\/td>\n<td>Dos con<\/td>\n<td>2+1<\/td>\n<td>S\u00ed<\/td>\n<td>Punta<\/td>\n<\/tr>\n<tr>\n<td><img loading=\"lazy\" class=\"wp-image-316 alignnone size-full\" src=\"https:\/\/www.santiagotarrak.com\/wp-content\/uploads\/2020\/03\/remo-4x.png\" alt=\"\" width=\"75\" height=\"40\" \/><\/td>\n<td>4x<\/td>\n<td>Cuatro<\/td>\n<td>4<\/td>\n<td>No<\/td>\n<td>Scull<\/td>\n<\/tr>\n<tr>\n<td><img loading=\"lazy\" class=\"wp-image-315 alignnone size-full\" src=\"https:\/\/www.santiagotarrak.com\/wp-content\/uploads\/2020\/03\/remo-4con.png\" alt=\"\" width=\"75\" height=\"40\" \/><\/td>\n<td>4-<\/td>\n<td>Cuatro sin<\/td>\n<td>4<\/td>\n<td>No<\/td>\n<td>Punta<\/td>\n<\/tr>\n<tr>\n<td><img loading=\"lazy\" class=\"wp-image-315 alignnone size-full\" src=\"https:\/\/www.santiagotarrak.com\/wp-content\/uploads\/2020\/03\/remo-4con.png\" alt=\"\" width=\"75\" height=\"40\" \/><\/td>\n<td>4+<\/td>\n<td>Cuatro con<\/td>\n<td>4+1<\/td>\n<td>S\u00ed<\/td>\n<td>Punta<\/td>\n<\/tr>\n<tr>\n<td><img loading=\"lazy\" class=\"wp-image-317 alignnone size-full\" src=\"https:\/\/www.santiagotarrak.com\/wp-content\/uploads\/2020\/03\/remo-8.png\" alt=\"\" width=\"75\" height=\"40\" \/><\/td>\n<td>8+<\/td>\n<td>Ocho<\/td>\n<td>8+1<\/td>\n<td>S\u00ed<\/td>\n<td>Punta<\/td>\n<\/tr>\n<\/tbody>\n<\/table>\n<p>[\/et_pb_text][\/et_pb_column_inner][\/et_pb_row_inner][\/et_pb_column][\/et_pb_section]<\/p>\n","protected":false},"excerpt":{"rendered":"<p>[et_pb_section fb_built=&#8221;1&#8243; module_class=&#8221;header-section&#8221; _builder_version=&#8221;4.8.1&#8243; background_image=&#8221;https:\/\/www.santiagotarrak.com\/wp-content\/uploads\/2025\/08\/remo-2-1-1.png&#8221; locked=&#8221;off&#8221;][et_pb_row _builder_version=&#8221;4.0.6&#8243;][et_pb_column type=&#8221;4_4&#8243; _builder_version=&#8221;4.0.6&#8243;][et_pb_text admin_label=&#8221;Remo&#8221; _builder_version=&#8221;4.4.9&#8243; locked=&#8221;off&#8221;] Arrauna [\/et_pb_text][\/et_pb_column][\/et_pb_row][\/et_pb_section][et_pb_section fb_built=&#8221;1&#8243; specialty=&#8221;on&#8221; _builder_version=&#8221;4.0.6&#8243;][et_pb_column type=&#8221;1_4&#8243; _builder_version=&#8221;3.25&#8243; custom_padding=&#8221;|||&#8221; custom_padding__hover=&#8221;|||&#8221;][et_pb_menu menu_id=&#8221;3&#8243; module_class=&#8221;menu-seccion&#8221; _builder_version=&#8221;4.0.6&#8243;][\/et_pb_menu][\/et_pb_column][et_pb_column type=&#8221;3_4&#8243; specialty_columns=&#8221;3&#8243; _builder_version=&#8221;3.25&#8243; custom_padding=&#8221;|||&#8221; custom_padding__hover=&#8221;|||&#8221;][et_pb_row_inner _builder_version=&#8221;4.0.6&#8243;][et_pb_column_inner saved_specialty_column_type=&#8221;3_4&#8243; _builder_version=&#8221;4.0.6&#8243;][et_pb_text _builder_version=&#8221;4.6.2&#8243; custom_padding=&#8221;0px||||false|false&#8221;] Arrauna \u200bArrauna, ur gainean ontzi bat propultsio bidez arraunlari bat edo gehiagoren indarra erabiliz eramatea da, eta haietako bakoitzak arraun bat [&hellip;]<\/p>\n","protected":false},"author":1,"featured_media":0,"parent":1572,"menu_order":0,"comment_status":"closed","ping_status":"closed","template":"","meta":{"_et_pb_use_builder":"on","_et_pb_old_content":"[et_pb_section fb_built=\"1\" module_class=\"header-section\" _builder_version=\"4.0.6\" background_image=\"https:\/\/www.santiagotarrak.com\/wp-content\/uploads\/2020\/03\/remo-header.jpg\" background_position=\"bottom_center\" locked=\"off\"][et_pb_row _builder_version=\"4.0.6\"][et_pb_column type=\"4_4\" _builder_version=\"4.0.6\"][et_pb_text admin_label=\"Remo\" _builder_version=\"4.0.6\" locked=\"off\"]<p class=\"header-h1\">Remo<\/p>[\/et_pb_text][\/et_pb_column][\/et_pb_row][\/et_pb_section][et_pb_section fb_built=\"1\" specialty=\"on\" _builder_version=\"4.0.6\"][et_pb_column type=\"1_4\" _builder_version=\"3.25\" custom_padding=\"|||\" custom_padding__hover=\"|||\"][et_pb_menu menu_id=\"3\" module_class=\"menu-seccion\" _builder_version=\"4.0.6\"][\/et_pb_menu][\/et_pb_column][et_pb_column type=\"3_4\" specialty_columns=\"3\" _builder_version=\"3.25\" custom_padding=\"|||\" custom_padding__hover=\"|||\"][et_pb_row_inner _builder_version=\"4.0.6\"][et_pb_column_inner saved_specialty_column_type=\"3_4\" _builder_version=\"4.0.6\"][et_pb_text admin_label=\"Introducci\u00f3n\" _builder_version=\"4.0.6\" custom_padding=\"0px||0px||false|false\"]<h1>Remo<\/h1>[\/et_pb_text][et_pb_text _builder_version=\"4.0.6\" hover_enabled=\"0\" custom_padding=\"0px||||false|false\"]<p>El Remo es la disciplina deportiva que consiste en la propulsi\u00f3n de una embarcaci\u00f3n sobre el agua, mediante la fuerza muscular de uno o varios remeros, cada uno de ellos usando uno o dos remos como palancas simples de segundo grado y sentados de espaldas a la direcci\u00f3n del avance, con o sin timonel que les gu\u00ede.<\/p>\r\n<p>En Euskadi se practican dos modalidades de remo: el remo ol\u00edmpico, m\u00e1s conocido como banco m\u00f3vil, y el remo rural denominado, banco fijo. Si bien es cierto que durante a\u00f1os, la S.D.Santiagotarrak cont\u00f3 con ambas modalidades, cosechando \u00e9xitos en las dos. Actualmente, la secci\u00f3n est\u00e1 centrada en la modalidad ol\u00edmpica.<\/p>[\/et_pb_text][et_pb_image src=\"https:\/\/www.santiagotarrak.com\/wp-content\/uploads\/2020\/03\/remo-intro.jpg\" _builder_version=\"4.0.6\"][\/et_pb_image][et_pb_text _builder_version=\"4.0.6\"]<p>En una embarcaci\u00f3n de remo ol\u00edmpico todos los elementos portantes (donde se hacen los apoyos para realizar la fuerza) deben estar fijos al cuerpo de la embarcaci\u00f3n; solamente el carro donde va sentado el remero puede moverse. El remo de banco m\u00f3vil se caracteriza por tener un asiento sobre ruedas que permite utilizar las piernas en la propulsi\u00f3n de la embarcaci\u00f3n. El remero se sienta mirando a popa, es decir, de espaldas a la direcci\u00f3n del movimiento.<\/p>\r\n<p>El remo ol\u00edmpico, debido a la din\u00e1mica del barco, se practica principalmente sobre aguas tranquilas (r\u00edos, canales, lagos, estanques, puertos, embalses), tanto para la competici\u00f3n como para el ocio. Las regatas se hacen sobre una distancia ol\u00edmpica de 2000 m, con distancias menores para ciertas categor\u00edas y modalidades no ol\u00edmpicas. Tambi\u00e9n hay regatas de larga distancia y marat\u00f3nicas. Se distingue entre pesos pesados y ligeros, as\u00ed como tripulaciones masculinas y femeninas.<\/p>[\/et_pb_text][et_pb_text _builder_version=\"4.0.6\" hover_enabled=\"0\"]<h2>Modalidades<\/h2>\r\n<p>Las diferentes modalidades de remo se clasifican seg\u00fan la cantidad de tripulantes que reman en la embarcaci\u00f3n, si se usan uno (punta) o dos remos (scull) y de si tienen timonel o no.<\/p>\r\n<p>De esta forma, las modalidades de remo de banco m\u00f3vil son:<\/p>\r\n<table class=\"remo-tabla\">\r\n<tbody>\r\n<tr>\r\n<th>Imagen<\/th>\r\n<th>S\u00edmbolo<\/th>\r\n<th>Nombre<\/th>\r\n<th>Tripulaci\u00f3n<\/th>\r\n<th>Timonel<\/th>\r\n<th>Modalidad<\/th>\r\n<\/tr>\r\n<tr>\r\n<td><img class=\"wp-image-318 alignnone size-full\" src=\"https:\/\/www.santiagotarrak.com\/wp-content\/uploads\/2020\/03\/remo-1x.png\" alt=\"\" width=\"75\" height=\"40\" \/><\/td>\r\n<td>1x<\/td>\r\n<td>Skiff<\/td>\r\n<td>1<\/td>\r\n<td>No<\/td>\r\n<td>Scull<\/td>\r\n<\/tr>\r\n<tr>\r\n<td><img class=\"wp-image-313 alignnone size-full\" src=\"https:\/\/www.santiagotarrak.com\/wp-content\/uploads\/2020\/03\/remo-2x.png\" alt=\"\" width=\"75\" height=\"40\" \/><\/td>\r\n<td>2x<\/td>\r\n<td>Doble<\/td>\r\n<td>2<\/td>\r\n<td>No<\/td>\r\n<td>Scull<\/td>\r\n<\/tr>\r\n<tr>\r\n<td><img class=\"wp-image-319 alignnone size-full\" src=\"https:\/\/www.santiagotarrak.com\/wp-content\/uploads\/2020\/03\/remo-2-.png\" alt=\"\" width=\"75\" height=\"40\" \/><\/td>\r\n<td>2-<\/td>\r\n<td>Dos sin<\/td>\r\n<td>2<\/td>\r\n<td>No<\/td>\r\n<td>Punta<\/td>\r\n<\/tr>\r\n<tr>\r\n<td><img class=\"wp-image-320 alignnone size-full\" src=\"https:\/\/www.santiagotarrak.com\/wp-content\/uploads\/2020\/03\/remo-2con.png\" alt=\"\" width=\"75\" height=\"40\" \/><\/td>\r\n<td>2+<\/td>\r\n<td>Dos con<\/td>\r\n<td>2+1<\/td>\r\n<td>S\u00ed<\/td>\r\n<td>Punta<\/td>\r\n<\/tr>\r\n<tr>\r\n<td><img class=\"wp-image-316 alignnone size-full\" src=\"https:\/\/www.santiagotarrak.com\/wp-content\/uploads\/2020\/03\/remo-4x.png\" alt=\"\" width=\"75\" height=\"40\" \/><\/td>\r\n<td>4x<\/td>\r\n<td>Cuatro<\/td>\r\n<td>4<\/td>\r\n<td>No<\/td>\r\n<td>Scull<\/td>\r\n<\/tr>\r\n<tr>\r\n<td><img class=\"wp-image-315 alignnone size-full\" src=\"https:\/\/www.santiagotarrak.com\/wp-content\/uploads\/2020\/03\/remo-4con.png\" alt=\"\" width=\"75\" height=\"40\" \/><\/td>\r\n<td>4-<\/td>\r\n<td>Cuatro sin<\/td>\r\n<td>4<\/td>\r\n<td>No<\/td>\r\n<td>Punta<\/td>\r\n<\/tr>\r\n<tr>\r\n<td><img class=\"wp-image-315 alignnone size-full\" src=\"https:\/\/www.santiagotarrak.com\/wp-content\/uploads\/2020\/03\/remo-4con.png\" alt=\"\" width=\"75\" height=\"40\" \/><\/td>\r\n<td>4+<\/td>\r\n<td>Cuatro con<\/td>\r\n<td>4+1<\/td>\r\n<td>S\u00ed<\/td>\r\n<td>Punta<\/td>\r\n<\/tr>\r\n<tr>\r\n<td><img class=\"wp-image-317 alignnone size-full\" src=\"https:\/\/www.santiagotarrak.com\/wp-content\/uploads\/2020\/03\/remo-8.png\" alt=\"\" width=\"75\" height=\"40\" \/><\/td>\r\n<td>8+<\/td>\r\n<td>Ocho<\/td>\r\n<td>8+1<\/td>\r\n<td>S\u00ed<\/td>\r\n<td>Punta<\/td>\r\n<\/tr>\r\n<\/tbody>\r\n<\/table>\r\n[\/et_pb_text][\/et_pb_column_inner][\/et_pb_row_inner][\/et_pb_column][\/et_pb_section]","_et_gb_content_width":""},"yoast_head":"<!-- This site is optimized with the Yoast SEO plugin v17.5 - https:\/\/yoast.com\/wordpress\/plugins\/seo\/ -->\n<title>Arrauna - Santiagotarrak<\/title>\n<meta name=\"robots\" content=\"index, follow, max-snippet:-1, max-image-preview:large, max-video-preview:-1\" \/>\n<link rel=\"canonical\" href=\"https:\/\/www.santiagotarrak.com\/eu\/lehiaketa\/arrauna\/\" \/>\n<meta property=\"og:locale\" content=\"eu_ES\" \/>\n<meta property=\"og:type\" content=\"article\" \/>\n<meta property=\"og:title\" content=\"Arrauna - Santiagotarrak\" \/>\n<meta property=\"og:description\" content=\"[et_pb_section fb_built=&#8221;1&#8243; module_class=&#8221;header-section&#8221; _builder_version=&#8221;4.8.1&#8243; background_image=&#8221;https:\/\/www.santiagotarrak.com\/wp-content\/uploads\/2025\/08\/remo-2-1-1.png&#8221; locked=&#8221;off&#8221;][et_pb_row _builder_version=&#8221;4.0.6&#8243;][et_pb_column type=&#8221;4_4&#8243; _builder_version=&#8221;4.0.6&#8243;][et_pb_text admin_label=&#8221;Remo&#8221; _builder_version=&#8221;4.4.9&#8243; locked=&#8221;off&#8221;] Arrauna [\/et_pb_text][\/et_pb_column][\/et_pb_row][\/et_pb_section][et_pb_section fb_built=&#8221;1&#8243; specialty=&#8221;on&#8221; _builder_version=&#8221;4.0.6&#8243;][et_pb_column type=&#8221;1_4&#8243; _builder_version=&#8221;3.25&#8243; custom_padding=&#8221;|||&#8221; custom_padding__hover=&#8221;|||&#8221;][et_pb_menu menu_id=&#8221;3&#8243; module_class=&#8221;menu-seccion&#8221; _builder_version=&#8221;4.0.6&#8243;][\/et_pb_menu][\/et_pb_column][et_pb_column type=&#8221;3_4&#8243; specialty_columns=&#8221;3&#8243; _builder_version=&#8221;3.25&#8243; custom_padding=&#8221;|||&#8221; custom_padding__hover=&#8221;|||&#8221;][et_pb_row_inner _builder_version=&#8221;4.0.6&#8243;][et_pb_column_inner saved_specialty_column_type=&#8221;3_4&#8243; _builder_version=&#8221;4.0.6&#8243;][et_pb_text _builder_version=&#8221;4.6.2&#8243; custom_padding=&#8221;0px||||false|false&#8221;] Arrauna \u200bArrauna, ur gainean ontzi bat propultsio bidez arraunlari bat edo gehiagoren indarra erabiliz eramatea da, eta haietako bakoitzak arraun bat [&hellip;]\" \/>\n<meta property=\"og:url\" content=\"https:\/\/www.santiagotarrak.com\/eu\/lehiaketa\/arrauna\/\" \/>\n<meta property=\"og:site_name\" content=\"Santiagotarrak\" \/>\n<meta property=\"article:publisher\" content=\"http:\/\/www.facebook.com\/Santiagotarrak\/\" \/>\n<meta property=\"article:modified_time\" content=\"2025-08-18T11:18:16+00:00\" \/>\n<meta property=\"og:image\" content=\"https:\/\/www.santiagotarrak.com\/wp-content\/uploads\/2020\/03\/remo-1x.png\" \/>\n<meta name=\"twitter:card\" content=\"summary_large_image\" \/>\n<meta name=\"twitter:label1\" content=\"Est. reading time\" \/>\n\t<meta name=\"twitter:data1\" content=\"2 minutes\" \/>\n<script type=\"application\/ld+json\" class=\"yoast-schema-graph\">{\"@context\":\"https:\/\/schema.org\",\"@graph\":[{\"@type\":\"Organization\",\"@id\":\"https:\/\/www.santiagotarrak.com\/#organization\",\"name\":\"Santiagotarrak\",\"url\":\"https:\/\/www.santiagotarrak.com\/\",\"sameAs\":[\"http:\/\/www.facebook.com\/Santiagotarrak\/\",\"http:\/\/www.instagram.com\/santiagotarrak\/\"],\"logo\":{\"@type\":\"ImageObject\",\"@id\":\"https:\/\/www.santiagotarrak.com\/#logo\",\"inLanguage\":\"eu-ES\",\"url\":\"https:\/\/www.santiagotarrak.com\/wp-content\/uploads\/2020\/07\/santiagotarrak.jpg\",\"contentUrl\":\"https:\/\/www.santiagotarrak.com\/wp-content\/uploads\/2020\/07\/santiagotarrak.jpg\",\"width\":400,\"height\":96,\"caption\":\"Santiagotarrak\"},\"image\":{\"@id\":\"https:\/\/www.santiagotarrak.com\/#logo\"}},{\"@type\":\"WebSite\",\"@id\":\"https:\/\/www.santiagotarrak.com\/#website\",\"url\":\"https:\/\/www.santiagotarrak.com\/\",\"name\":\"Santiagotarrak\",\"description\":\"Pirag\\u00fcismo y remo en el r\\u00edo Bidasoa\",\"publisher\":{\"@id\":\"https:\/\/www.santiagotarrak.com\/#organization\"},\"potentialAction\":[{\"@type\":\"SearchAction\",\"target\":{\"@type\":\"EntryPoint\",\"urlTemplate\":\"https:\/\/www.santiagotarrak.com\/?s={search_term_string}\"},\"query-input\":\"required name=search_term_string\"}],\"inLanguage\":\"eu-ES\"},{\"@type\":\"ImageObject\",\"@id\":\"https:\/\/www.santiagotarrak.com\/eu\/lehiaketa\/arrauna\/#primaryimage\",\"inLanguage\":\"eu-ES\",\"url\":\"https:\/\/www.santiagotarrak.com\/wp-content\/uploads\/2020\/03\/remo-1x.png\",\"contentUrl\":\"https:\/\/www.santiagotarrak.com\/wp-content\/uploads\/2020\/03\/remo-1x.png\",\"width\":75,\"height\":40},{\"@type\":\"WebPage\",\"@id\":\"https:\/\/www.santiagotarrak.com\/eu\/lehiaketa\/arrauna\/#webpage\",\"url\":\"https:\/\/www.santiagotarrak.com\/eu\/lehiaketa\/arrauna\/\",\"name\":\"Arrauna - Santiagotarrak\",\"isPartOf\":{\"@id\":\"https:\/\/www.santiagotarrak.com\/#website\"},\"primaryImageOfPage\":{\"@id\":\"https:\/\/www.santiagotarrak.com\/eu\/lehiaketa\/arrauna\/#primaryimage\"},\"datePublished\":\"2020-03-20T10:46:49+00:00\",\"dateModified\":\"2025-08-18T11:18:16+00:00\",\"breadcrumb\":{\"@id\":\"https:\/\/www.santiagotarrak.com\/eu\/lehiaketa\/arrauna\/#breadcrumb\"},\"inLanguage\":\"eu-ES\",\"potentialAction\":[{\"@type\":\"ReadAction\",\"target\":[\"https:\/\/www.santiagotarrak.com\/eu\/lehiaketa\/arrauna\/\"]}]},{\"@type\":\"BreadcrumbList\",\"@id\":\"https:\/\/www.santiagotarrak.com\/eu\/lehiaketa\/arrauna\/#breadcrumb\",\"itemListElement\":[{\"@type\":\"ListItem\",\"position\":1,\"name\":\"Portada\",\"item\":\"https:\/\/www.santiagotarrak.com\/eu\/\"},{\"@type\":\"ListItem\",\"position\":2,\"name\":\"Lehiaketa\",\"item\":\"https:\/\/www.santiagotarrak.com\/es\/competicion\/\"},{\"@type\":\"ListItem\",\"position\":3,\"name\":\"Arrauna\"}]}]}<\/script>\n<!-- \/ Yoast SEO plugin. -->","yoast_head_json":{"title":"Arrauna - Santiagotarrak","robots":{"index":"index","follow":"follow","max-snippet":"max-snippet:-1","max-image-preview":"max-image-preview:large","max-video-preview":"max-video-preview:-1"},"canonical":"https:\/\/www.santiagotarrak.com\/eu\/lehiaketa\/arrauna\/","og_locale":"eu_ES","og_type":"article","og_title":"Arrauna - Santiagotarrak","og_description":"[et_pb_section fb_built=&#8221;1&#8243; module_class=&#8221;header-section&#8221; _builder_version=&#8221;4.8.1&#8243; background_image=&#8221;https:\/\/www.santiagotarrak.com\/wp-content\/uploads\/2025\/08\/remo-2-1-1.png&#8221; locked=&#8221;off&#8221;][et_pb_row _builder_version=&#8221;4.0.6&#8243;][et_pb_column type=&#8221;4_4&#8243; _builder_version=&#8221;4.0.6&#8243;][et_pb_text admin_label=&#8221;Remo&#8221; _builder_version=&#8221;4.4.9&#8243; locked=&#8221;off&#8221;] Arrauna [\/et_pb_text][\/et_pb_column][\/et_pb_row][\/et_pb_section][et_pb_section fb_built=&#8221;1&#8243; specialty=&#8221;on&#8221; _builder_version=&#8221;4.0.6&#8243;][et_pb_column type=&#8221;1_4&#8243; _builder_version=&#8221;3.25&#8243; custom_padding=&#8221;|||&#8221; custom_padding__hover=&#8221;|||&#8221;][et_pb_menu menu_id=&#8221;3&#8243; module_class=&#8221;menu-seccion&#8221; _builder_version=&#8221;4.0.6&#8243;][\/et_pb_menu][\/et_pb_column][et_pb_column type=&#8221;3_4&#8243; specialty_columns=&#8221;3&#8243; _builder_version=&#8221;3.25&#8243; custom_padding=&#8221;|||&#8221; custom_padding__hover=&#8221;|||&#8221;][et_pb_row_inner _builder_version=&#8221;4.0.6&#8243;][et_pb_column_inner saved_specialty_column_type=&#8221;3_4&#8243; _builder_version=&#8221;4.0.6&#8243;][et_pb_text _builder_version=&#8221;4.6.2&#8243; custom_padding=&#8221;0px||||false|false&#8221;] Arrauna \u200bArrauna, ur gainean ontzi bat propultsio bidez arraunlari bat edo gehiagoren indarra erabiliz eramatea da, eta haietako bakoitzak arraun bat [&hellip;]","og_url":"https:\/\/www.santiagotarrak.com\/eu\/lehiaketa\/arrauna\/","og_site_name":"Santiagotarrak","article_publisher":"http:\/\/www.facebook.com\/Santiagotarrak\/","article_modified_time":"2025-08-18T11:18:16+00:00","og_image":[{"url":"https:\/\/www.santiagotarrak.com\/wp-content\/uploads\/2020\/03\/remo-1x.png"}],"twitter_card":"summary_large_image","twitter_misc":{"Est. reading time":"2 minutes"},"schema":{"@context":"https:\/\/schema.org","@graph":[{"@type":"Organization","@id":"https:\/\/www.santiagotarrak.com\/#organization","name":"Santiagotarrak","url":"https:\/\/www.santiagotarrak.com\/","sameAs":["http:\/\/www.facebook.com\/Santiagotarrak\/","http:\/\/www.instagram.com\/santiagotarrak\/"],"logo":{"@type":"ImageObject","@id":"https:\/\/www.santiagotarrak.com\/#logo","inLanguage":"eu-ES","url":"https:\/\/www.santiagotarrak.com\/wp-content\/uploads\/2020\/07\/santiagotarrak.jpg","contentUrl":"https:\/\/www.santiagotarrak.com\/wp-content\/uploads\/2020\/07\/santiagotarrak.jpg","width":400,"height":96,"caption":"Santiagotarrak"},"image":{"@id":"https:\/\/www.santiagotarrak.com\/#logo"}},{"@type":"WebSite","@id":"https:\/\/www.santiagotarrak.com\/#website","url":"https:\/\/www.santiagotarrak.com\/","name":"Santiagotarrak","description":"Pirag\u00fcismo y remo en el r\u00edo Bidasoa","publisher":{"@id":"https:\/\/www.santiagotarrak.com\/#organization"},"potentialAction":[{"@type":"SearchAction","target":{"@type":"EntryPoint","urlTemplate":"https:\/\/www.santiagotarrak.com\/?s={search_term_string}"},"query-input":"required name=search_term_string"}],"inLanguage":"eu-ES"},{"@type":"ImageObject","@id":"https:\/\/www.santiagotarrak.com\/eu\/lehiaketa\/arrauna\/#primaryimage","inLanguage":"eu-ES","url":"https:\/\/www.santiagotarrak.com\/wp-content\/uploads\/2020\/03\/remo-1x.png","contentUrl":"https:\/\/www.santiagotarrak.com\/wp-content\/uploads\/2020\/03\/remo-1x.png","width":75,"height":40},{"@type":"WebPage","@id":"https:\/\/www.santiagotarrak.com\/eu\/lehiaketa\/arrauna\/#webpage","url":"https:\/\/www.santiagotarrak.com\/eu\/lehiaketa\/arrauna\/","name":"Arrauna - Santiagotarrak","isPartOf":{"@id":"https:\/\/www.santiagotarrak.com\/#website"},"primaryImageOfPage":{"@id":"https:\/\/www.santiagotarrak.com\/eu\/lehiaketa\/arrauna\/#primaryimage"},"datePublished":"2020-03-20T10:46:49+00:00","dateModified":"2025-08-18T11:18:16+00:00","breadcrumb":{"@id":"https:\/\/www.santiagotarrak.com\/eu\/lehiaketa\/arrauna\/#breadcrumb"},"inLanguage":"eu-ES","potentialAction":[{"@type":"ReadAction","target":["https:\/\/www.santiagotarrak.com\/eu\/lehiaketa\/arrauna\/"]}]},{"@type":"BreadcrumbList","@id":"https:\/\/www.santiagotarrak.com\/eu\/lehiaketa\/arrauna\/#breadcrumb","itemListElement":[{"@type":"ListItem","position":1,"name":"Portada","item":"https:\/\/www.santiagotarrak.com\/eu\/"},{"@type":"ListItem","position":2,"name":"Lehiaketa","item":"https:\/\/www.santiagotarrak.com\/es\/competicion\/"},{"@type":"ListItem","position":3,"name":"Arrauna"}]}]}},"_links":{"self":[{"href":"https:\/\/www.santiagotarrak.com\/eu\/wp-json\/wp\/v2\/pages\/1632"}],"collection":[{"href":"https:\/\/www.santiagotarrak.com\/eu\/wp-json\/wp\/v2\/pages"}],"about":[{"href":"https:\/\/www.santiagotarrak.com\/eu\/wp-json\/wp\/v2\/types\/page"}],"author":[{"embeddable":true,"href":"https:\/\/www.santiagotarrak.com\/eu\/wp-json\/wp\/v2\/users\/1"}],"replies":[{"embeddable":true,"href":"https:\/\/www.santiagotarrak.com\/eu\/wp-json\/wp\/v2\/comments?post=1632"}],"version-history":[{"count":13,"href":"https:\/\/www.santiagotarrak.com\/eu\/wp-json\/wp\/v2\/pages\/1632\/revisions"}],"predecessor-version":[{"id":3887,"href":"https:\/\/www.santiagotarrak.com\/eu\/wp-json\/wp\/v2\/pages\/1632\/revisions\/3887"}],"up":[{"embeddable":true,"href":"https:\/\/www.santiagotarrak.com\/eu\/wp-json\/wp\/v2\/pages\/1572"}],"wp:attachment":[{"href":"https:\/\/www.santiagotarrak.com\/eu\/wp-json\/wp\/v2\/media?parent=1632"}],"curies":[{"name":"wp","href":"https:\/\/api.w.org\/{rel}","templated":true}]}}