{"id":1664,"date":"2020-03-21T07:23:42","date_gmt":"2020-03-21T06:23:42","guid":{"rendered":"https:\/\/www.santiagotarrak.com\/?page_id=1664"},"modified":"2025-10-15T13:06:25","modified_gmt":"2025-10-15T11:06:25","slug":"organigrama","status":"publish","type":"page","link":"https:\/\/www.santiagotarrak.com\/eu\/lehiaketa\/arrauna\/organigrama\/","title":{"rendered":"Organigrama"},"content":{"rendered":"<p>[et_pb_section fb_built=&#8221;1&#8243; module_class=&#8221;header-section&#8221; _builder_version=&#8221;4.8.1&#8243; background_image=&#8221;https:\/\/www.santiagotarrak.com\/wp-content\/uploads\/2021\/03\/51013555342_463bec281a_o_1-scaled.jpg&#8221; locked=&#8221;off&#8221;][et_pb_row _builder_version=&#8221;4.0.6&#8243;][et_pb_column type=&#8221;4_4&#8243; _builder_version=&#8221;4.0.6&#8243;][et_pb_text admin_label=&#8221;Remo&#8221; _builder_version=&#8221;4.6.2&#8243; locked=&#8221;off&#8221;]<\/p>\n<p class=\"header-h1\">Arrauna<\/p>\n<p>[\/et_pb_text][\/et_pb_column][\/et_pb_row][\/et_pb_section][et_pb_section fb_built=&#8221;1&#8243; specialty=&#8221;on&#8221; module_class_2=&#8221;content-column&#8221; _builder_version=&#8221;4.0.6&#8243; locked=&#8221;off&#8221;][et_pb_column type=&#8221;1_4&#8243; _builder_version=&#8221;3.25&#8243; custom_padding=&#8221;|||&#8221; custom_padding__hover=&#8221;|||&#8221;][et_pb_menu menu_id=&#8221;3&#8243; module_class=&#8221;menu-seccion&#8221; _builder_version=&#8221;4.0.6&#8243; locked=&#8221;off&#8221;][\/et_pb_menu][\/et_pb_column][et_pb_column type=&#8221;3_4&#8243; specialty_columns=&#8221;3&#8243; _builder_version=&#8221;3.25&#8243; custom_padding=&#8221;|||&#8221; custom_padding__hover=&#8221;|||&#8221;][et_pb_row_inner _builder_version=&#8221;4.0.6&#8243;][et_pb_column_inner saved_specialty_column_type=&#8221;3_4&#8243; _builder_version=&#8221;4.0.6&#8243;][et_pb_text admin_label=&#8221;Organigrama&#8221; _builder_version=&#8221;4.6.2&#8243;]<\/p>\n<h1>Arraun sekzioaren organigrama<\/h1>\n<p>[\/et_pb_text][et_pb_text module_class=&#8221;organigrama&#8221; _builder_version=&#8221;4.8.1&#8243; hover_enabled=&#8221;0&#8243; sticky_enabled=&#8221;0&#8243;]<\/p>\n<h2>Kirol arloa<\/h2>\n<ul>\n<li><strong>Zuzendaritza Teknikoa<\/strong>: I\u00f1aki Zabaleta, Jokin Indias e I\u00f1aki Pe\u00f1a.\n<ul>\n<li><strong>Kirol batzordea<\/strong>: I\u00f1aki Zabaleta, Jokin Indias, Igor Gomez, Ioritz Telleria, Aitor Olazabal e I\u00f1aki Pe\u00f1a.<\/li>\n<\/ul>\n<\/li>\n<\/ul>\n<h4>Kategoriak:<\/h4>\n<ul>\n<li><strong>ALEBIN<\/strong> (arraun ekola) eta <strong>INFANTIL<\/strong>, koordinatzailea: I\u00f1aki Zabaleta.\n<ul>\n<li><strong>ALEBIN lan-taldea<\/strong> (arraun ekola): Julen Beltr\u00e1n y Luken Solozabal.<\/li>\n<li><strong>INFANTIL lan-taldea<\/strong>: Josu Villafranca, Ainhoa Zapirain y Eneko Irigoyen.<\/li>\n<\/ul>\n<\/li>\n<li><strong>CADETE eta JUNIOR<\/strong>, koordinatzailea: Jokin Indias.\n<ul>\n<li><strong>Lan-taldea<\/strong>: Ioritz Telleria, Aitor Olazabal e I\u00f1aki Pe\u00f1a.<\/li>\n<\/ul>\n<\/li>\n<li><strong>U23 eta ABSOLUTU<\/strong>, koordinatzailea: I\u00f1aki Pe\u00f1a.\n<ul>\n<li><strong>Lan-taldea<\/strong>: Igor Gomez, Aitor Olazabal y Aitzpea Gonzalez.<\/li>\n<\/ul>\n<\/li>\n<li><strong>MASTER<\/strong>, koordinatzaileak: Josu Villafranca, Koldo Laguardia y David Sevine.<\/li>\n<\/ul>\n<h2>Mantentze-lanen arloa<\/h2>\n<ul>\n<li><strong>Arduraduna<\/strong>: I\u00f1aki Zapirain.<\/li>\n<\/ul>\n<h2>Zuzendaritza-arloa<\/h2>\n<ul>\n<li><strong>Zuzendaritza Batzordeko ordezkaria<\/strong>: I\u00f1aki Pe\u00f1a.<\/li>\n<\/ul>\n<p>[\/et_pb_text][\/et_pb_column_inner][\/et_pb_row_inner][\/et_pb_column][\/et_pb_section]<\/p>\n","protected":false},"excerpt":{"rendered":"<p>[et_pb_section fb_built=&#8221;1&#8243; module_class=&#8221;header-section&#8221; _builder_version=&#8221;4.8.1&#8243; background_image=&#8221;https:\/\/www.santiagotarrak.com\/wp-content\/uploads\/2021\/03\/51013555342_463bec281a_o_1-scaled.jpg&#8221; locked=&#8221;off&#8221;][et_pb_row _builder_version=&#8221;4.0.6&#8243;][et_pb_column type=&#8221;4_4&#8243; _builder_version=&#8221;4.0.6&#8243;][et_pb_text admin_label=&#8221;Remo&#8221; _builder_version=&#8221;4.6.2&#8243; locked=&#8221;off&#8221;] Arrauna [\/et_pb_text][\/et_pb_column][\/et_pb_row][\/et_pb_section][et_pb_section fb_built=&#8221;1&#8243; specialty=&#8221;on&#8221; module_class_2=&#8221;content-column&#8221; _builder_version=&#8221;4.0.6&#8243; locked=&#8221;off&#8221;][et_pb_column type=&#8221;1_4&#8243; _builder_version=&#8221;3.25&#8243; custom_padding=&#8221;|||&#8221; custom_padding__hover=&#8221;|||&#8221;][et_pb_menu menu_id=&#8221;3&#8243; module_class=&#8221;menu-seccion&#8221; _builder_version=&#8221;4.0.6&#8243; locked=&#8221;off&#8221;][\/et_pb_menu][\/et_pb_column][et_pb_column type=&#8221;3_4&#8243; specialty_columns=&#8221;3&#8243; _builder_version=&#8221;3.25&#8243; custom_padding=&#8221;|||&#8221; custom_padding__hover=&#8221;|||&#8221;][et_pb_row_inner _builder_version=&#8221;4.0.6&#8243;][et_pb_column_inner saved_specialty_column_type=&#8221;3_4&#8243; _builder_version=&#8221;4.0.6&#8243;][et_pb_text admin_label=&#8221;Organigrama&#8221; _builder_version=&#8221;4.6.2&#8243;] Arraun sekzioaren organigrama [\/et_pb_text][et_pb_text module_class=&#8221;organigrama&#8221; _builder_version=&#8221;4.8.1&#8243; hover_enabled=&#8221;0&#8243; sticky_enabled=&#8221;0&#8243;] Kirol arloa Zuzendaritza Teknikoa: I\u00f1aki Zabaleta, Jokin Indias e I\u00f1aki [&hellip;]<\/p>\n","protected":false},"author":1,"featured_media":0,"parent":1632,"menu_order":5,"comment_status":"closed","ping_status":"closed","template":"","meta":{"_et_pb_use_builder":"on","_et_pb_old_content":"[et_pb_section fb_built=\"1\" module_class=\"header-section\" _builder_version=\"4.0.6\" background_image=\"https:\/\/www.santiagotarrak.com\/wp-content\/uploads\/2020\/03\/remo-header.jpg\" background_position=\"bottom_center\" locked=\"off\"][et_pb_row _builder_version=\"4.0.6\"][et_pb_column type=\"4_4\" _builder_version=\"4.0.6\"][et_pb_text admin_label=\"Remo\" _builder_version=\"4.0.6\" locked=\"off\"]<p class=\"header-h1\">Remo<\/p>[\/et_pb_text][\/et_pb_column][\/et_pb_row][\/et_pb_section][et_pb_section fb_built=\"1\" specialty=\"on\" module_class_2=\"content-column\" _builder_version=\"4.0.6\" hover_enabled=\"0\" locked=\"off\"][et_pb_column type=\"1_4\" _builder_version=\"3.25\" custom_padding=\"|||\" custom_padding__hover=\"|||\"][et_pb_menu menu_id=\"3\" module_class=\"menu-seccion\" _builder_version=\"4.0.6\" locked=\"off\"][\/et_pb_menu][\/et_pb_column][et_pb_column type=\"3_4\" specialty_columns=\"3\" _builder_version=\"3.25\" custom_padding=\"|||\" custom_padding__hover=\"|||\"][et_pb_row_inner _builder_version=\"4.0.6\"][et_pb_column_inner saved_specialty_column_type=\"3_4\" _builder_version=\"4.0.6\"][et_pb_text admin_label=\"Organigrama\" _builder_version=\"4.0.6\"]<h1>Organigrama de la secci\u00f3n de Remo<\/h1>[\/et_pb_text][et_pb_text module_class=\"organigrama\" _builder_version=\"4.0.6\"]<p><strong>COMISI\u00d3N DEPORTIVA REMO<\/strong>: I\u00f1aki Zabaleta, I\u00f1aki Pe\u00f1a, Inaxio Gonz\u00e1lez y Antxon Arellano<\/p>\r\n<ul>\r\n<li><strong>Direcci\u00f3n t\u00e9cnica<\/strong>: I\u00f1aki Zabaleta e I\u00f1aki Pe\u00f1a\r\n<ul>\r\n<li><strong>Entrenador Alev\u00edn-Infantil-Cadete<\/strong>: I\u00f1aki Zabaleta\r\n<ul>\r\n<li><strong>Equipo de trabajo<\/strong>: Jokin Indias, Josu Villafranca, I\u00f1igo I\u00f1arra<\/li>\r\n<\/ul>\r\n<\/li>\r\n<\/ul>\r\n<ul>\r\n<li><strong>Entrenador Junior-U23-Absoluto<\/strong>: I\u00f1aki Pe\u00f1a\r\n<ul>\r\n<li><strong>Equipo de trabajo<\/strong>: Ioritz Telleria, Igor G\u00f3mez, Mikel Arocena, Mikel Aragon<\/li>\r\n<\/ul>\r\n<\/li>\r\n<\/ul>\r\n<\/li>\r\n<li><strong>Representante Junta Directiva<\/strong>: Jokin Indias<\/li>\r\n<\/ul>[\/et_pb_text][\/et_pb_column_inner][\/et_pb_row_inner][\/et_pb_column][\/et_pb_section]","_et_gb_content_width":""},"yoast_head":"<!-- This site is optimized with the Yoast SEO plugin v17.5 - https:\/\/yoast.com\/wordpress\/plugins\/seo\/ -->\n<title>Organigrama - Santiagotarrak<\/title>\n<meta name=\"robots\" content=\"index, follow, max-snippet:-1, max-image-preview:large, max-video-preview:-1\" \/>\n<link rel=\"canonical\" href=\"https:\/\/www.santiagotarrak.com\/eu\/lehiaketa\/arrauna\/organigrama\/\" \/>\n<meta property=\"og:locale\" content=\"eu_ES\" \/>\n<meta property=\"og:type\" content=\"article\" \/>\n<meta property=\"og:title\" content=\"Organigrama - Santiagotarrak\" \/>\n<meta property=\"og:description\" content=\"[et_pb_section fb_built=&#8221;1&#8243; module_class=&#8221;header-section&#8221; _builder_version=&#8221;4.8.1&#8243; background_image=&#8221;https:\/\/www.santiagotarrak.com\/wp-content\/uploads\/2021\/03\/51013555342_463bec281a_o_1-scaled.jpg&#8221; locked=&#8221;off&#8221;][et_pb_row _builder_version=&#8221;4.0.6&#8243;][et_pb_column type=&#8221;4_4&#8243; _builder_version=&#8221;4.0.6&#8243;][et_pb_text admin_label=&#8221;Remo&#8221; _builder_version=&#8221;4.6.2&#8243; locked=&#8221;off&#8221;] Arrauna [\/et_pb_text][\/et_pb_column][\/et_pb_row][\/et_pb_section][et_pb_section fb_built=&#8221;1&#8243; specialty=&#8221;on&#8221; module_class_2=&#8221;content-column&#8221; _builder_version=&#8221;4.0.6&#8243; locked=&#8221;off&#8221;][et_pb_column type=&#8221;1_4&#8243; _builder_version=&#8221;3.25&#8243; custom_padding=&#8221;|||&#8221; custom_padding__hover=&#8221;|||&#8221;][et_pb_menu menu_id=&#8221;3&#8243; module_class=&#8221;menu-seccion&#8221; _builder_version=&#8221;4.0.6&#8243; locked=&#8221;off&#8221;][\/et_pb_menu][\/et_pb_column][et_pb_column type=&#8221;3_4&#8243; specialty_columns=&#8221;3&#8243; _builder_version=&#8221;3.25&#8243; custom_padding=&#8221;|||&#8221; custom_padding__hover=&#8221;|||&#8221;][et_pb_row_inner _builder_version=&#8221;4.0.6&#8243;][et_pb_column_inner saved_specialty_column_type=&#8221;3_4&#8243; _builder_version=&#8221;4.0.6&#8243;][et_pb_text admin_label=&#8221;Organigrama&#8221; _builder_version=&#8221;4.6.2&#8243;] Arraun sekzioaren organigrama [\/et_pb_text][et_pb_text module_class=&#8221;organigrama&#8221; _builder_version=&#8221;4.8.1&#8243; hover_enabled=&#8221;0&#8243; sticky_enabled=&#8221;0&#8243;] Kirol arloa Zuzendaritza Teknikoa: I\u00f1aki Zabaleta, Jokin Indias e I\u00f1aki [&hellip;]\" \/>\n<meta property=\"og:url\" content=\"https:\/\/www.santiagotarrak.com\/eu\/lehiaketa\/arrauna\/organigrama\/\" \/>\n<meta property=\"og:site_name\" content=\"Santiagotarrak\" \/>\n<meta property=\"article:publisher\" content=\"http:\/\/www.facebook.com\/Santiagotarrak\/\" \/>\n<meta property=\"article:modified_time\" content=\"2025-10-15T11:06:25+00:00\" \/>\n<meta name=\"twitter:card\" content=\"summary_large_image\" \/>\n<meta name=\"twitter:label1\" content=\"Est. reading time\" \/>\n\t<meta name=\"twitter:data1\" content=\"1 minute\" \/>\n<script type=\"application\/ld+json\" class=\"yoast-schema-graph\">{\"@context\":\"https:\/\/schema.org\",\"@graph\":[{\"@type\":\"Organization\",\"@id\":\"https:\/\/www.santiagotarrak.com\/#organization\",\"name\":\"Santiagotarrak\",\"url\":\"https:\/\/www.santiagotarrak.com\/\",\"sameAs\":[\"http:\/\/www.facebook.com\/Santiagotarrak\/\",\"http:\/\/www.instagram.com\/santiagotarrak\/\"],\"logo\":{\"@type\":\"ImageObject\",\"@id\":\"https:\/\/www.santiagotarrak.com\/#logo\",\"inLanguage\":\"eu-ES\",\"url\":\"https:\/\/www.santiagotarrak.com\/wp-content\/uploads\/2020\/07\/santiagotarrak.jpg\",\"contentUrl\":\"https:\/\/www.santiagotarrak.com\/wp-content\/uploads\/2020\/07\/santiagotarrak.jpg\",\"width\":400,\"height\":96,\"caption\":\"Santiagotarrak\"},\"image\":{\"@id\":\"https:\/\/www.santiagotarrak.com\/#logo\"}},{\"@type\":\"WebSite\",\"@id\":\"https:\/\/www.santiagotarrak.com\/#website\",\"url\":\"https:\/\/www.santiagotarrak.com\/\",\"name\":\"Santiagotarrak\",\"description\":\"Pirag\\u00fcismo y remo en el r\\u00edo Bidasoa\",\"publisher\":{\"@id\":\"https:\/\/www.santiagotarrak.com\/#organization\"},\"potentialAction\":[{\"@type\":\"SearchAction\",\"target\":{\"@type\":\"EntryPoint\",\"urlTemplate\":\"https:\/\/www.santiagotarrak.com\/?s={search_term_string}\"},\"query-input\":\"required name=search_term_string\"}],\"inLanguage\":\"eu-ES\"},{\"@type\":\"WebPage\",\"@id\":\"https:\/\/www.santiagotarrak.com\/eu\/lehiaketa\/arrauna\/organigrama\/#webpage\",\"url\":\"https:\/\/www.santiagotarrak.com\/eu\/lehiaketa\/arrauna\/organigrama\/\",\"name\":\"Organigrama - Santiagotarrak\",\"isPartOf\":{\"@id\":\"https:\/\/www.santiagotarrak.com\/#website\"},\"datePublished\":\"2020-03-21T06:23:42+00:00\",\"dateModified\":\"2025-10-15T11:06:25+00:00\",\"breadcrumb\":{\"@id\":\"https:\/\/www.santiagotarrak.com\/eu\/lehiaketa\/arrauna\/organigrama\/#breadcrumb\"},\"inLanguage\":\"eu-ES\",\"potentialAction\":[{\"@type\":\"ReadAction\",\"target\":[\"https:\/\/www.santiagotarrak.com\/eu\/lehiaketa\/arrauna\/organigrama\/\"]}]},{\"@type\":\"BreadcrumbList\",\"@id\":\"https:\/\/www.santiagotarrak.com\/eu\/lehiaketa\/arrauna\/organigrama\/#breadcrumb\",\"itemListElement\":[{\"@type\":\"ListItem\",\"position\":1,\"name\":\"Portada\",\"item\":\"https:\/\/www.santiagotarrak.com\/eu\/\"},{\"@type\":\"ListItem\",\"position\":2,\"name\":\"Lehiaketa\",\"item\":\"https:\/\/www.santiagotarrak.com\/es\/competicion\/\"},{\"@type\":\"ListItem\",\"position\":3,\"name\":\"Arrauna\",\"item\":\"https:\/\/www.santiagotarrak.com\/eu\/lehiaketa\/arrauna\/\"},{\"@type\":\"ListItem\",\"position\":4,\"name\":\"Organigrama\"}]}]}<\/script>\n<!-- \/ Yoast SEO plugin. -->","yoast_head_json":{"title":"Organigrama - Santiagotarrak","robots":{"index":"index","follow":"follow","max-snippet":"max-snippet:-1","max-image-preview":"max-image-preview:large","max-video-preview":"max-video-preview:-1"},"canonical":"https:\/\/www.santiagotarrak.com\/eu\/lehiaketa\/arrauna\/organigrama\/","og_locale":"eu_ES","og_type":"article","og_title":"Organigrama - Santiagotarrak","og_description":"[et_pb_section fb_built=&#8221;1&#8243; module_class=&#8221;header-section&#8221; _builder_version=&#8221;4.8.1&#8243; background_image=&#8221;https:\/\/www.santiagotarrak.com\/wp-content\/uploads\/2021\/03\/51013555342_463bec281a_o_1-scaled.jpg&#8221; locked=&#8221;off&#8221;][et_pb_row _builder_version=&#8221;4.0.6&#8243;][et_pb_column type=&#8221;4_4&#8243; _builder_version=&#8221;4.0.6&#8243;][et_pb_text admin_label=&#8221;Remo&#8221; _builder_version=&#8221;4.6.2&#8243; locked=&#8221;off&#8221;] Arrauna [\/et_pb_text][\/et_pb_column][\/et_pb_row][\/et_pb_section][et_pb_section fb_built=&#8221;1&#8243; specialty=&#8221;on&#8221; module_class_2=&#8221;content-column&#8221; _builder_version=&#8221;4.0.6&#8243; locked=&#8221;off&#8221;][et_pb_column type=&#8221;1_4&#8243; _builder_version=&#8221;3.25&#8243; custom_padding=&#8221;|||&#8221; custom_padding__hover=&#8221;|||&#8221;][et_pb_menu menu_id=&#8221;3&#8243; module_class=&#8221;menu-seccion&#8221; _builder_version=&#8221;4.0.6&#8243; locked=&#8221;off&#8221;][\/et_pb_menu][\/et_pb_column][et_pb_column type=&#8221;3_4&#8243; specialty_columns=&#8221;3&#8243; _builder_version=&#8221;3.25&#8243; custom_padding=&#8221;|||&#8221; custom_padding__hover=&#8221;|||&#8221;][et_pb_row_inner _builder_version=&#8221;4.0.6&#8243;][et_pb_column_inner saved_specialty_column_type=&#8221;3_4&#8243; _builder_version=&#8221;4.0.6&#8243;][et_pb_text admin_label=&#8221;Organigrama&#8221; _builder_version=&#8221;4.6.2&#8243;] Arraun sekzioaren organigrama [\/et_pb_text][et_pb_text module_class=&#8221;organigrama&#8221; _builder_version=&#8221;4.8.1&#8243; hover_enabled=&#8221;0&#8243; sticky_enabled=&#8221;0&#8243;] Kirol arloa Zuzendaritza Teknikoa: I\u00f1aki Zabaleta, Jokin Indias e I\u00f1aki [&hellip;]","og_url":"https:\/\/www.santiagotarrak.com\/eu\/lehiaketa\/arrauna\/organigrama\/","og_site_name":"Santiagotarrak","article_publisher":"http:\/\/www.facebook.com\/Santiagotarrak\/","article_modified_time":"2025-10-15T11:06:25+00:00","twitter_card":"summary_large_image","twitter_misc":{"Est. reading time":"1 minute"},"schema":{"@context":"https:\/\/schema.org","@graph":[{"@type":"Organization","@id":"https:\/\/www.santiagotarrak.com\/#organization","name":"Santiagotarrak","url":"https:\/\/www.santiagotarrak.com\/","sameAs":["http:\/\/www.facebook.com\/Santiagotarrak\/","http:\/\/www.instagram.com\/santiagotarrak\/"],"logo":{"@type":"ImageObject","@id":"https:\/\/www.santiagotarrak.com\/#logo","inLanguage":"eu-ES","url":"https:\/\/www.santiagotarrak.com\/wp-content\/uploads\/2020\/07\/santiagotarrak.jpg","contentUrl":"https:\/\/www.santiagotarrak.com\/wp-content\/uploads\/2020\/07\/santiagotarrak.jpg","width":400,"height":96,"caption":"Santiagotarrak"},"image":{"@id":"https:\/\/www.santiagotarrak.com\/#logo"}},{"@type":"WebSite","@id":"https:\/\/www.santiagotarrak.com\/#website","url":"https:\/\/www.santiagotarrak.com\/","name":"Santiagotarrak","description":"Pirag\u00fcismo y remo en el r\u00edo Bidasoa","publisher":{"@id":"https:\/\/www.santiagotarrak.com\/#organization"},"potentialAction":[{"@type":"SearchAction","target":{"@type":"EntryPoint","urlTemplate":"https:\/\/www.santiagotarrak.com\/?s={search_term_string}"},"query-input":"required name=search_term_string"}],"inLanguage":"eu-ES"},{"@type":"WebPage","@id":"https:\/\/www.santiagotarrak.com\/eu\/lehiaketa\/arrauna\/organigrama\/#webpage","url":"https:\/\/www.santiagotarrak.com\/eu\/lehiaketa\/arrauna\/organigrama\/","name":"Organigrama - Santiagotarrak","isPartOf":{"@id":"https:\/\/www.santiagotarrak.com\/#website"},"datePublished":"2020-03-21T06:23:42+00:00","dateModified":"2025-10-15T11:06:25+00:00","breadcrumb":{"@id":"https:\/\/www.santiagotarrak.com\/eu\/lehiaketa\/arrauna\/organigrama\/#breadcrumb"},"inLanguage":"eu-ES","potentialAction":[{"@type":"ReadAction","target":["https:\/\/www.santiagotarrak.com\/eu\/lehiaketa\/arrauna\/organigrama\/"]}]},{"@type":"BreadcrumbList","@id":"https:\/\/www.santiagotarrak.com\/eu\/lehiaketa\/arrauna\/organigrama\/#breadcrumb","itemListElement":[{"@type":"ListItem","position":1,"name":"Portada","item":"https:\/\/www.santiagotarrak.com\/eu\/"},{"@type":"ListItem","position":2,"name":"Lehiaketa","item":"https:\/\/www.santiagotarrak.com\/es\/competicion\/"},{"@type":"ListItem","position":3,"name":"Arrauna","item":"https:\/\/www.santiagotarrak.com\/eu\/lehiaketa\/arrauna\/"},{"@type":"ListItem","position":4,"name":"Organigrama"}]}]}},"_links":{"self":[{"href":"https:\/\/www.santiagotarrak.com\/eu\/wp-json\/wp\/v2\/pages\/1664"}],"collection":[{"href":"https:\/\/www.santiagotarrak.com\/eu\/wp-json\/wp\/v2\/pages"}],"about":[{"href":"https:\/\/www.santiagotarrak.com\/eu\/wp-json\/wp\/v2\/types\/page"}],"author":[{"embeddable":true,"href":"https:\/\/www.santiagotarrak.com\/eu\/wp-json\/wp\/v2\/users\/1"}],"replies":[{"embeddable":true,"href":"https:\/\/www.santiagotarrak.com\/eu\/wp-json\/wp\/v2\/comments?post=1664"}],"version-history":[{"count":12,"href":"https:\/\/www.santiagotarrak.com\/eu\/wp-json\/wp\/v2\/pages\/1664\/revisions"}],"predecessor-version":[{"id":3960,"href":"https:\/\/www.santiagotarrak.com\/eu\/wp-json\/wp\/v2\/pages\/1664\/revisions\/3960"}],"up":[{"embeddable":true,"href":"https:\/\/www.santiagotarrak.com\/eu\/wp-json\/wp\/v2\/pages\/1632"}],"wp:attachment":[{"href":"https:\/\/www.santiagotarrak.com\/eu\/wp-json\/wp\/v2\/media?parent=1664"}],"curies":[{"name":"wp","href":"https:\/\/api.w.org\/{rel}","templated":true}]}}