{"id":1686,"date":"2020-09-18T08:24:12","date_gmt":"2020-09-18T08:24:12","guid":{"rendered":"https:\/\/www.santiagotarrak.com\/?page_id=1686"},"modified":"2021-03-04T15:02:54","modified_gmt":"2021-03-04T14:02:54","slug":"bidasoa-ibaiko-irletatik-paseoa","status":"publish","type":"page","link":"https:\/\/www.santiagotarrak.com\/eu\/aisia\/bidasoa-ibaiko-irletatik-paseoa\/","title":{"rendered":"Bidasoa ibaiko irletatik paseoa"},"content":{"rendered":"<p>[et_pb_section fb_built=&#8221;1&#8243; module_class=&#8221;header-section&#8221; _builder_version=&#8221;4.8.1&#8243; background_image=&#8221;https:\/\/www.santiagotarrak.com\/wp-content\/uploads\/2021\/02\/Banner-paseos-por-el-bidasoa_1-scaled.jpg&#8221; background_position=&#8221;bottom_center&#8221; hover_enabled=&#8221;0&#8243; locked=&#8221;off&#8221; title_text=&#8221;Banner paseos por el bidasoa_1&#8243; sticky_enabled=&#8221;0&#8243;][et_pb_row _builder_version=&#8221;4.0.6&#8243;][et_pb_column type=&#8221;4_4&#8243; _builder_version=&#8221;4.0.6&#8243;][et_pb_text admin_label=&#8221;Ocio&#8221; _builder_version=&#8221;4.6.2&#8243;]<\/p>\n<p class=\"header-h1\">Aisia<\/p>\n<p>[\/et_pb_text][\/et_pb_column][\/et_pb_row][\/et_pb_section][et_pb_section fb_built=&#8221;1&#8243; specialty=&#8221;on&#8221; _builder_version=&#8221;4.0.6&#8243; locked=&#8221;off&#8221;][et_pb_column type=&#8221;1_4&#8243; _builder_version=&#8221;3.25&#8243; custom_padding=&#8221;|||&#8221; custom_padding__hover=&#8221;|||&#8221;][et_pb_menu menu_id=&#8221;5&#8243; module_class=&#8221;menu-seccion&#8221; _builder_version=&#8221;4.0.6&#8243;][\/et_pb_menu][\/et_pb_column][et_pb_column type=&#8221;3_4&#8243; specialty_columns=&#8221;3&#8243; _builder_version=&#8221;3.25&#8243; custom_padding=&#8221;|||&#8221; custom_padding__hover=&#8221;|||&#8221;][et_pb_row_inner _builder_version=&#8221;4.0.6&#8243; custom_margin=&#8221;||0px||false|false&#8221; custom_padding=&#8221;||0px||false|false&#8221;][et_pb_column_inner saved_specialty_column_type=&#8221;3_4&#8243; _builder_version=&#8221;4.0.6&#8243;][et_pb_text admin_label=&#8221;PASEO POR LAS ISLAS DEL RIO BIDASOA&#8221; _builder_version=&#8221;4.6.2&#8243; custom_margin=&#8221;||0px||false|false&#8221; custom_padding=&#8221;||0px||false|false&#8221;]<\/p>\n<h1>Bidasoa ibaiko irletatik paseoa<\/h1>\n<p>[\/et_pb_text][et_pb_text admin_label=&#8221;Texto&#8221; _builder_version=&#8221;4.6.2&#8243; custom_padding=&#8221;0px||||false|false&#8221;]<\/p>\n<p>Jarduera honekin gure instalazioen parean dauden irlen edertasunaz gozatu ahal izango duzue. Paseo hori monitore espezializatu batek lagunduta edo norbere kontura egin ahal izango duzue.<\/p>\n<p>[\/et_pb_text][et_pb_image src=&#8221;https:\/\/www.santiagotarrak.com\/wp-content\/uploads\/2020\/06\/paseos-bidasoa.jpg&#8221; _builder_version=&#8221;4.0.6&#8243;][\/et_pb_image][et_pb_text admin_label=&#8221;PASEO POR LAS ISLAS DEL RIO BIDASOA&#8221; _builder_version=&#8221;4.6.2&#8243;]<\/p>\n<h2>Bidasoa kayakean. Deskonektatu, dibertsioa, natura, kirola\u2026<\/h2>\n<p>[\/et_pb_text][\/et_pb_column_inner][\/et_pb_row_inner][et_pb_row_inner column_structure=&#8221;1_2,1_2&#8243; module_class=&#8221;paseos-desc&#8221; _builder_version=&#8221;4.0.6&#8243;][et_pb_column_inner type=&#8221;1_2&#8243; saved_specialty_column_type=&#8221;3_4&#8243; _builder_version=&#8221;4.0.6&#8243;][et_pb_text admin_label=&#8221;Texto&#8221; _builder_version=&#8221;4.6.2&#8243;]<\/p>\n<p>\u200bJarduera hori egiteko helburua era askotakoa izan daiteke. Zuk erabakitzen duzu zein den komenigarriena zure enpresa, ikasle, lagun edo familiarentzat. Esan zein diren zure asmoak eta gure esperientziatik abiatuta aholkurik onenak emango dizkizugu.<\/p>\n<p>Horretarako monitore tituludun eta esperientziadunak eskaintzen dizkizuegu eta kirol zoragarri honetaz eta, nola ez, gure ibaiaz gozatzen irakatsiko dizuete.<\/p>\n<p>[\/et_pb_text][\/et_pb_column_inner][et_pb_column_inner type=&#8221;1_2&#8243; saved_specialty_column_type=&#8221;3_4&#8243; _builder_version=&#8221;4.0.6&#8243;][et_pb_text _builder_version=&#8221;4.6.2&#8243;]<\/p>\n<p>Iraupena: 1h uretan<br \/>Maila: Baxua<br \/>Gutxieneko adina: 9 urte<\/p>\n<p>[\/et_pb_text][\/et_pb_column_inner][\/et_pb_row_inner][et_pb_row_inner column_structure=&#8221;1_3,1_3,1_3&#8243; use_custom_gutter=&#8221;on&#8221; gutter_width=&#8221;2&#8243; make_equal=&#8221;on&#8221; module_class=&#8221;paseos-condiciones&#8221; _builder_version=&#8221;4.0.6&#8243;][et_pb_column_inner type=&#8221;1_3&#8243; saved_specialty_column_type=&#8221;3_4&#8243; _builder_version=&#8221;4.0.6&#8243;][et_pb_blurb title=&#8221;Prezioak&#8221; use_icon=&#8221;on&#8221; font_icon=&#8221;%%280%%&#8221; admin_label=&#8221;Precios&#8221; _builder_version=&#8221;4.6.2&#8243; text_orientation=&#8221;center&#8221;]Lagun 1. 30\u20ac<br \/>\n2-3 lagun: 20\u20ac<br \/>\n4-10 lagun: 15\u20ac[\/et_pb_blurb][\/et_pb_column_inner][et_pb_column_inner type=&#8221;1_3&#8243; saved_specialty_column_type=&#8221;3_4&#8243; _builder_version=&#8221;4.0.6&#8243;][et_pb_blurb title=&#8221;Hauek barne&#8221; use_icon=&#8221;on&#8221; font_icon=&#8221;%%200%%&#8221; admin_label=&#8221;Incluido&#8221; _builder_version=&#8221;4.6.2&#8243; text_orientation=&#8221;center&#8221;]<\/p>\n<p>Prezio barruan sartuta egongo litzateke beharrezko material guztia (kayak, pala eta txalekoa), aldagelak dutxa beroarekin eta armairuak.<\/p>\n<p>Monitore tituluduna eta esperientziaduna taldearen beharren arabera.<\/p>\n<p>[\/et_pb_blurb][\/et_pb_column_inner][et_pb_column_inner type=&#8221;1_3&#8243; saved_specialty_column_type=&#8221;3_4&#8243; _builder_version=&#8221;4.0.6&#8243;][et_pb_blurb title=&#8221;Erreserba&#8221; use_icon=&#8221;on&#8221; font_icon=&#8221;%%227%%&#8221; admin_label=&#8221;Reserva&#8221; _builder_version=&#8221;4.6.2&#8243; text_orientation=&#8221;center&#8221;]<\/p>\n<p>Erreserbak monitorearekin egin nahi badira beharrezkoa da gurekin harremanetan jartzea.<\/p>\n<p>[\/et_pb_blurb][\/et_pb_column_inner][\/et_pb_row_inner][\/et_pb_column][\/et_pb_section]<\/p>\n","protected":false},"excerpt":{"rendered":"<p>[et_pb_section fb_built=&#8221;1&#8243; module_class=&#8221;header-section&#8221; _builder_version=&#8221;4.8.1&#8243; background_image=&#8221;https:\/\/www.santiagotarrak.com\/wp-content\/uploads\/2021\/02\/Banner-paseos-por-el-bidasoa_1-scaled.jpg&#8221; background_position=&#8221;bottom_center&#8221; hover_enabled=&#8221;0&#8243; locked=&#8221;off&#8221; title_text=&#8221;Banner paseos por el bidasoa_1&#8243; sticky_enabled=&#8221;0&#8243;][et_pb_row _builder_version=&#8221;4.0.6&#8243;][et_pb_column type=&#8221;4_4&#8243; _builder_version=&#8221;4.0.6&#8243;][et_pb_text admin_label=&#8221;Ocio&#8221; _builder_version=&#8221;4.6.2&#8243;] Aisia [\/et_pb_text][\/et_pb_column][\/et_pb_row][\/et_pb_section][et_pb_section fb_built=&#8221;1&#8243; specialty=&#8221;on&#8221; _builder_version=&#8221;4.0.6&#8243; locked=&#8221;off&#8221;][et_pb_column type=&#8221;1_4&#8243; _builder_version=&#8221;3.25&#8243; custom_padding=&#8221;|||&#8221; custom_padding__hover=&#8221;|||&#8221;][et_pb_menu menu_id=&#8221;5&#8243; module_class=&#8221;menu-seccion&#8221; _builder_version=&#8221;4.0.6&#8243;][\/et_pb_menu][\/et_pb_column][et_pb_column type=&#8221;3_4&#8243; specialty_columns=&#8221;3&#8243; _builder_version=&#8221;3.25&#8243; custom_padding=&#8221;|||&#8221; custom_padding__hover=&#8221;|||&#8221;][et_pb_row_inner _builder_version=&#8221;4.0.6&#8243; custom_margin=&#8221;||0px||false|false&#8221; custom_padding=&#8221;||0px||false|false&#8221;][et_pb_column_inner saved_specialty_column_type=&#8221;3_4&#8243; _builder_version=&#8221;4.0.6&#8243;][et_pb_text admin_label=&#8221;PASEO POR LAS ISLAS DEL RIO BIDASOA&#8221; _builder_version=&#8221;4.6.2&#8243; custom_margin=&#8221;||0px||false|false&#8221; custom_padding=&#8221;||0px||false|false&#8221;] Bidasoa ibaiko irletatik [&hellip;]<\/p>\n","protected":false},"author":1,"featured_media":0,"parent":1683,"menu_order":1,"comment_status":"closed","ping_status":"closed","template":"","meta":{"_et_pb_use_builder":"on","_et_pb_old_content":"[et_pb_section fb_built=\"1\" module_class=\"header-section\" _builder_version=\"4.0.6\" background_image=\"https:\/\/www.santiagotarrak.com\/wp-content\/uploads\/2020\/03\/remo-header.jpg\" background_position=\"bottom_center\" locked=\"off\"][et_pb_row _builder_version=\"4.0.6\"][et_pb_column type=\"4_4\" _builder_version=\"4.0.6\"][et_pb_text admin_label=\"Ocio\" _builder_version=\"4.0.6\"]<p class=\"header-h1\">Ocio<\/p>[\/et_pb_text][\/et_pb_column][\/et_pb_row][\/et_pb_section][et_pb_section fb_built=\"1\" specialty=\"on\" _builder_version=\"4.0.6\" locked=\"off\"][et_pb_column type=\"1_4\" _builder_version=\"3.25\" custom_padding=\"|||\" custom_padding__hover=\"|||\"][et_pb_menu menu_id=\"5\" module_class=\"menu-seccion\" _builder_version=\"4.0.6\"][\/et_pb_menu][\/et_pb_column][et_pb_column type=\"3_4\" specialty_columns=\"3\" _builder_version=\"3.25\" custom_padding=\"|||\" custom_padding__hover=\"|||\"][et_pb_row_inner _builder_version=\"4.0.6\" custom_margin=\"||0px||false|false\" custom_padding=\"||0px||false|false\"][et_pb_column_inner saved_specialty_column_type=\"3_4\" _builder_version=\"4.0.6\"][et_pb_text admin_label=\"PASEO POR LAS ISLAS DEL RIO BIDASOA\" _builder_version=\"4.0.6\" hover_enabled=\"0\" custom_padding=\"||0px||false|false\" custom_margin=\"||0px||false|false\"]<h1>Paseo por las islas del r\u00edo Bidasoa<\/h1>[\/et_pb_text][et_pb_text admin_label=\"Texto\" _builder_version=\"4.0.6\" custom_padding=\"0px||||false|false\"]<p>Con esta actividad podr\u00e9is disfrutar de la belleza de las islas que se.encuentran delante de nuestras instalaciones. Este paseo podr\u00e9is hacerlo.acompa\u00f1ados de un monitor especializado o por vuestra cuenta.<\/p>[\/et_pb_text][et_pb_image src=\"https:\/\/www.santiagotarrak.com\/wp-content\/uploads\/2020\/06\/paseos-bidasoa.jpg\" _builder_version=\"4.0.6\"][\/et_pb_image][et_pb_text admin_label=\"PASEO POR LAS ISLAS DEL RIO BIDASOA\" _builder_version=\"4.0.6\"]<h2>El Bidasoa en kayak. Desconexion, diversi\u00f3n, naturalez, deporte...<\/h2>[\/et_pb_text][\/et_pb_column_inner][\/et_pb_row_inner][et_pb_row_inner column_structure=\"1_2,1_2\" module_class=\"paseos-desc\" _builder_version=\"4.0.6\"][et_pb_column_inner type=\"1_2\" saved_specialty_column_type=\"3_4\" _builder_version=\"4.0.6\"][et_pb_text admin_label=\"Texto\" _builder_version=\"4.0.6\"]<p>Esta actividad ofrece muchas finalidades. T\u00fa decides cual es la m\u00e1s conveniente para tu empresa, alumnos, amigos o familia. H\u00e1znoslo saber y nosotros con nuestra experiencia os daremos los mejores consejos.<\/p>\r\n<p>Para ello os ofrecemos monitores titulados y experimentados que os ense\u00f1ar\u00e1n a disfrutar de este maravilloso deporte, y como no, de nuestro rio Bidasoa.<\/p>[\/et_pb_text][\/et_pb_column_inner][et_pb_column_inner type=\"1_2\" saved_specialty_column_type=\"3_4\" _builder_version=\"4.0.6\"][et_pb_text _builder_version=\"4.0.6\"]<p>Duraci\u00f3n: 1h en el agua<br \/>Nivel: Bajo<br \/>Edad m\u00ednima: 9 a\u00f1os<\/p>[\/et_pb_text][\/et_pb_column_inner][\/et_pb_row_inner][et_pb_row_inner column_structure=\"1_3,1_3,1_3\" use_custom_gutter=\"on\" gutter_width=\"2\" make_equal=\"on\" module_class=\"paseos-condiciones\" _builder_version=\"4.0.6\"][et_pb_column_inner type=\"1_3\" saved_specialty_column_type=\"3_4\" _builder_version=\"4.0.6\"][et_pb_blurb title=\"Precios\" use_icon=\"on\" font_icon=\"%%280%%\" admin_label=\"Precios\" _builder_version=\"4.0.6\" text_orientation=\"center\"]<p>1 persona: 30\u20ac<br \/>2-3 personas: 20\u20ac<br \/>4-10 personas: 15\u20ac<\/p>[\/et_pb_blurb][\/et_pb_column_inner][et_pb_column_inner type=\"1_3\" saved_specialty_column_type=\"3_4\" _builder_version=\"4.0.6\"][et_pb_blurb title=\"Incluido\" use_icon=\"on\" font_icon=\"%%200%%\" admin_label=\"Incluido\" _builder_version=\"4.0.6\" text_orientation=\"center\"]<p>Dentro del precio estar\u00eda incluido todo el material necesario (kayak, pala y chaleco), los vestuarios con duchas de agua caliente y las taquillas.<\/p>\r\n<p>Monitor titulado y con experiencia seg\u00fan necesidades del grupo.<\/p>[\/et_pb_blurb][\/et_pb_column_inner][et_pb_column_inner type=\"1_3\" saved_specialty_column_type=\"3_4\" _builder_version=\"4.0.6\"][et_pb_blurb title=\"Reserva\" use_icon=\"on\" font_icon=\"%%227%%\" admin_label=\"Reserva\" _builder_version=\"4.0.6\" text_orientation=\"center\"]<p>Para los alquileres con monitor es necesario ponerse en contacto con nosotros.<\/p>[\/et_pb_blurb][\/et_pb_column_inner][\/et_pb_row_inner][\/et_pb_column][\/et_pb_section]","_et_gb_content_width":""},"yoast_head":"<!-- This site is optimized with the Yoast SEO plugin v17.5 - https:\/\/yoast.com\/wordpress\/plugins\/seo\/ -->\n<title>Bidasoa ibaiko irletatik paseoa - Santiagotarrak<\/title>\n<meta name=\"robots\" content=\"index, follow, max-snippet:-1, max-image-preview:large, max-video-preview:-1\" \/>\n<link rel=\"canonical\" href=\"https:\/\/www.santiagotarrak.com\/eu\/aisia\/bidasoa-ibaiko-irletatik-paseoa\/\" \/>\n<meta property=\"og:locale\" content=\"eu_ES\" \/>\n<meta property=\"og:type\" content=\"article\" \/>\n<meta property=\"og:title\" content=\"Bidasoa ibaiko irletatik paseoa - Santiagotarrak\" \/>\n<meta property=\"og:description\" content=\"[et_pb_section fb_built=&#8221;1&#8243; module_class=&#8221;header-section&#8221; _builder_version=&#8221;4.8.1&#8243; background_image=&#8221;https:\/\/www.santiagotarrak.com\/wp-content\/uploads\/2021\/02\/Banner-paseos-por-el-bidasoa_1-scaled.jpg&#8221; background_position=&#8221;bottom_center&#8221; hover_enabled=&#8221;0&#8243; locked=&#8221;off&#8221; title_text=&#8221;Banner paseos por el bidasoa_1&#8243; sticky_enabled=&#8221;0&#8243;][et_pb_row _builder_version=&#8221;4.0.6&#8243;][et_pb_column type=&#8221;4_4&#8243; _builder_version=&#8221;4.0.6&#8243;][et_pb_text admin_label=&#8221;Ocio&#8221; _builder_version=&#8221;4.6.2&#8243;] Aisia [\/et_pb_text][\/et_pb_column][\/et_pb_row][\/et_pb_section][et_pb_section fb_built=&#8221;1&#8243; specialty=&#8221;on&#8221; _builder_version=&#8221;4.0.6&#8243; locked=&#8221;off&#8221;][et_pb_column type=&#8221;1_4&#8243; _builder_version=&#8221;3.25&#8243; custom_padding=&#8221;|||&#8221; custom_padding__hover=&#8221;|||&#8221;][et_pb_menu menu_id=&#8221;5&#8243; module_class=&#8221;menu-seccion&#8221; _builder_version=&#8221;4.0.6&#8243;][\/et_pb_menu][\/et_pb_column][et_pb_column type=&#8221;3_4&#8243; specialty_columns=&#8221;3&#8243; _builder_version=&#8221;3.25&#8243; custom_padding=&#8221;|||&#8221; custom_padding__hover=&#8221;|||&#8221;][et_pb_row_inner _builder_version=&#8221;4.0.6&#8243; custom_margin=&#8221;||0px||false|false&#8221; custom_padding=&#8221;||0px||false|false&#8221;][et_pb_column_inner saved_specialty_column_type=&#8221;3_4&#8243; _builder_version=&#8221;4.0.6&#8243;][et_pb_text admin_label=&#8221;PASEO POR LAS ISLAS DEL RIO BIDASOA&#8221; _builder_version=&#8221;4.6.2&#8243; custom_margin=&#8221;||0px||false|false&#8221; custom_padding=&#8221;||0px||false|false&#8221;] Bidasoa ibaiko irletatik [&hellip;]\" \/>\n<meta property=\"og:url\" content=\"https:\/\/www.santiagotarrak.com\/eu\/aisia\/bidasoa-ibaiko-irletatik-paseoa\/\" \/>\n<meta property=\"og:site_name\" content=\"Santiagotarrak\" \/>\n<meta property=\"article:publisher\" content=\"http:\/\/www.facebook.com\/Santiagotarrak\/\" \/>\n<meta property=\"article:modified_time\" content=\"2021-03-04T14:02:54+00:00\" \/>\n<meta name=\"twitter:card\" content=\"summary_large_image\" \/>\n<meta name=\"twitter:label1\" content=\"Est. reading time\" \/>\n\t<meta name=\"twitter:data1\" content=\"3 minutes\" \/>\n<script type=\"application\/ld+json\" class=\"yoast-schema-graph\">{\"@context\":\"https:\/\/schema.org\",\"@graph\":[{\"@type\":\"Organization\",\"@id\":\"https:\/\/www.santiagotarrak.com\/#organization\",\"name\":\"Santiagotarrak\",\"url\":\"https:\/\/www.santiagotarrak.com\/\",\"sameAs\":[\"http:\/\/www.facebook.com\/Santiagotarrak\/\",\"http:\/\/www.instagram.com\/santiagotarrak\/\"],\"logo\":{\"@type\":\"ImageObject\",\"@id\":\"https:\/\/www.santiagotarrak.com\/#logo\",\"inLanguage\":\"eu-ES\",\"url\":\"https:\/\/www.santiagotarrak.com\/wp-content\/uploads\/2020\/07\/santiagotarrak.jpg\",\"contentUrl\":\"https:\/\/www.santiagotarrak.com\/wp-content\/uploads\/2020\/07\/santiagotarrak.jpg\",\"width\":400,\"height\":96,\"caption\":\"Santiagotarrak\"},\"image\":{\"@id\":\"https:\/\/www.santiagotarrak.com\/#logo\"}},{\"@type\":\"WebSite\",\"@id\":\"https:\/\/www.santiagotarrak.com\/#website\",\"url\":\"https:\/\/www.santiagotarrak.com\/\",\"name\":\"Santiagotarrak\",\"description\":\"Pirag\\u00fcismo y remo en el r\\u00edo Bidasoa\",\"publisher\":{\"@id\":\"https:\/\/www.santiagotarrak.com\/#organization\"},\"potentialAction\":[{\"@type\":\"SearchAction\",\"target\":{\"@type\":\"EntryPoint\",\"urlTemplate\":\"https:\/\/www.santiagotarrak.com\/?s={search_term_string}\"},\"query-input\":\"required name=search_term_string\"}],\"inLanguage\":\"eu-ES\"},{\"@type\":\"WebPage\",\"@id\":\"https:\/\/www.santiagotarrak.com\/eu\/aisia\/bidasoa-ibaiko-irletatik-paseoa\/#webpage\",\"url\":\"https:\/\/www.santiagotarrak.com\/eu\/aisia\/bidasoa-ibaiko-irletatik-paseoa\/\",\"name\":\"Bidasoa ibaiko irletatik paseoa - Santiagotarrak\",\"isPartOf\":{\"@id\":\"https:\/\/www.santiagotarrak.com\/#website\"},\"datePublished\":\"2020-09-18T08:24:12+00:00\",\"dateModified\":\"2021-03-04T14:02:54+00:00\",\"breadcrumb\":{\"@id\":\"https:\/\/www.santiagotarrak.com\/eu\/aisia\/bidasoa-ibaiko-irletatik-paseoa\/#breadcrumb\"},\"inLanguage\":\"eu-ES\",\"potentialAction\":[{\"@type\":\"ReadAction\",\"target\":[\"https:\/\/www.santiagotarrak.com\/eu\/aisia\/bidasoa-ibaiko-irletatik-paseoa\/\"]}]},{\"@type\":\"BreadcrumbList\",\"@id\":\"https:\/\/www.santiagotarrak.com\/eu\/aisia\/bidasoa-ibaiko-irletatik-paseoa\/#breadcrumb\",\"itemListElement\":[{\"@type\":\"ListItem\",\"position\":1,\"name\":\"Portada\",\"item\":\"https:\/\/www.santiagotarrak.com\/eu\/\"},{\"@type\":\"ListItem\",\"position\":2,\"name\":\"Aisia\",\"item\":\"https:\/\/www.santiagotarrak.com\/es\/ocio\/\"},{\"@type\":\"ListItem\",\"position\":3,\"name\":\"Bidasoa ibaiko irletatik paseoa\"}]}]}<\/script>\n<!-- \/ Yoast SEO plugin. -->","yoast_head_json":{"title":"Bidasoa ibaiko irletatik paseoa - Santiagotarrak","robots":{"index":"index","follow":"follow","max-snippet":"max-snippet:-1","max-image-preview":"max-image-preview:large","max-video-preview":"max-video-preview:-1"},"canonical":"https:\/\/www.santiagotarrak.com\/eu\/aisia\/bidasoa-ibaiko-irletatik-paseoa\/","og_locale":"eu_ES","og_type":"article","og_title":"Bidasoa ibaiko irletatik paseoa - Santiagotarrak","og_description":"[et_pb_section fb_built=&#8221;1&#8243; module_class=&#8221;header-section&#8221; _builder_version=&#8221;4.8.1&#8243; background_image=&#8221;https:\/\/www.santiagotarrak.com\/wp-content\/uploads\/2021\/02\/Banner-paseos-por-el-bidasoa_1-scaled.jpg&#8221; background_position=&#8221;bottom_center&#8221; hover_enabled=&#8221;0&#8243; locked=&#8221;off&#8221; title_text=&#8221;Banner paseos por el bidasoa_1&#8243; sticky_enabled=&#8221;0&#8243;][et_pb_row _builder_version=&#8221;4.0.6&#8243;][et_pb_column type=&#8221;4_4&#8243; _builder_version=&#8221;4.0.6&#8243;][et_pb_text admin_label=&#8221;Ocio&#8221; _builder_version=&#8221;4.6.2&#8243;] Aisia [\/et_pb_text][\/et_pb_column][\/et_pb_row][\/et_pb_section][et_pb_section fb_built=&#8221;1&#8243; specialty=&#8221;on&#8221; _builder_version=&#8221;4.0.6&#8243; locked=&#8221;off&#8221;][et_pb_column type=&#8221;1_4&#8243; _builder_version=&#8221;3.25&#8243; custom_padding=&#8221;|||&#8221; custom_padding__hover=&#8221;|||&#8221;][et_pb_menu menu_id=&#8221;5&#8243; module_class=&#8221;menu-seccion&#8221; _builder_version=&#8221;4.0.6&#8243;][\/et_pb_menu][\/et_pb_column][et_pb_column type=&#8221;3_4&#8243; specialty_columns=&#8221;3&#8243; _builder_version=&#8221;3.25&#8243; custom_padding=&#8221;|||&#8221; custom_padding__hover=&#8221;|||&#8221;][et_pb_row_inner _builder_version=&#8221;4.0.6&#8243; custom_margin=&#8221;||0px||false|false&#8221; custom_padding=&#8221;||0px||false|false&#8221;][et_pb_column_inner saved_specialty_column_type=&#8221;3_4&#8243; _builder_version=&#8221;4.0.6&#8243;][et_pb_text admin_label=&#8221;PASEO POR LAS ISLAS DEL RIO BIDASOA&#8221; _builder_version=&#8221;4.6.2&#8243; custom_margin=&#8221;||0px||false|false&#8221; custom_padding=&#8221;||0px||false|false&#8221;] Bidasoa ibaiko irletatik [&hellip;]","og_url":"https:\/\/www.santiagotarrak.com\/eu\/aisia\/bidasoa-ibaiko-irletatik-paseoa\/","og_site_name":"Santiagotarrak","article_publisher":"http:\/\/www.facebook.com\/Santiagotarrak\/","article_modified_time":"2021-03-04T14:02:54+00:00","twitter_card":"summary_large_image","twitter_misc":{"Est. reading time":"3 minutes"},"schema":{"@context":"https:\/\/schema.org","@graph":[{"@type":"Organization","@id":"https:\/\/www.santiagotarrak.com\/#organization","name":"Santiagotarrak","url":"https:\/\/www.santiagotarrak.com\/","sameAs":["http:\/\/www.facebook.com\/Santiagotarrak\/","http:\/\/www.instagram.com\/santiagotarrak\/"],"logo":{"@type":"ImageObject","@id":"https:\/\/www.santiagotarrak.com\/#logo","inLanguage":"eu-ES","url":"https:\/\/www.santiagotarrak.com\/wp-content\/uploads\/2020\/07\/santiagotarrak.jpg","contentUrl":"https:\/\/www.santiagotarrak.com\/wp-content\/uploads\/2020\/07\/santiagotarrak.jpg","width":400,"height":96,"caption":"Santiagotarrak"},"image":{"@id":"https:\/\/www.santiagotarrak.com\/#logo"}},{"@type":"WebSite","@id":"https:\/\/www.santiagotarrak.com\/#website","url":"https:\/\/www.santiagotarrak.com\/","name":"Santiagotarrak","description":"Pirag\u00fcismo y remo en el r\u00edo Bidasoa","publisher":{"@id":"https:\/\/www.santiagotarrak.com\/#organization"},"potentialAction":[{"@type":"SearchAction","target":{"@type":"EntryPoint","urlTemplate":"https:\/\/www.santiagotarrak.com\/?s={search_term_string}"},"query-input":"required name=search_term_string"}],"inLanguage":"eu-ES"},{"@type":"WebPage","@id":"https:\/\/www.santiagotarrak.com\/eu\/aisia\/bidasoa-ibaiko-irletatik-paseoa\/#webpage","url":"https:\/\/www.santiagotarrak.com\/eu\/aisia\/bidasoa-ibaiko-irletatik-paseoa\/","name":"Bidasoa ibaiko irletatik paseoa - Santiagotarrak","isPartOf":{"@id":"https:\/\/www.santiagotarrak.com\/#website"},"datePublished":"2020-09-18T08:24:12+00:00","dateModified":"2021-03-04T14:02:54+00:00","breadcrumb":{"@id":"https:\/\/www.santiagotarrak.com\/eu\/aisia\/bidasoa-ibaiko-irletatik-paseoa\/#breadcrumb"},"inLanguage":"eu-ES","potentialAction":[{"@type":"ReadAction","target":["https:\/\/www.santiagotarrak.com\/eu\/aisia\/bidasoa-ibaiko-irletatik-paseoa\/"]}]},{"@type":"BreadcrumbList","@id":"https:\/\/www.santiagotarrak.com\/eu\/aisia\/bidasoa-ibaiko-irletatik-paseoa\/#breadcrumb","itemListElement":[{"@type":"ListItem","position":1,"name":"Portada","item":"https:\/\/www.santiagotarrak.com\/eu\/"},{"@type":"ListItem","position":2,"name":"Aisia","item":"https:\/\/www.santiagotarrak.com\/es\/ocio\/"},{"@type":"ListItem","position":3,"name":"Bidasoa ibaiko irletatik paseoa"}]}]}},"_links":{"self":[{"href":"https:\/\/www.santiagotarrak.com\/eu\/wp-json\/wp\/v2\/pages\/1686"}],"collection":[{"href":"https:\/\/www.santiagotarrak.com\/eu\/wp-json\/wp\/v2\/pages"}],"about":[{"href":"https:\/\/www.santiagotarrak.com\/eu\/wp-json\/wp\/v2\/types\/page"}],"author":[{"embeddable":true,"href":"https:\/\/www.santiagotarrak.com\/eu\/wp-json\/wp\/v2\/users\/1"}],"replies":[{"embeddable":true,"href":"https:\/\/www.santiagotarrak.com\/eu\/wp-json\/wp\/v2\/comments?post=1686"}],"version-history":[{"count":6,"href":"https:\/\/www.santiagotarrak.com\/eu\/wp-json\/wp\/v2\/pages\/1686\/revisions"}],"predecessor-version":[{"id":2152,"href":"https:\/\/www.santiagotarrak.com\/eu\/wp-json\/wp\/v2\/pages\/1686\/revisions\/2152"}],"up":[{"embeddable":true,"href":"https:\/\/www.santiagotarrak.com\/eu\/wp-json\/wp\/v2\/pages\/1683"}],"wp:attachment":[{"href":"https:\/\/www.santiagotarrak.com\/eu\/wp-json\/wp\/v2\/media?parent=1686"}],"curies":[{"name":"wp","href":"https:\/\/api.w.org\/{rel}","templated":true}]}}