{"id":1695,"date":"2020-09-18T08:27:45","date_gmt":"2020-09-18T08:27:45","guid":{"rendered":"https:\/\/www.santiagotarrak.com\/?page_id=1695"},"modified":"2022-08-10T14:24:19","modified_gmt":"2022-08-10T12:24:19","slug":"bidasoa-ibaiaren-jaitsiera","status":"publish","type":"page","link":"https:\/\/www.santiagotarrak.com\/eu\/aisia\/bidasoa-ibaiaren-jaitsiera\/","title":{"rendered":"Bidasoa ibaiaren jaitsiera"},"content":{"rendered":"<p>[et_pb_section fb_built=&#8221;1&#8243; module_class=&#8221;header-section&#8221; _builder_version=&#8221;4.8.1&#8243; background_image=&#8221;https:\/\/www.santiagotarrak.com\/wp-content\/uploads\/2021\/03\/OSK05945-scaled.jpg&#8221; background_position=&#8221;bottom_center&#8221; locked=&#8221;off&#8221;][et_pb_row _builder_version=&#8221;4.0.6&#8243;][et_pb_column type=&#8221;4_4&#8243; _builder_version=&#8221;4.0.6&#8243;][et_pb_text admin_label=&#8221;Ocio&#8221; _builder_version=&#8221;4.6.2&#8243;]<\/p>\n<p class=\"header-h1\">Aisia<\/p>\n<p>[\/et_pb_text][\/et_pb_column][\/et_pb_row][\/et_pb_section][et_pb_section fb_built=&#8221;1&#8243; specialty=&#8221;on&#8221; _builder_version=&#8221;4.0.6&#8243; locked=&#8221;off&#8221;][et_pb_column type=&#8221;1_4&#8243; _builder_version=&#8221;3.25&#8243; custom_padding=&#8221;|||&#8221; custom_padding__hover=&#8221;|||&#8221;][et_pb_menu menu_id=&#8221;5&#8243; module_class=&#8221;menu-seccion&#8221; _builder_version=&#8221;4.0.6&#8243;][\/et_pb_menu][\/et_pb_column][et_pb_column type=&#8221;3_4&#8243; specialty_columns=&#8221;3&#8243; _builder_version=&#8221;3.25&#8243; custom_padding=&#8221;|||&#8221; custom_padding__hover=&#8221;|||&#8221;][et_pb_row_inner _builder_version=&#8221;4.0.6&#8243; custom_margin=&#8221;||0px||false|false&#8221; custom_padding=&#8221;||0px||false|false&#8221;][et_pb_column_inner saved_specialty_column_type=&#8221;3_4&#8243; _builder_version=&#8221;4.0.6&#8243;][et_pb_text admin_label=&#8221;DESCENSO DEL RIO BIDASOA&#8221; _builder_version=&#8221;4.6.2&#8243; custom_margin=&#8221;||0px||false|false&#8221; custom_padding=&#8221;||0px||false|false&#8221;]<\/p>\n<h1>Bidasoa ibaiaren jaitsiera<\/h1>\n<p>[\/et_pb_text][et_pb_text admin_label=&#8221;Texto&#8221; _builder_version=&#8221;4.6.2&#8243;]Jarduera honekin Endarlatsako zubitik Santiagoko zubira arte Bidasoa ibaiko korronteez eta eskainiko zaizkigun paisaia zoragarriez disfrutatu ahal izango duzue.[\/et_pb_text][et_pb_image src=&#8221;https:\/\/www.santiagotarrak.com\/wp-content\/uploads\/2020\/06\/descensos-bidasoa.jpg&#8221; _builder_version=&#8221;4.0.6&#8243;][\/et_pb_image][et_pb_text admin_label=&#8221;PASEO POR LAS ISLAS DEL RIO BIDASOA&#8221; _builder_version=&#8221;4.6.2&#8243;]<\/p>\n<h2>Bidasoa kayakean. Abentura, erlaxazioa, natura, kirola\u2026<\/h2>\n<p>[\/et_pb_text][\/et_pb_column_inner][\/et_pb_row_inner][et_pb_row_inner column_structure=&#8221;1_2,1_2&#8243; module_class=&#8221;paseos-desc&#8221; _builder_version=&#8221;4.0.6&#8243;][et_pb_column_inner type=&#8221;1_2&#8243; saved_specialty_column_type=&#8221;3_4&#8243; _builder_version=&#8221;4.0.6&#8243;][et_pb_text admin_label=&#8221;Texto&#8221; _builder_version=&#8221;4.6.2&#8243;]<\/p>\n<p>Jaitsiera hau jarduera polita da uretan gozatzeko eta bidean aurkituko ditugun korronteez ere gozatzeko. Zailtasun handiko ibaia ez denez, jaitsiera honek aukera ezin hobea emango digu inguruko paisaiaz eta naturaren lasaitasunaz disfrutatzeko.<\/p>\n<p>Horretarako monitore tituludun eta esperientziadunak eskainiko dizkizuegu eta kirol zoragarri honetaz eta, nola ez, gure ibaiaz gozatzen irakatsiko dizuete.<\/p>\n<p>[\/et_pb_text][\/et_pb_column_inner][et_pb_column_inner type=&#8221;1_2&#8243; saved_specialty_column_type=&#8221;3_4&#8243; _builder_version=&#8221;4.0.6&#8243;][et_pb_text _builder_version=&#8221;4.6.2&#8243; background_layout=&#8221;dark&#8221;]<\/p>\n<ul>\n<li><strong>Iraupena:<\/strong> 2 ordu eta erdiko jaitsiera<\/li>\n<li><strong>Maila:<\/strong> Baxua<\/li>\n<li><strong>Gutxieneko adina:<\/strong> 13 urte<\/li>\n<li><strong>Gomendioak:<\/strong> Oinetako itxiak, kamiseta, bainu-jantzia, eguzkitako krema, ura<\/li>\n<\/ul>\n<p>[\/et_pb_text][\/et_pb_column_inner][\/et_pb_row_inner][et_pb_row_inner column_structure=&#8221;1_2,1_2&#8243; _builder_version=&#8221;4.8.1&#8243; _module_preset=&#8221;default&#8221; background_color=&#8221;#e9e9e9&#8243;][et_pb_column_inner type=&#8221;1_2&#8243; saved_specialty_column_type=&#8221;3_4&#8243; _builder_version=&#8221;4.8.1&#8243; _module_preset=&#8221;default&#8221;][et_pb_blurb title=&#8221;20\u20ac\/pertsona 13 eta 18 urte arteko gazteentzat&#8221; use_icon=&#8221;on&#8221; font_icon=&#8221;%%202%%&#8221; admin_label=&#8221;Oferta jovenes&#8221; _builder_version=&#8221;4.8.1&#8243; background_enable_color=&#8221;off&#8221; text_orientation=&#8221;center&#8221;]<\/p>\n<p>Gutxienez 6 adingabeko taldeak<\/p>\n<p>4ko taldeak, baldin eta bi helduk parte hartzen badute<\/p>\n<p>[\/et_pb_blurb][\/et_pb_column_inner][et_pb_column_inner type=&#8221;1_2&#8243; saved_specialty_column_type=&#8221;3_4&#8243; _builder_version=&#8221;4.8.1&#8243; _module_preset=&#8221;default&#8221;][et_pb_blurb title=&#8221;15 \u20ac\/pertsona bazkide eta kirolarientzat&#8221; use_icon=&#8221;on&#8221; font_icon=&#8221;%%202%%&#8221; admin_label=&#8221;Oferta socios&#8221; _builder_version=&#8221;4.8.1&#8243; text_orientation=&#8221;center&#8221;]<\/p>\n<p>Gutxienez 6 pertsonako taldeak<\/p>\n<p>[\/et_pb_blurb][\/et_pb_column_inner][\/et_pb_row_inner][et_pb_row_inner column_structure=&#8221;1_3,1_3,1_3&#8243; use_custom_gutter=&#8221;on&#8221; gutter_width=&#8221;2&#8243; make_equal=&#8221;on&#8221; module_class=&#8221;paseos-condiciones&#8221; _builder_version=&#8221;4.0.6&#8243;][et_pb_column_inner type=&#8221;1_3&#8243; saved_specialty_column_type=&#8221;3_4&#8243; _builder_version=&#8221;4.0.6&#8243;][et_pb_blurb title=&#8221;Prezioak&#8221; use_icon=&#8221;on&#8221; font_icon=&#8221;%%280%%&#8221; admin_label=&#8221;Precios&#8221; _builder_version=&#8221;4.8.1&#8243; text_orientation=&#8221;center&#8221; hover_enabled=&#8221;0&#8243; sticky_enabled=&#8221;0&#8243;]<\/p>\n<p><strong>4-8 lagun<\/strong>: 34\u20ac\/laguneko<\/p>\n<p><strong>9-15 lagun<\/strong>: 27\u20ac\/laguneko<\/p>\n<p><strong>+15 lagun<\/strong>: 25\u20ac\/laguneko<\/p>\n<p>[\/et_pb_blurb][\/et_pb_column_inner][et_pb_column_inner type=&#8221;1_3&#8243; saved_specialty_column_type=&#8221;3_4&#8243; _builder_version=&#8221;4.0.6&#8243;][et_pb_blurb title=&#8221;Hauek barne&#8221; use_icon=&#8221;on&#8221; font_icon=&#8221;%%200%%&#8221; admin_label=&#8221;Incluido&#8221; _builder_version=&#8221;4.6.2&#8243; text_orientation=&#8221;center&#8221;]<\/p>\n<p>Prezio barruan sartuta egongo litzateke beharrezko material guztia (kayak, pala, txalekoa eta kaskoa), aldagelak dutxa beroarekin eta armairua.<\/p>\n<p>Erantzukizun zibileko asegurua<\/p>\n<p>Monitore tituluduna eta esperientziaduna taldearen beharren arabera.<\/p>\n<p>[\/et_pb_blurb][\/et_pb_column_inner][et_pb_column_inner type=&#8221;1_3&#8243; saved_specialty_column_type=&#8221;3_4&#8243; _builder_version=&#8221;4.0.6&#8243;][et_pb_blurb title=&#8221;Erreserba&#8221; use_icon=&#8221;on&#8221; font_icon=&#8221;%%227%%&#8221; admin_label=&#8221;Reserva&#8221; _builder_version=&#8221;4.6.2&#8243; text_orientation=&#8221;center&#8221;]Jaitsieretarako erreserba egiteko gurekin harremanetan jarri behar duzue.[\/et_pb_blurb][\/et_pb_column_inner][\/et_pb_row_inner][\/et_pb_column][\/et_pb_section]<\/p>\n","protected":false},"excerpt":{"rendered":"<p>[et_pb_section fb_built=&#8221;1&#8243; module_class=&#8221;header-section&#8221; _builder_version=&#8221;4.8.1&#8243; background_image=&#8221;https:\/\/www.santiagotarrak.com\/wp-content\/uploads\/2021\/03\/OSK05945-scaled.jpg&#8221; background_position=&#8221;bottom_center&#8221; locked=&#8221;off&#8221;][et_pb_row _builder_version=&#8221;4.0.6&#8243;][et_pb_column type=&#8221;4_4&#8243; _builder_version=&#8221;4.0.6&#8243;][et_pb_text admin_label=&#8221;Ocio&#8221; _builder_version=&#8221;4.6.2&#8243;] Aisia [\/et_pb_text][\/et_pb_column][\/et_pb_row][\/et_pb_section][et_pb_section fb_built=&#8221;1&#8243; specialty=&#8221;on&#8221; _builder_version=&#8221;4.0.6&#8243; locked=&#8221;off&#8221;][et_pb_column type=&#8221;1_4&#8243; _builder_version=&#8221;3.25&#8243; custom_padding=&#8221;|||&#8221; custom_padding__hover=&#8221;|||&#8221;][et_pb_menu menu_id=&#8221;5&#8243; module_class=&#8221;menu-seccion&#8221; _builder_version=&#8221;4.0.6&#8243;][\/et_pb_menu][\/et_pb_column][et_pb_column type=&#8221;3_4&#8243; specialty_columns=&#8221;3&#8243; _builder_version=&#8221;3.25&#8243; custom_padding=&#8221;|||&#8221; custom_padding__hover=&#8221;|||&#8221;][et_pb_row_inner _builder_version=&#8221;4.0.6&#8243; custom_margin=&#8221;||0px||false|false&#8221; custom_padding=&#8221;||0px||false|false&#8221;][et_pb_column_inner saved_specialty_column_type=&#8221;3_4&#8243; _builder_version=&#8221;4.0.6&#8243;][et_pb_text admin_label=&#8221;DESCENSO DEL RIO BIDASOA&#8221; _builder_version=&#8221;4.6.2&#8243; custom_margin=&#8221;||0px||false|false&#8221; custom_padding=&#8221;||0px||false|false&#8221;] Bidasoa ibaiaren jaitsiera [\/et_pb_text][et_pb_text admin_label=&#8221;Texto&#8221; _builder_version=&#8221;4.6.2&#8243;]Jarduera honekin Endarlatsako zubitik Santiagoko zubira arte Bidasoa [&hellip;]<\/p>\n","protected":false},"author":1,"featured_media":0,"parent":1683,"menu_order":2,"comment_status":"closed","ping_status":"closed","template":"","meta":{"_et_pb_use_builder":"on","_et_pb_old_content":"<p>[et_pb_section fb_built=\"1\" module_class=\"header-section\" _builder_version=\"4.0.6\" background_image=\"https:\/\/www.santiagotarrak.com\/wp-content\/uploads\/2020\/03\/remo-header.jpg\" background_position=\"bottom_center\" locked=\"off\"][et_pb_row _builder_version=\"4.0.6\"][et_pb_column type=\"4_4\" _builder_version=\"4.0.6\"][et_pb_text admin_label=\"Ocio\" _builder_version=\"4.0.6\"]<\/p><p class=\"header-h1\">Ocio<\/p><p>[\/et_pb_text][\/et_pb_column][\/et_pb_row][\/et_pb_section][et_pb_section fb_built=\"1\" specialty=\"on\" _builder_version=\"4.0.6\" locked=\"off\"][et_pb_column type=\"1_4\" _builder_version=\"3.25\" custom_padding=\"|||\" custom_padding__hover=\"|||\"][et_pb_menu menu_id=\"5\" module_class=\"menu-seccion\" _builder_version=\"4.0.6\"][\/et_pb_menu][\/et_pb_column][et_pb_column type=\"3_4\" specialty_columns=\"3\" _builder_version=\"3.25\" custom_padding=\"|||\" custom_padding__hover=\"|||\"][et_pb_row_inner _builder_version=\"4.0.6\" custom_margin=\"||0px||false|false\" custom_padding=\"||0px||false|false\"][et_pb_column_inner saved_specialty_column_type=\"3_4\" _builder_version=\"4.0.6\"][et_pb_text admin_label=\"DESCENSO DEL RIO BIDASOA\" _builder_version=\"4.0.6\" custom_margin=\"||0px||false|false\" custom_padding=\"||0px||false|false\"]<\/p><h1>Descenso del r\u00edo Bidasoa<\/h1><p>[\/et_pb_text][et_pb_text admin_label=\"Texto\" _builder_version=\"4.0.6\"]<\/p><p>Con esta actividad podr\u00e9is disfrutar de las corrientes y los maravillosos paisajes que nos ofrece el rio Bidasoa desde el puente de Endarlatza hasta los puentes de Santiago.<\/p><p>[\/et_pb_text][et_pb_image src=\"https:\/\/www.santiagotarrak.com\/wp-content\/uploads\/2020\/06\/descensos-bidasoa.jpg\" _builder_version=\"4.0.6\"][\/et_pb_image][et_pb_text admin_label=\"PASEO POR LAS ISLAS DEL RIO BIDASOA\" _builder_version=\"4.0.6\"]<\/p><h2>El Bidasoa en kayak. Aventura, relajaci\u00f3n, naturaleza, deporte...<\/h2><p>[\/et_pb_text][\/et_pb_column_inner][\/et_pb_row_inner][et_pb_row_inner column_structure=\"1_2,1_2\" module_class=\"paseos-desc\" _builder_version=\"4.0.6\"][et_pb_column_inner type=\"1_2\" saved_specialty_column_type=\"3_4\" _builder_version=\"4.0.6\"][et_pb_text admin_label=\"Texto\" _builder_version=\"4.0.6\"]<\/p><p>Este descenso es una bonita actividad para poder disfrutar del agua y de las corrientes que nos vamos a encontrar por el camino. Al no ser un r\u00edo de mucha dificultad este descenso tambi\u00e9n nos permitir\u00e1 disfrutar del paisaje y la tranquilidad de la naturaleza que nos rodea.<\/p><p>Para ello os ofrecemos monitores titulados y experimentados que os ense\u00f1ar\u00e1n a disfrutar de este maravilloso deporte y como no de nuestro r\u00edo.<\/p><p>[\/et_pb_text][\/et_pb_column_inner][et_pb_column_inner type=\"1_2\" saved_specialty_column_type=\"3_4\" _builder_version=\"4.0.6\"][et_pb_text _builder_version=\"4.0.6\" hover_enabled=\"0\" background_layout=\"dark\"]<\/p><ul><li><strong>Duraci\u00f3n<\/strong>: 2h y media de descenso<\/li><li><strong>Nivel<\/strong>: Bajo<\/li><li><strong>Edad m\u00ednima<\/strong>: 13 a\u00f1os<\/li><li><strong>Recomendaciones<\/strong>: Calzado cerrado, camiseta, traje de ba\u00f1o, crema solar, agua<\/li><\/ul><p>[\/et_pb_text][\/et_pb_column_inner][\/et_pb_row_inner][et_pb_row_inner column_structure=\"1_3,1_3,1_3\" use_custom_gutter=\"on\" gutter_width=\"2\" make_equal=\"on\" module_class=\"paseos-condiciones\" _builder_version=\"4.0.6\"][et_pb_column_inner type=\"1_3\" saved_specialty_column_type=\"3_4\" _builder_version=\"4.0.6\"][et_pb_blurb title=\"Precios\" use_icon=\"on\" font_icon=\"%%280%%\" admin_label=\"Precios\" _builder_version=\"4.0.6\" text_orientation=\"center\"]<\/p><p><strong>4-8 personas<\/strong>: 34\u20ac\/persona<\/p><p><strong>9-15 persona<\/strong>s: 27\u20ac\/persona<\/p><p><strong>+15 personas<\/strong>: 24\u20ac\/persona<\/p><p>[\/et_pb_blurb][\/et_pb_column_inner][et_pb_column_inner type=\"1_3\" saved_specialty_column_type=\"3_4\" _builder_version=\"4.0.6\"][et_pb_blurb title=\"Incluido\" use_icon=\"on\" font_icon=\"%%200%%\" admin_label=\"Incluido\" _builder_version=\"4.0.6\" text_orientation=\"center\"]<\/p><p>Dentro del precio estar\u00eda incluido todo el material necesario (kayak, pala, chaleco y casco), los vestuarios con duchas de agua caliente y las taquillas.<\/p><p>Seguro de responsabilidad civil<\/p><p>Monitor titulado y con experiencia seg\u00fan necesidades del grupo<\/p><p>[\/et_pb_blurb][\/et_pb_column_inner][et_pb_column_inner type=\"1_3\" saved_specialty_column_type=\"3_4\" _builder_version=\"4.0.6\"][et_pb_blurb title=\"Reserva\" use_icon=\"on\" font_icon=\"%%227%%\" admin_label=\"Reserva\" _builder_version=\"4.0.6\" text_orientation=\"center\"]<\/p><p>Para la reserva de los descensos es necesario ponerse en contacto con nosotros.<\/p><p>[\/et_pb_blurb][\/et_pb_column_inner][\/et_pb_row_inner][\/et_pb_column][\/et_pb_section]<\/p>","_et_gb_content_width":""},"yoast_head":"<!-- This site is optimized with the Yoast SEO plugin v17.5 - https:\/\/yoast.com\/wordpress\/plugins\/seo\/ -->\n<title>Bidasoa ibaiaren jaitsiera - Santiagotarrak<\/title>\n<meta name=\"robots\" content=\"index, follow, max-snippet:-1, max-image-preview:large, max-video-preview:-1\" \/>\n<link rel=\"canonical\" href=\"https:\/\/www.santiagotarrak.com\/eu\/aisia\/bidasoa-ibaiaren-jaitsiera\/\" \/>\n<meta property=\"og:locale\" content=\"eu_ES\" \/>\n<meta property=\"og:type\" content=\"article\" \/>\n<meta property=\"og:title\" content=\"Bidasoa ibaiaren jaitsiera - Santiagotarrak\" \/>\n<meta property=\"og:description\" content=\"[et_pb_section fb_built=&#8221;1&#8243; module_class=&#8221;header-section&#8221; _builder_version=&#8221;4.8.1&#8243; background_image=&#8221;https:\/\/www.santiagotarrak.com\/wp-content\/uploads\/2021\/03\/OSK05945-scaled.jpg&#8221; background_position=&#8221;bottom_center&#8221; locked=&#8221;off&#8221;][et_pb_row _builder_version=&#8221;4.0.6&#8243;][et_pb_column type=&#8221;4_4&#8243; _builder_version=&#8221;4.0.6&#8243;][et_pb_text admin_label=&#8221;Ocio&#8221; _builder_version=&#8221;4.6.2&#8243;] Aisia [\/et_pb_text][\/et_pb_column][\/et_pb_row][\/et_pb_section][et_pb_section fb_built=&#8221;1&#8243; specialty=&#8221;on&#8221; _builder_version=&#8221;4.0.6&#8243; locked=&#8221;off&#8221;][et_pb_column type=&#8221;1_4&#8243; _builder_version=&#8221;3.25&#8243; custom_padding=&#8221;|||&#8221; custom_padding__hover=&#8221;|||&#8221;][et_pb_menu menu_id=&#8221;5&#8243; module_class=&#8221;menu-seccion&#8221; _builder_version=&#8221;4.0.6&#8243;][\/et_pb_menu][\/et_pb_column][et_pb_column type=&#8221;3_4&#8243; specialty_columns=&#8221;3&#8243; _builder_version=&#8221;3.25&#8243; custom_padding=&#8221;|||&#8221; custom_padding__hover=&#8221;|||&#8221;][et_pb_row_inner _builder_version=&#8221;4.0.6&#8243; custom_margin=&#8221;||0px||false|false&#8221; custom_padding=&#8221;||0px||false|false&#8221;][et_pb_column_inner saved_specialty_column_type=&#8221;3_4&#8243; _builder_version=&#8221;4.0.6&#8243;][et_pb_text admin_label=&#8221;DESCENSO DEL RIO BIDASOA&#8221; _builder_version=&#8221;4.6.2&#8243; custom_margin=&#8221;||0px||false|false&#8221; custom_padding=&#8221;||0px||false|false&#8221;] Bidasoa ibaiaren jaitsiera [\/et_pb_text][et_pb_text admin_label=&#8221;Texto&#8221; _builder_version=&#8221;4.6.2&#8243;]Jarduera honekin Endarlatsako zubitik Santiagoko zubira arte Bidasoa [&hellip;]\" \/>\n<meta property=\"og:url\" content=\"https:\/\/www.santiagotarrak.com\/eu\/aisia\/bidasoa-ibaiaren-jaitsiera\/\" \/>\n<meta property=\"og:site_name\" content=\"Santiagotarrak\" \/>\n<meta property=\"article:publisher\" content=\"http:\/\/www.facebook.com\/Santiagotarrak\/\" \/>\n<meta property=\"article:modified_time\" content=\"2022-08-10T12:24:19+00:00\" \/>\n<meta name=\"twitter:card\" content=\"summary_large_image\" \/>\n<meta name=\"twitter:label1\" content=\"Est. reading time\" \/>\n\t<meta name=\"twitter:data1\" content=\"2 minutes\" \/>\n<script type=\"application\/ld+json\" class=\"yoast-schema-graph\">{\"@context\":\"https:\/\/schema.org\",\"@graph\":[{\"@type\":\"Organization\",\"@id\":\"https:\/\/www.santiagotarrak.com\/#organization\",\"name\":\"Santiagotarrak\",\"url\":\"https:\/\/www.santiagotarrak.com\/\",\"sameAs\":[\"http:\/\/www.facebook.com\/Santiagotarrak\/\",\"http:\/\/www.instagram.com\/santiagotarrak\/\"],\"logo\":{\"@type\":\"ImageObject\",\"@id\":\"https:\/\/www.santiagotarrak.com\/#logo\",\"inLanguage\":\"eu-ES\",\"url\":\"https:\/\/www.santiagotarrak.com\/wp-content\/uploads\/2020\/07\/santiagotarrak.jpg\",\"contentUrl\":\"https:\/\/www.santiagotarrak.com\/wp-content\/uploads\/2020\/07\/santiagotarrak.jpg\",\"width\":400,\"height\":96,\"caption\":\"Santiagotarrak\"},\"image\":{\"@id\":\"https:\/\/www.santiagotarrak.com\/#logo\"}},{\"@type\":\"WebSite\",\"@id\":\"https:\/\/www.santiagotarrak.com\/#website\",\"url\":\"https:\/\/www.santiagotarrak.com\/\",\"name\":\"Santiagotarrak\",\"description\":\"Pirag\\u00fcismo y remo en el r\\u00edo Bidasoa\",\"publisher\":{\"@id\":\"https:\/\/www.santiagotarrak.com\/#organization\"},\"potentialAction\":[{\"@type\":\"SearchAction\",\"target\":{\"@type\":\"EntryPoint\",\"urlTemplate\":\"https:\/\/www.santiagotarrak.com\/?s={search_term_string}\"},\"query-input\":\"required name=search_term_string\"}],\"inLanguage\":\"eu-ES\"},{\"@type\":\"WebPage\",\"@id\":\"https:\/\/www.santiagotarrak.com\/eu\/aisia\/bidasoa-ibaiaren-jaitsiera\/#webpage\",\"url\":\"https:\/\/www.santiagotarrak.com\/eu\/aisia\/bidasoa-ibaiaren-jaitsiera\/\",\"name\":\"Bidasoa ibaiaren jaitsiera - Santiagotarrak\",\"isPartOf\":{\"@id\":\"https:\/\/www.santiagotarrak.com\/#website\"},\"datePublished\":\"2020-09-18T08:27:45+00:00\",\"dateModified\":\"2022-08-10T12:24:19+00:00\",\"breadcrumb\":{\"@id\":\"https:\/\/www.santiagotarrak.com\/eu\/aisia\/bidasoa-ibaiaren-jaitsiera\/#breadcrumb\"},\"inLanguage\":\"eu-ES\",\"potentialAction\":[{\"@type\":\"ReadAction\",\"target\":[\"https:\/\/www.santiagotarrak.com\/eu\/aisia\/bidasoa-ibaiaren-jaitsiera\/\"]}]},{\"@type\":\"BreadcrumbList\",\"@id\":\"https:\/\/www.santiagotarrak.com\/eu\/aisia\/bidasoa-ibaiaren-jaitsiera\/#breadcrumb\",\"itemListElement\":[{\"@type\":\"ListItem\",\"position\":1,\"name\":\"Portada\",\"item\":\"https:\/\/www.santiagotarrak.com\/eu\/\"},{\"@type\":\"ListItem\",\"position\":2,\"name\":\"Aisia\",\"item\":\"https:\/\/www.santiagotarrak.com\/es\/ocio\/\"},{\"@type\":\"ListItem\",\"position\":3,\"name\":\"Bidasoa ibaiaren jaitsiera\"}]}]}<\/script>\n<!-- \/ Yoast SEO plugin. -->","yoast_head_json":{"title":"Bidasoa ibaiaren jaitsiera - Santiagotarrak","robots":{"index":"index","follow":"follow","max-snippet":"max-snippet:-1","max-image-preview":"max-image-preview:large","max-video-preview":"max-video-preview:-1"},"canonical":"https:\/\/www.santiagotarrak.com\/eu\/aisia\/bidasoa-ibaiaren-jaitsiera\/","og_locale":"eu_ES","og_type":"article","og_title":"Bidasoa ibaiaren jaitsiera - Santiagotarrak","og_description":"[et_pb_section fb_built=&#8221;1&#8243; module_class=&#8221;header-section&#8221; _builder_version=&#8221;4.8.1&#8243; background_image=&#8221;https:\/\/www.santiagotarrak.com\/wp-content\/uploads\/2021\/03\/OSK05945-scaled.jpg&#8221; background_position=&#8221;bottom_center&#8221; locked=&#8221;off&#8221;][et_pb_row _builder_version=&#8221;4.0.6&#8243;][et_pb_column type=&#8221;4_4&#8243; _builder_version=&#8221;4.0.6&#8243;][et_pb_text admin_label=&#8221;Ocio&#8221; _builder_version=&#8221;4.6.2&#8243;] Aisia [\/et_pb_text][\/et_pb_column][\/et_pb_row][\/et_pb_section][et_pb_section fb_built=&#8221;1&#8243; specialty=&#8221;on&#8221; _builder_version=&#8221;4.0.6&#8243; locked=&#8221;off&#8221;][et_pb_column type=&#8221;1_4&#8243; _builder_version=&#8221;3.25&#8243; custom_padding=&#8221;|||&#8221; custom_padding__hover=&#8221;|||&#8221;][et_pb_menu menu_id=&#8221;5&#8243; module_class=&#8221;menu-seccion&#8221; _builder_version=&#8221;4.0.6&#8243;][\/et_pb_menu][\/et_pb_column][et_pb_column type=&#8221;3_4&#8243; specialty_columns=&#8221;3&#8243; _builder_version=&#8221;3.25&#8243; custom_padding=&#8221;|||&#8221; custom_padding__hover=&#8221;|||&#8221;][et_pb_row_inner _builder_version=&#8221;4.0.6&#8243; custom_margin=&#8221;||0px||false|false&#8221; custom_padding=&#8221;||0px||false|false&#8221;][et_pb_column_inner saved_specialty_column_type=&#8221;3_4&#8243; _builder_version=&#8221;4.0.6&#8243;][et_pb_text admin_label=&#8221;DESCENSO DEL RIO BIDASOA&#8221; _builder_version=&#8221;4.6.2&#8243; custom_margin=&#8221;||0px||false|false&#8221; custom_padding=&#8221;||0px||false|false&#8221;] Bidasoa ibaiaren jaitsiera [\/et_pb_text][et_pb_text admin_label=&#8221;Texto&#8221; _builder_version=&#8221;4.6.2&#8243;]Jarduera honekin Endarlatsako zubitik Santiagoko zubira arte Bidasoa [&hellip;]","og_url":"https:\/\/www.santiagotarrak.com\/eu\/aisia\/bidasoa-ibaiaren-jaitsiera\/","og_site_name":"Santiagotarrak","article_publisher":"http:\/\/www.facebook.com\/Santiagotarrak\/","article_modified_time":"2022-08-10T12:24:19+00:00","twitter_card":"summary_large_image","twitter_misc":{"Est. reading time":"2 minutes"},"schema":{"@context":"https:\/\/schema.org","@graph":[{"@type":"Organization","@id":"https:\/\/www.santiagotarrak.com\/#organization","name":"Santiagotarrak","url":"https:\/\/www.santiagotarrak.com\/","sameAs":["http:\/\/www.facebook.com\/Santiagotarrak\/","http:\/\/www.instagram.com\/santiagotarrak\/"],"logo":{"@type":"ImageObject","@id":"https:\/\/www.santiagotarrak.com\/#logo","inLanguage":"eu-ES","url":"https:\/\/www.santiagotarrak.com\/wp-content\/uploads\/2020\/07\/santiagotarrak.jpg","contentUrl":"https:\/\/www.santiagotarrak.com\/wp-content\/uploads\/2020\/07\/santiagotarrak.jpg","width":400,"height":96,"caption":"Santiagotarrak"},"image":{"@id":"https:\/\/www.santiagotarrak.com\/#logo"}},{"@type":"WebSite","@id":"https:\/\/www.santiagotarrak.com\/#website","url":"https:\/\/www.santiagotarrak.com\/","name":"Santiagotarrak","description":"Pirag\u00fcismo y remo en el r\u00edo Bidasoa","publisher":{"@id":"https:\/\/www.santiagotarrak.com\/#organization"},"potentialAction":[{"@type":"SearchAction","target":{"@type":"EntryPoint","urlTemplate":"https:\/\/www.santiagotarrak.com\/?s={search_term_string}"},"query-input":"required name=search_term_string"}],"inLanguage":"eu-ES"},{"@type":"WebPage","@id":"https:\/\/www.santiagotarrak.com\/eu\/aisia\/bidasoa-ibaiaren-jaitsiera\/#webpage","url":"https:\/\/www.santiagotarrak.com\/eu\/aisia\/bidasoa-ibaiaren-jaitsiera\/","name":"Bidasoa ibaiaren jaitsiera - Santiagotarrak","isPartOf":{"@id":"https:\/\/www.santiagotarrak.com\/#website"},"datePublished":"2020-09-18T08:27:45+00:00","dateModified":"2022-08-10T12:24:19+00:00","breadcrumb":{"@id":"https:\/\/www.santiagotarrak.com\/eu\/aisia\/bidasoa-ibaiaren-jaitsiera\/#breadcrumb"},"inLanguage":"eu-ES","potentialAction":[{"@type":"ReadAction","target":["https:\/\/www.santiagotarrak.com\/eu\/aisia\/bidasoa-ibaiaren-jaitsiera\/"]}]},{"@type":"BreadcrumbList","@id":"https:\/\/www.santiagotarrak.com\/eu\/aisia\/bidasoa-ibaiaren-jaitsiera\/#breadcrumb","itemListElement":[{"@type":"ListItem","position":1,"name":"Portada","item":"https:\/\/www.santiagotarrak.com\/eu\/"},{"@type":"ListItem","position":2,"name":"Aisia","item":"https:\/\/www.santiagotarrak.com\/es\/ocio\/"},{"@type":"ListItem","position":3,"name":"Bidasoa ibaiaren jaitsiera"}]}]}},"_links":{"self":[{"href":"https:\/\/www.santiagotarrak.com\/eu\/wp-json\/wp\/v2\/pages\/1695"}],"collection":[{"href":"https:\/\/www.santiagotarrak.com\/eu\/wp-json\/wp\/v2\/pages"}],"about":[{"href":"https:\/\/www.santiagotarrak.com\/eu\/wp-json\/wp\/v2\/types\/page"}],"author":[{"embeddable":true,"href":"https:\/\/www.santiagotarrak.com\/eu\/wp-json\/wp\/v2\/users\/1"}],"replies":[{"embeddable":true,"href":"https:\/\/www.santiagotarrak.com\/eu\/wp-json\/wp\/v2\/comments?post=1695"}],"version-history":[{"count":8,"href":"https:\/\/www.santiagotarrak.com\/eu\/wp-json\/wp\/v2\/pages\/1695\/revisions"}],"predecessor-version":[{"id":3276,"href":"https:\/\/www.santiagotarrak.com\/eu\/wp-json\/wp\/v2\/pages\/1695\/revisions\/3276"}],"up":[{"embeddable":true,"href":"https:\/\/www.santiagotarrak.com\/eu\/wp-json\/wp\/v2\/pages\/1683"}],"wp:attachment":[{"href":"https:\/\/www.santiagotarrak.com\/eu\/wp-json\/wp\/v2\/media?parent=1695"}],"curies":[{"name":"wp","href":"https:\/\/api.w.org\/{rel}","templated":true}]}}