{"id":1733,"date":"2020-09-18T09:11:34","date_gmt":"2020-09-18T09:11:34","guid":{"rendered":"https:\/\/www.santiagotarrak.com\/?page_id=1733"},"modified":"2020-09-27T20:38:57","modified_gmt":"2020-09-27T20:38:57","slug":"ur-bizietako-piraguismoa","status":"publish","type":"page","link":"https:\/\/www.santiagotarrak.com\/eu\/lehiaketa\/ur-bizietako-piraguismoa\/","title":{"rendered":"Ur-bizietako piraguismoa"},"content":{"rendered":"<p>[et_pb_section fb_built=&#8221;1&#8243; module_class=&#8221;header-section&#8221; _builder_version=&#8221;4.0.6&#8243; background_image=&#8221;https:\/\/www.santiagotarrak.com\/wp-content\/uploads\/2020\/03\/remo-header.jpg&#8221; background_position=&#8221;bottom_center&#8221; locked=&#8221;off&#8221;][et_pb_row _builder_version=&#8221;4.0.6&#8243;][et_pb_column type=&#8221;4_4&#8243; _builder_version=&#8221;4.0.6&#8243;][et_pb_text admin_label=&#8221;Aguas bravas&#8221; _builder_version=&#8221;4.6.2&#8243;]<\/p>\n<p class=\"header-h1\">Ur-bizietako piraguismoa<\/p>\n<p>[\/et_pb_text][\/et_pb_column][\/et_pb_row][\/et_pb_section][et_pb_section fb_built=&#8221;1&#8243; specialty=&#8221;on&#8221; _builder_version=&#8221;4.0.6&#8243; locked=&#8221;off&#8221;][et_pb_column type=&#8221;1_4&#8243; _builder_version=&#8221;3.25&#8243; custom_padding=&#8221;|||&#8221; custom_padding__hover=&#8221;|||&#8221;][et_pb_menu menu_id=&#8221;8&#8243; module_class=&#8221;menu-seccion&#8221; _builder_version=&#8221;4.4.9&#8243; locked=&#8221;off&#8221;][\/et_pb_menu][\/et_pb_column][et_pb_column type=&#8221;3_4&#8243; specialty_columns=&#8221;3&#8243; _builder_version=&#8221;3.25&#8243; custom_padding=&#8221;|||&#8221; custom_padding__hover=&#8221;|||&#8221;][et_pb_row_inner _builder_version=&#8221;4.0.6&#8243; custom_margin=&#8221;||0px||false|false&#8221; custom_padding=&#8221;||0px||false|false&#8221;][et_pb_column_inner saved_specialty_column_type=&#8221;3_4&#8243; _builder_version=&#8221;4.0.6&#8243;][et_pb_text admin_label=&#8221;Introducci\u00f3n&#8221; _builder_version=&#8221;4.6.2&#8243; custom_margin=&#8221;||0px||false|false&#8221; custom_padding=&#8221;||0px||false|false&#8221;]<\/p>\n<h1>Ur-bizietako piraguismoa<\/h1>\n<p>Ur amiletako piraguismoa, gainontzeko sekzioak ez bezala, eta izenak berak adierazten duen moduan, batez ere ibai naturaletan edo korronte gogorrak sortzen dituzten kanal artifizialetan praktikatzen da. Ur-amilak praktikatzeko modalitate desberdinak dauden arren, sekzioaren jarduera slalomaren diziplina olinpiarrean oinarritzen da.<\/p>\n<p>\u200b<\/p>\n<p>[\/et_pb_text][\/et_pb_column_inner][\/et_pb_row_inner][et_pb_row_inner column_structure=&#8221;1_2,1_2&#8243; _builder_version=&#8221;4.4.9&#8243; custom_margin=&#8221;0px||||false|false&#8221; custom_padding=&#8221;0px||||false|false&#8221;][et_pb_column_inner type=&#8221;1_2&#8243; saved_specialty_column_type=&#8221;3_4&#8243; _builder_version=&#8221;4.4.9&#8243;][et_pb_image src=&#8221;https:\/\/www.santiagotarrak.com\/wp-content\/uploads\/2020\/07\/bravas.jpg&#8221; title_text=&#8221;bravas&#8221; _builder_version=&#8221;4.4.9&#8243;][\/et_pb_image][et_pb_text admin_label=&#8221;Pirag\u00fcismo de slalom&#8221; _builder_version=&#8221;4.6.2&#8243;]<\/p>\n<h2>Slalom-piraguismoa<\/h2>\n<p>Slalom-piraguismoa, ur amilen kanal batetik zenbatutako ateak eta derrigorrezko pasabideak dituen zirkuitu bat ahalik eta denbora gutxienean eta penalizaziorik gabe osatzean datza. Proba bakoitzaren zailtasun teknikoa aldatzen da zirkuituaren barnean dauden ate kopuruaren eta haien kokapenaren arabera.<\/p>\n<p>Sekzioaren jarduerarik gehiena slalomera bideratuta dagoen arren, neurri txikiagoan bederen, ur amilen jaitsieraren diziplina ez-olinpiarra ere praktikatzen da.<\/p>\n<p>[\/et_pb_text][\/et_pb_column_inner][et_pb_column_inner type=&#8221;1_2&#8243; saved_specialty_column_type=&#8221;3_4&#8243; _builder_version=&#8221;4.4.9&#8243;][et_pb_image src=&#8221;https:\/\/www.santiagotarrak.com\/wp-content\/uploads\/2020\/09\/aguas-bravas.jpg&#8221; title_text=&#8221;aguas-bravas&#8221; _builder_version=&#8221;4.4.9&#8243;][\/et_pb_image][et_pb_text admin_label=&#8221;Descenso de aguas bravas&#8221; _builder_version=&#8221;4.6.2&#8243; hover_enabled=&#8221;0&#8243; sticky_enabled=&#8221;0&#8243;]<\/p>\n<h2>Ur biziaren jaitsiera<\/h2>\n<p>\u200bSlaloma ez bezala, ur amiletako jaitsierak bi motatako probak ditu. Alde batetik esprinta, zeinaren helburua den banaka eta ahalik eta denbora laburrenean ur amilen kanal bat zeharkatzea, oraingo honetan aterik gainditu beharrik gabe. Bestalde, &#8220;klasikoa&#8221; deitzen den proba dago, distantzia handiagoko ibai bat ahalik eta denborarik txikienean jaistea izaten dena.[\/et_pb_text][\/et_pb_column_inner][\/et_pb_row_inner][et_pb_row_inner _builder_version=&#8221;4.6.2&#8243; _module_preset=&#8221;default&#8221;][et_pb_column_inner saved_specialty_column_type=&#8221;3_4&#8243; _builder_version=&#8221;4.6.2&#8243; _module_preset=&#8221;default&#8221;][et_pb_text _builder_version=&#8221;4.6.2&#8243; _module_preset=&#8221;default&#8221; hover_enabled=&#8221;0&#8243; sticky_enabled=&#8221;0&#8243;]<\/p>\n<h2><strong>Ontzi motak<\/strong><\/h2>\n<p>Slaloma eta jaitsiera praktikatzeko erabiltzen diren ontziak erabat desberdinak dira modalitate bakoitzean eta haietako bakoitza egokitzen da diziplina bakoitzak exijitzen dituen beharretara.<\/p>\n<p>Slalomeko ontziak motzak dira eta bainera zabal bat dute eta popa finagoa, bira azkarrak egiteko aukera ematen dute eta.<\/p>\n<p>Jaitsiera egiteko erabiltzen diren ontziak, bestalde, luzexkak dira eta popa zabalagoa dute ez iraultzeko eta ontziaren norabidea ahalik eta zuzenena mantentzeko.<\/p>\n<p>Bai jaitsieran eta bai slalomean bi ontzi mota daude:<\/p>\n<ul>\n<li>Kayak (K1), bi orri dituen pala batez praktikatzen dena.<\/li>\n<li>Kanoa, orri bakarreko pala duena eta izan daitekeena:\n<ul>\n<li>Indibiduala (C1)<\/li>\n<li>Bikoa (C2)<\/li>\n<\/ul>\n<\/li>\n<\/ul>\n<p>[\/et_pb_text][\/et_pb_column_inner][\/et_pb_row_inner][\/et_pb_column][\/et_pb_section]<\/p>\n","protected":false},"excerpt":{"rendered":"<p>[et_pb_section fb_built=&#8221;1&#8243; module_class=&#8221;header-section&#8221; _builder_version=&#8221;4.0.6&#8243; background_image=&#8221;https:\/\/www.santiagotarrak.com\/wp-content\/uploads\/2020\/03\/remo-header.jpg&#8221; background_position=&#8221;bottom_center&#8221; locked=&#8221;off&#8221;][et_pb_row _builder_version=&#8221;4.0.6&#8243;][et_pb_column type=&#8221;4_4&#8243; _builder_version=&#8221;4.0.6&#8243;][et_pb_text admin_label=&#8221;Aguas bravas&#8221; _builder_version=&#8221;4.6.2&#8243;] Ur-bizietako piraguismoa [\/et_pb_text][\/et_pb_column][\/et_pb_row][\/et_pb_section][et_pb_section fb_built=&#8221;1&#8243; specialty=&#8221;on&#8221; _builder_version=&#8221;4.0.6&#8243; locked=&#8221;off&#8221;][et_pb_column type=&#8221;1_4&#8243; _builder_version=&#8221;3.25&#8243; custom_padding=&#8221;|||&#8221; custom_padding__hover=&#8221;|||&#8221;][et_pb_menu menu_id=&#8221;8&#8243; module_class=&#8221;menu-seccion&#8221; _builder_version=&#8221;4.4.9&#8243; locked=&#8221;off&#8221;][\/et_pb_menu][\/et_pb_column][et_pb_column type=&#8221;3_4&#8243; specialty_columns=&#8221;3&#8243; _builder_version=&#8221;3.25&#8243; custom_padding=&#8221;|||&#8221; custom_padding__hover=&#8221;|||&#8221;][et_pb_row_inner _builder_version=&#8221;4.0.6&#8243; custom_margin=&#8221;||0px||false|false&#8221; custom_padding=&#8221;||0px||false|false&#8221;][et_pb_column_inner saved_specialty_column_type=&#8221;3_4&#8243; _builder_version=&#8221;4.0.6&#8243;][et_pb_text admin_label=&#8221;Introducci\u00f3n&#8221; _builder_version=&#8221;4.6.2&#8243; custom_margin=&#8221;||0px||false|false&#8221; custom_padding=&#8221;||0px||false|false&#8221;] Ur-bizietako piraguismoa Ur amiletako piraguismoa, gainontzeko sekzioak ez bezala, eta izenak berak adierazten [&hellip;]<\/p>\n","protected":false},"author":1,"featured_media":0,"parent":1572,"menu_order":0,"comment_status":"closed","ping_status":"closed","template":"","meta":{"_et_pb_use_builder":"on","_et_pb_old_content":"[et_pb_section fb_built=\"1\" module_class=\"header-section\" _builder_version=\"4.0.6\" background_image=\"https:\/\/www.santiagotarrak.com\/wp-content\/uploads\/2020\/03\/remo-header.jpg\" background_position=\"bottom_center\" locked=\"off\"][et_pb_row _builder_version=\"4.0.6\"][et_pb_column type=\"4_4\" _builder_version=\"4.0.6\"][et_pb_text admin_label=\"Aguas bravas\" _builder_version=\"4.0.6\"]<p class=\"header-h1\">Aguas bravas<\/p>[\/et_pb_text][\/et_pb_column][\/et_pb_row][\/et_pb_section][et_pb_section fb_built=\"1\" specialty=\"on\" _builder_version=\"4.0.6\" locked=\"off\"][et_pb_column type=\"1_4\" _builder_version=\"3.25\" custom_padding=\"|||\" custom_padding__hover=\"|||\"][et_pb_menu menu_id=\"8\" module_class=\"menu-seccion\" _builder_version=\"4.4.9\" hover_enabled=\"0\" locked=\"off\"][\/et_pb_menu][\/et_pb_column][et_pb_column type=\"3_4\" specialty_columns=\"3\" _builder_version=\"3.25\" custom_padding=\"|||\" custom_padding__hover=\"|||\"][et_pb_row_inner _builder_version=\"4.0.6\" custom_margin=\"||0px||false|false\" custom_padding=\"||0px||false|false\"][et_pb_column_inner saved_specialty_column_type=\"3_4\" _builder_version=\"4.0.6\"][et_pb_text admin_label=\"Introducci\u00f3n\" _builder_version=\"4.4.9\" custom_margin=\"||0px||false|false\" custom_padding=\"||0px||false|false\"]<h1>Pirag\u00fcismo en aguas bravas<\/h1>\r\n<p>El pirag\u00fcismo de aguas bravas, a diferencia del resto de secciones y como bien indica su nombre se practica principalmente en r\u00edos naturales o canales artificiales impulsados por fuertes corrientes.<\/p>\r\n<p>Aunque existen diversas modalidades para practicar aguas bravas la actividad de la secci\u00f3n se centra en la disciplina ol\u00edmpica del slalom.<br \/>A pesar de que la mayor parte de la actividad de la secci\u00f3n est\u00e9 dirigida hacia el slalom tambi\u00e9n se practica, aunque en menor medida, la disciplina no-ol\u00edmpica del descenso de aguas bravas.<\/p>\r\n<p>\u200b<\/p>[\/et_pb_text][\/et_pb_column_inner][\/et_pb_row_inner][et_pb_row_inner column_structure=\"1_2,1_2\" _builder_version=\"4.4.9\" custom_margin=\"0px||||false|false\" custom_padding=\"0px||||false|false\"][et_pb_column_inner type=\"1_2\" saved_specialty_column_type=\"3_4\" _builder_version=\"4.4.9\"][et_pb_image src=\"https:\/\/www.santiagotarrak.com\/wp-content\/uploads\/2020\/07\/bravas.jpg\" title_text=\"bravas\" _builder_version=\"4.4.9\"][\/et_pb_image][et_pb_text admin_label=\"Pirag\u00fcismo de slalom\" _builder_version=\"4.4.9\"]<h2>Pirag\u00fcismo de slalom<\/h2>\r\n<p>El pirag\u00fcismo de slalom consiste en recorrer en el menor tiempo posible y sin penalizaciones un circuito de puertas numeradas y de paso obligado en un canal de aguas bravas.<\/p>\r\n<p>La dificultad t\u00e9cnica de cada prueba var\u00eda dependiendo del n\u00famero de puertas y su posici\u00f3n dentro del circuito.<\/p>[\/et_pb_text][\/et_pb_column_inner][et_pb_column_inner type=\"1_2\" saved_specialty_column_type=\"3_4\" _builder_version=\"4.4.9\"][et_pb_image src=\"https:\/\/www.santiagotarrak.com\/wp-content\/uploads\/2020\/09\/aguas-bravas.jpg\" title_text=\"aguas-bravas\" _builder_version=\"4.4.9\"][\/et_pb_image][et_pb_text admin_label=\"Descenso de aguas bravas\" _builder_version=\"4.4.9\"]<h2>Descenso de aguas bravas<\/h2>\r\n<p>A diferencia del slalom, el descenso de aguas bravas cuenta con dos tipos de prueba:<\/p>\r\n<ul>\r\n<li>Sprint, cuyo objetivo es recorrer individualmente y en el menor tiempo posible un canal de aguas bravas, esta vez sin tener que superar puertas.<\/li>\r\n<li>La prueba denominada \u201ccl\u00e1sica\u201d, que consiste en descender un r\u00edo de mayor distancia tambi\u00e9n en el menor tiempo posible.<\/li>\r\n<\/ul>[\/et_pb_text][\/et_pb_column_inner][\/et_pb_row_inner][\/et_pb_column][\/et_pb_section]","_et_gb_content_width":""},"yoast_head":"<!-- This site is optimized with the Yoast SEO plugin v17.5 - https:\/\/yoast.com\/wordpress\/plugins\/seo\/ -->\n<title>Ur-bizietako piraguismoa - Santiagotarrak<\/title>\n<meta name=\"robots\" content=\"index, follow, max-snippet:-1, max-image-preview:large, max-video-preview:-1\" \/>\n<link rel=\"canonical\" href=\"https:\/\/www.santiagotarrak.com\/eu\/lehiaketa\/ur-bizietako-piraguismoa\/\" \/>\n<meta property=\"og:locale\" content=\"eu_ES\" \/>\n<meta property=\"og:type\" content=\"article\" \/>\n<meta property=\"og:title\" content=\"Ur-bizietako piraguismoa - Santiagotarrak\" \/>\n<meta property=\"og:description\" content=\"[et_pb_section fb_built=&#8221;1&#8243; module_class=&#8221;header-section&#8221; _builder_version=&#8221;4.0.6&#8243; background_image=&#8221;https:\/\/www.santiagotarrak.com\/wp-content\/uploads\/2020\/03\/remo-header.jpg&#8221; background_position=&#8221;bottom_center&#8221; locked=&#8221;off&#8221;][et_pb_row _builder_version=&#8221;4.0.6&#8243;][et_pb_column type=&#8221;4_4&#8243; _builder_version=&#8221;4.0.6&#8243;][et_pb_text admin_label=&#8221;Aguas bravas&#8221; _builder_version=&#8221;4.6.2&#8243;] Ur-bizietako piraguismoa [\/et_pb_text][\/et_pb_column][\/et_pb_row][\/et_pb_section][et_pb_section fb_built=&#8221;1&#8243; specialty=&#8221;on&#8221; _builder_version=&#8221;4.0.6&#8243; locked=&#8221;off&#8221;][et_pb_column type=&#8221;1_4&#8243; _builder_version=&#8221;3.25&#8243; custom_padding=&#8221;|||&#8221; custom_padding__hover=&#8221;|||&#8221;][et_pb_menu menu_id=&#8221;8&#8243; module_class=&#8221;menu-seccion&#8221; _builder_version=&#8221;4.4.9&#8243; locked=&#8221;off&#8221;][\/et_pb_menu][\/et_pb_column][et_pb_column type=&#8221;3_4&#8243; specialty_columns=&#8221;3&#8243; _builder_version=&#8221;3.25&#8243; custom_padding=&#8221;|||&#8221; custom_padding__hover=&#8221;|||&#8221;][et_pb_row_inner _builder_version=&#8221;4.0.6&#8243; custom_margin=&#8221;||0px||false|false&#8221; custom_padding=&#8221;||0px||false|false&#8221;][et_pb_column_inner saved_specialty_column_type=&#8221;3_4&#8243; _builder_version=&#8221;4.0.6&#8243;][et_pb_text admin_label=&#8221;Introducci\u00f3n&#8221; _builder_version=&#8221;4.6.2&#8243; custom_margin=&#8221;||0px||false|false&#8221; custom_padding=&#8221;||0px||false|false&#8221;] Ur-bizietako piraguismoa Ur amiletako piraguismoa, gainontzeko sekzioak ez bezala, eta izenak berak adierazten [&hellip;]\" \/>\n<meta property=\"og:url\" content=\"https:\/\/www.santiagotarrak.com\/eu\/lehiaketa\/ur-bizietako-piraguismoa\/\" \/>\n<meta property=\"og:site_name\" content=\"Santiagotarrak\" \/>\n<meta property=\"article:publisher\" content=\"http:\/\/www.facebook.com\/Santiagotarrak\/\" \/>\n<meta property=\"article:modified_time\" content=\"2020-09-27T20:38:57+00:00\" \/>\n<meta name=\"twitter:card\" content=\"summary_large_image\" \/>\n<meta name=\"twitter:label1\" content=\"Est. reading time\" \/>\n\t<meta name=\"twitter:data1\" content=\"3 minutes\" \/>\n<script type=\"application\/ld+json\" class=\"yoast-schema-graph\">{\"@context\":\"https:\/\/schema.org\",\"@graph\":[{\"@type\":\"Organization\",\"@id\":\"https:\/\/www.santiagotarrak.com\/#organization\",\"name\":\"Santiagotarrak\",\"url\":\"https:\/\/www.santiagotarrak.com\/\",\"sameAs\":[\"http:\/\/www.facebook.com\/Santiagotarrak\/\",\"http:\/\/www.instagram.com\/santiagotarrak\/\"],\"logo\":{\"@type\":\"ImageObject\",\"@id\":\"https:\/\/www.santiagotarrak.com\/#logo\",\"inLanguage\":\"eu-ES\",\"url\":\"https:\/\/www.santiagotarrak.com\/wp-content\/uploads\/2020\/07\/santiagotarrak.jpg\",\"contentUrl\":\"https:\/\/www.santiagotarrak.com\/wp-content\/uploads\/2020\/07\/santiagotarrak.jpg\",\"width\":400,\"height\":96,\"caption\":\"Santiagotarrak\"},\"image\":{\"@id\":\"https:\/\/www.santiagotarrak.com\/#logo\"}},{\"@type\":\"WebSite\",\"@id\":\"https:\/\/www.santiagotarrak.com\/#website\",\"url\":\"https:\/\/www.santiagotarrak.com\/\",\"name\":\"Santiagotarrak\",\"description\":\"Pirag\\u00fcismo y remo en el r\\u00edo Bidasoa\",\"publisher\":{\"@id\":\"https:\/\/www.santiagotarrak.com\/#organization\"},\"potentialAction\":[{\"@type\":\"SearchAction\",\"target\":{\"@type\":\"EntryPoint\",\"urlTemplate\":\"https:\/\/www.santiagotarrak.com\/?s={search_term_string}\"},\"query-input\":\"required name=search_term_string\"}],\"inLanguage\":\"eu-ES\"},{\"@type\":\"WebPage\",\"@id\":\"https:\/\/www.santiagotarrak.com\/eu\/lehiaketa\/ur-bizietako-piraguismoa\/#webpage\",\"url\":\"https:\/\/www.santiagotarrak.com\/eu\/lehiaketa\/ur-bizietako-piraguismoa\/\",\"name\":\"Ur-bizietako piraguismoa - Santiagotarrak\",\"isPartOf\":{\"@id\":\"https:\/\/www.santiagotarrak.com\/#website\"},\"datePublished\":\"2020-09-18T09:11:34+00:00\",\"dateModified\":\"2020-09-27T20:38:57+00:00\",\"breadcrumb\":{\"@id\":\"https:\/\/www.santiagotarrak.com\/eu\/lehiaketa\/ur-bizietako-piraguismoa\/#breadcrumb\"},\"inLanguage\":\"eu-ES\",\"potentialAction\":[{\"@type\":\"ReadAction\",\"target\":[\"https:\/\/www.santiagotarrak.com\/eu\/lehiaketa\/ur-bizietako-piraguismoa\/\"]}]},{\"@type\":\"BreadcrumbList\",\"@id\":\"https:\/\/www.santiagotarrak.com\/eu\/lehiaketa\/ur-bizietako-piraguismoa\/#breadcrumb\",\"itemListElement\":[{\"@type\":\"ListItem\",\"position\":1,\"name\":\"Portada\",\"item\":\"https:\/\/www.santiagotarrak.com\/eu\/\"},{\"@type\":\"ListItem\",\"position\":2,\"name\":\"Lehiaketa\",\"item\":\"https:\/\/www.santiagotarrak.com\/es\/competicion\/\"},{\"@type\":\"ListItem\",\"position\":3,\"name\":\"Ur-bizietako piraguismoa\"}]}]}<\/script>\n<!-- \/ Yoast SEO plugin. -->","yoast_head_json":{"title":"Ur-bizietako piraguismoa - Santiagotarrak","robots":{"index":"index","follow":"follow","max-snippet":"max-snippet:-1","max-image-preview":"max-image-preview:large","max-video-preview":"max-video-preview:-1"},"canonical":"https:\/\/www.santiagotarrak.com\/eu\/lehiaketa\/ur-bizietako-piraguismoa\/","og_locale":"eu_ES","og_type":"article","og_title":"Ur-bizietako piraguismoa - Santiagotarrak","og_description":"[et_pb_section fb_built=&#8221;1&#8243; module_class=&#8221;header-section&#8221; _builder_version=&#8221;4.0.6&#8243; background_image=&#8221;https:\/\/www.santiagotarrak.com\/wp-content\/uploads\/2020\/03\/remo-header.jpg&#8221; background_position=&#8221;bottom_center&#8221; locked=&#8221;off&#8221;][et_pb_row _builder_version=&#8221;4.0.6&#8243;][et_pb_column type=&#8221;4_4&#8243; _builder_version=&#8221;4.0.6&#8243;][et_pb_text admin_label=&#8221;Aguas bravas&#8221; _builder_version=&#8221;4.6.2&#8243;] Ur-bizietako piraguismoa [\/et_pb_text][\/et_pb_column][\/et_pb_row][\/et_pb_section][et_pb_section fb_built=&#8221;1&#8243; specialty=&#8221;on&#8221; _builder_version=&#8221;4.0.6&#8243; locked=&#8221;off&#8221;][et_pb_column type=&#8221;1_4&#8243; _builder_version=&#8221;3.25&#8243; custom_padding=&#8221;|||&#8221; custom_padding__hover=&#8221;|||&#8221;][et_pb_menu menu_id=&#8221;8&#8243; module_class=&#8221;menu-seccion&#8221; _builder_version=&#8221;4.4.9&#8243; locked=&#8221;off&#8221;][\/et_pb_menu][\/et_pb_column][et_pb_column type=&#8221;3_4&#8243; specialty_columns=&#8221;3&#8243; _builder_version=&#8221;3.25&#8243; custom_padding=&#8221;|||&#8221; custom_padding__hover=&#8221;|||&#8221;][et_pb_row_inner _builder_version=&#8221;4.0.6&#8243; custom_margin=&#8221;||0px||false|false&#8221; custom_padding=&#8221;||0px||false|false&#8221;][et_pb_column_inner saved_specialty_column_type=&#8221;3_4&#8243; _builder_version=&#8221;4.0.6&#8243;][et_pb_text admin_label=&#8221;Introducci\u00f3n&#8221; _builder_version=&#8221;4.6.2&#8243; custom_margin=&#8221;||0px||false|false&#8221; custom_padding=&#8221;||0px||false|false&#8221;] Ur-bizietako piraguismoa Ur amiletako piraguismoa, gainontzeko sekzioak ez bezala, eta izenak berak adierazten [&hellip;]","og_url":"https:\/\/www.santiagotarrak.com\/eu\/lehiaketa\/ur-bizietako-piraguismoa\/","og_site_name":"Santiagotarrak","article_publisher":"http:\/\/www.facebook.com\/Santiagotarrak\/","article_modified_time":"2020-09-27T20:38:57+00:00","twitter_card":"summary_large_image","twitter_misc":{"Est. reading time":"3 minutes"},"schema":{"@context":"https:\/\/schema.org","@graph":[{"@type":"Organization","@id":"https:\/\/www.santiagotarrak.com\/#organization","name":"Santiagotarrak","url":"https:\/\/www.santiagotarrak.com\/","sameAs":["http:\/\/www.facebook.com\/Santiagotarrak\/","http:\/\/www.instagram.com\/santiagotarrak\/"],"logo":{"@type":"ImageObject","@id":"https:\/\/www.santiagotarrak.com\/#logo","inLanguage":"eu-ES","url":"https:\/\/www.santiagotarrak.com\/wp-content\/uploads\/2020\/07\/santiagotarrak.jpg","contentUrl":"https:\/\/www.santiagotarrak.com\/wp-content\/uploads\/2020\/07\/santiagotarrak.jpg","width":400,"height":96,"caption":"Santiagotarrak"},"image":{"@id":"https:\/\/www.santiagotarrak.com\/#logo"}},{"@type":"WebSite","@id":"https:\/\/www.santiagotarrak.com\/#website","url":"https:\/\/www.santiagotarrak.com\/","name":"Santiagotarrak","description":"Pirag\u00fcismo y remo en el r\u00edo Bidasoa","publisher":{"@id":"https:\/\/www.santiagotarrak.com\/#organization"},"potentialAction":[{"@type":"SearchAction","target":{"@type":"EntryPoint","urlTemplate":"https:\/\/www.santiagotarrak.com\/?s={search_term_string}"},"query-input":"required name=search_term_string"}],"inLanguage":"eu-ES"},{"@type":"WebPage","@id":"https:\/\/www.santiagotarrak.com\/eu\/lehiaketa\/ur-bizietako-piraguismoa\/#webpage","url":"https:\/\/www.santiagotarrak.com\/eu\/lehiaketa\/ur-bizietako-piraguismoa\/","name":"Ur-bizietako piraguismoa - Santiagotarrak","isPartOf":{"@id":"https:\/\/www.santiagotarrak.com\/#website"},"datePublished":"2020-09-18T09:11:34+00:00","dateModified":"2020-09-27T20:38:57+00:00","breadcrumb":{"@id":"https:\/\/www.santiagotarrak.com\/eu\/lehiaketa\/ur-bizietako-piraguismoa\/#breadcrumb"},"inLanguage":"eu-ES","potentialAction":[{"@type":"ReadAction","target":["https:\/\/www.santiagotarrak.com\/eu\/lehiaketa\/ur-bizietako-piraguismoa\/"]}]},{"@type":"BreadcrumbList","@id":"https:\/\/www.santiagotarrak.com\/eu\/lehiaketa\/ur-bizietako-piraguismoa\/#breadcrumb","itemListElement":[{"@type":"ListItem","position":1,"name":"Portada","item":"https:\/\/www.santiagotarrak.com\/eu\/"},{"@type":"ListItem","position":2,"name":"Lehiaketa","item":"https:\/\/www.santiagotarrak.com\/es\/competicion\/"},{"@type":"ListItem","position":3,"name":"Ur-bizietako piraguismoa"}]}]}},"_links":{"self":[{"href":"https:\/\/www.santiagotarrak.com\/eu\/wp-json\/wp\/v2\/pages\/1733"}],"collection":[{"href":"https:\/\/www.santiagotarrak.com\/eu\/wp-json\/wp\/v2\/pages"}],"about":[{"href":"https:\/\/www.santiagotarrak.com\/eu\/wp-json\/wp\/v2\/types\/page"}],"author":[{"embeddable":true,"href":"https:\/\/www.santiagotarrak.com\/eu\/wp-json\/wp\/v2\/users\/1"}],"replies":[{"embeddable":true,"href":"https:\/\/www.santiagotarrak.com\/eu\/wp-json\/wp\/v2\/comments?post=1733"}],"version-history":[{"count":9,"href":"https:\/\/www.santiagotarrak.com\/eu\/wp-json\/wp\/v2\/pages\/1733\/revisions"}],"predecessor-version":[{"id":1863,"href":"https:\/\/www.santiagotarrak.com\/eu\/wp-json\/wp\/v2\/pages\/1733\/revisions\/1863"}],"up":[{"embeddable":true,"href":"https:\/\/www.santiagotarrak.com\/eu\/wp-json\/wp\/v2\/pages\/1572"}],"wp:attachment":[{"href":"https:\/\/www.santiagotarrak.com\/eu\/wp-json\/wp\/v2\/media?parent=1733"}],"curies":[{"name":"wp","href":"https:\/\/api.w.org\/{rel}","templated":true}]}}