{"id":1752,"date":"2020-06-26T05:31:01","date_gmt":"2020-06-26T03:31:01","guid":{"rendered":"https:\/\/www.santiagotarrak.com\/?page_id=1752"},"modified":"2026-04-13T13:04:42","modified_gmt":"2026-04-13T11:04:42","slug":"uraleku","status":"publish","type":"page","link":"https:\/\/www.santiagotarrak.com\/eu\/ikastaroak\/udako-ikastaroak\/uraleku\/","title":{"rendered":"Uraleku"},"content":{"rendered":"<p>[et_pb_section fb_built=&#8221;1&#8243; module_class=&#8221;header-section&#8221; _builder_version=&#8221;4.8.1&#8243; background_image=&#8221;https:\/\/www.santiagotarrak.com\/wp-content\/uploads\/2021\/11\/embarcadero-scaled.jpg&#8221; locked=&#8221;off&#8221;][et_pb_row _builder_version=&#8221;4.0.6&#8243;][et_pb_column type=&#8221;4_4&#8243; _builder_version=&#8221;4.0.6&#8243;][et_pb_text admin_label=&#8221;Remo&#8221; _builder_version=&#8221;4.6.2&#8243;]<\/p>\n<p class=\"header-h1\">Udako ikastaroak<\/p>\n<p>[\/et_pb_text][\/et_pb_column][\/et_pb_row][\/et_pb_section][et_pb_section fb_built=&#8221;1&#8243; _builder_version=&#8221;4.0.6&#8243; locked=&#8221;off&#8221;][et_pb_row _builder_version=&#8221;4.0.6&#8243; custom_margin=&#8221;||0px||false|false&#8221; custom_padding=&#8221;||0px||false|false&#8221;][et_pb_column type=&#8221;4_4&#8243; _builder_version=&#8221;4.0.6&#8243;][et_pb_text admin_label=&#8221;Uraleku 2026&#8243; _builder_version=&#8221;4.8.1&#8243;]<\/p>\n<h1>Uraleku 2026<\/h1>\n<p>[\/et_pb_text][\/et_pb_column][\/et_pb_row][et_pb_row column_structure=&#8221;3_4,1_4&#8243; use_custom_gutter=&#8221;on&#8221; gutter_width=&#8221;2&#8243; module_class=&#8221;cursillos-uda&#8221; _builder_version=&#8221;4.0.6&#8243;][et_pb_column type=&#8221;3_4&#8243; _builder_version=&#8221;4.0.6&#8243;][et_pb_text admin_label=&#8221;SEMANAL&#8221; _builder_version=&#8221;4.6.2&#8243;]<\/p>\n<h2 class=\"text-left text-dark font-weight-bold\">ASTEKOA<\/h2>\n<p>[\/et_pb_text][et_pb_text admin_label=&#8221;Fechas&#8221; _builder_version=&#8221;4.8.1&#8243;]<\/p>\n<h3>Data eskuragarriak<\/h3>\n<ul>\n<li class=\"text-dark font-weight-bold\">Uztailaren 6tik 10ra<\/li>\n<li class=\"text-dark font-weight-bold\">Uztailaren 13tik 17ra<\/li>\n<li class=\"text-dark font-weight-bold\">Uztailaren 20tik 24ra<\/li>\n<li class=\"text-dark font-weight-bold\">Uztailaren 27tik 31ra<\/li>\n<li class=\"text-dark font-weight-bold\">Abuztuaren 3tik 7ra<\/li>\n<li class=\"text-dark font-weight-bold\">Abuztuaren 10etik 14era<\/li>\n<li class=\"text-dark font-weight-bold\">Abuztuaren 17tik 21era<\/li>\n<li class=\"text-dark font-weight-bold\">Abuztuaren 24tik 28ra<\/li>\n<li class=\"text-dark font-weight-bold\">Abuztuaren 31tik irailaren 4ra<\/li>\n<\/ul>\n<p><strong>Sarrera<\/strong> 8:30 &#8211; 9:00 \/ <strong>Irteera <\/strong> 13:00 &#8211; 13:30<br \/>Astelehenetik ostiralera<\/p>\n<p>[\/et_pb_text][et_pb_text admin_label=&#8221;PIRAG\u00dcISMO, REMO, STAND UP PADDLE&#8230;&#8221; _builder_version=&#8221;4.8.1&#8243;]<\/p>\n<h3>PIRAGUISMOA, ARRAUNA, STAND UP PADDLE&#8230;<\/h3>\n<p>2012-2018 jaiotakoak<\/p>\n<p>Egunero ur jardueren 2 ordu. Piraguismo ur-biziak edo ur-lasaiak, arrauna, stand up paddle&#8230; eta askoz gehiago!<\/p>\n<p>[\/et_pb_text][et_pb_text admin_label=&#8221;Tarifas&#8221; _builder_version=&#8221;4.8.1&#8243;]<\/p>\n<h3>Tarifak<\/h3>\n<ul>\n<li>1. astea:<strong> 90\u20ac<\/strong><\/li>\n<li>2. astea:<strong> 85\u20ac<\/strong><\/li>\n<\/ul>\n<p>3. astetik aurrera ikastaro guztiak <strong>80\u20ac<\/strong><br \/>Anai-arreba guztientzat ikastaroa <strong>75\u20ac <\/strong><small style=\"font-size: 12px;\"><\/small><\/p>\n<p>[\/et_pb_text][et_pb_button button_url=&#8221;https:\/\/www.santiagotarrak.com\/eu\/ikastaroak\/udako-ikastaroak\/uraleku\/uraleku-formularioa\/&#8221; button_text=&#8221;Uralekuan izena eman&#8221; button_alignment=&#8221;center&#8221; disabled_on=&#8221;off|off|off&#8221; _builder_version=&#8221;4.8.1&#8243;][\/et_pb_button][\/et_pb_column][et_pb_column type=&#8221;1_4&#8243; _builder_version=&#8221;4.0.6&#8243;][et_pb_blurb title=&#8221;10\u20acko BEHERAPENA&#8221; use_icon=&#8221;on&#8221; font_icon=&#8221;%%202%%&#8221; _builder_version=&#8221;4.8.1&#8243;]<\/p>\n<p>Ikastaro guztietan maiatzaren 31ra arte (anai-arrebei ezin zaie aplikatu).<\/p>\n<p>[\/et_pb_blurb][\/et_pb_column][\/et_pb_row][et_pb_row _builder_version=&#8221;4.0.6&#8243;][et_pb_column type=&#8221;4_4&#8243; _builder_version=&#8221;4.0.6&#8243;][et_pb_text _builder_version=&#8221;4.8.1&#8243;]<\/p>\n<h5>OHARRAK<\/h5>\n<ul>\n<li>Derrigorrezkoa da igeri egiten jakitea<\/li>\n<li>Uztailaren 31a ikastaro eguna izango da.<\/li>\n<\/ul>\n<p>[\/et_pb_text][\/et_pb_column][\/et_pb_row][\/et_pb_section]<\/p>\n","protected":false},"excerpt":{"rendered":"<p>[et_pb_section fb_built=&#8221;1&#8243; module_class=&#8221;header-section&#8221; _builder_version=&#8221;4.8.1&#8243; background_image=&#8221;https:\/\/www.santiagotarrak.com\/wp-content\/uploads\/2021\/11\/embarcadero-scaled.jpg&#8221; locked=&#8221;off&#8221;][et_pb_row _builder_version=&#8221;4.0.6&#8243;][et_pb_column type=&#8221;4_4&#8243; _builder_version=&#8221;4.0.6&#8243;][et_pb_text admin_label=&#8221;Remo&#8221; _builder_version=&#8221;4.6.2&#8243;] Udako ikastaroak [\/et_pb_text][\/et_pb_column][\/et_pb_row][\/et_pb_section][et_pb_section fb_built=&#8221;1&#8243; _builder_version=&#8221;4.0.6&#8243; locked=&#8221;off&#8221;][et_pb_row _builder_version=&#8221;4.0.6&#8243; custom_margin=&#8221;||0px||false|false&#8221; custom_padding=&#8221;||0px||false|false&#8221;][et_pb_column type=&#8221;4_4&#8243; _builder_version=&#8221;4.0.6&#8243;][et_pb_text admin_label=&#8221;Uraleku 2026&#8243; _builder_version=&#8221;4.8.1&#8243;] Uraleku 2026 [\/et_pb_text][\/et_pb_column][\/et_pb_row][et_pb_row column_structure=&#8221;3_4,1_4&#8243; use_custom_gutter=&#8221;on&#8221; gutter_width=&#8221;2&#8243; module_class=&#8221;cursillos-uda&#8221; _builder_version=&#8221;4.0.6&#8243;][et_pb_column type=&#8221;3_4&#8243; _builder_version=&#8221;4.0.6&#8243;][et_pb_text admin_label=&#8221;SEMANAL&#8221; _builder_version=&#8221;4.6.2&#8243;] ASTEKOA [\/et_pb_text][et_pb_text admin_label=&#8221;Fechas&#8221; _builder_version=&#8221;4.8.1&#8243;] Data eskuragarriak Uztailaren 6tik 10ra Uztailaren 13tik 17ra Uztailaren 20tik 24ra Uztailaren 27tik 31ra [&hellip;]<\/p>\n","protected":false},"author":1,"featured_media":0,"parent":1742,"menu_order":0,"comment_status":"closed","ping_status":"closed","template":"","meta":{"_et_pb_use_builder":"on","_et_pb_old_content":"[et_pb_section fb_built=\"1\" module_class=\"header-section\" _builder_version=\"4.0.6\" background_image=\"https:\/\/www.santiagotarrak.com\/wp-content\/uploads\/2020\/03\/remo-header.jpg\" background_position=\"bottom_center\" locked=\"off\"][et_pb_row _builder_version=\"4.0.6\"][et_pb_column type=\"4_4\" _builder_version=\"4.0.6\"][et_pb_text admin_label=\"Remo\" _builder_version=\"4.0.6\"]<p class=\"header-h1\">Cursos de verano<\/p>[\/et_pb_text][\/et_pb_column][\/et_pb_row][\/et_pb_section][et_pb_section fb_built=\"1\" _builder_version=\"4.0.6\" locked=\"off\"][et_pb_row _builder_version=\"4.0.6\" custom_margin=\"||0px||false|false\" custom_padding=\"||0px||false|false\"][et_pb_column type=\"4_4\" _builder_version=\"4.0.6\"][et_pb_text admin_label=\"Uraleku 2020\" _builder_version=\"4.0.6\"]<h1>Uraleku 2020<\/h1>[\/et_pb_text][\/et_pb_column][\/et_pb_row][et_pb_row column_structure=\"3_4,1_4\" use_custom_gutter=\"on\" gutter_width=\"2\" module_class=\"cursillos-uda\" _builder_version=\"4.0.6\"][et_pb_column type=\"3_4\" _builder_version=\"4.0.6\"][et_pb_text admin_label=\"SEMANAL\" _builder_version=\"4.0.6\"]<div class=\"row\">\r\n<div class=\"col-12\">\r\n<h2 class=\"text-left text-dark font-weight-bold\">SEMANAL<\/h2>\r\n<\/div>\r\n<\/div>[\/et_pb_text][et_pb_text admin_label=\"Fechas\" _builder_version=\"4.0.6\"]<h3>Fechas disponibles<\/h3>\r\n<ul>\r\n<li>Julio, agosto y septiembre<\/li>\r\n<li><strong>Entrada<\/strong> 8:30 - 9:00 \/ <strong>Salida<\/strong> 13:00 - 13:30<\/li>\r\n<\/ul>\r\n<p>De lunes a viernes<\/p>[\/et_pb_text][et_pb_text admin_label=\"PIRAG\u00dcISMO, REMO, STAND UP PADDLE...\" _builder_version=\"4.0.6\" hover_enabled=\"0\"]<h3>PIRAG\u00dcISMO, REMO, STAND UP PADDLE...<\/h3>\r\n<p>Nacidos 2007-2011<\/p>\r\n<p>Todos los d\u00edas 2 horas de actividades acu\u00e1ticas<br \/>\u00a1Pirag\u00fcismo aguas bravas y aguas tranquilas, remo, stand up paddle... y mucho m\u00e1s!<\/p>\r\n[\/et_pb_text][et_pb_text admin_label=\"Tarifas\" _builder_version=\"4.0.6\"]<h3>Tarifas<\/h3>\r\n<ul>\r\n<li>1 semana por persona:<strong> 80\u20ac<\/strong><\/li>\r\n<li>2 semanas por persona: <strong>150\u20ac<\/strong><\/li>\r\n<\/ul>[\/et_pb_text][et_pb_button button_url=\"https:\/\/forms.gle\/76aBN1z5pkEkgncz7\" button_text=\"Inscribirse en el cursillo\" button_alignment=\"center\" _builder_version=\"4.0.6\"][\/et_pb_button][\/et_pb_column][et_pb_column type=\"1_4\" _builder_version=\"4.0.6\"][et_pb_blurb title=\"DESCUENTO del 25%\" use_icon=\"on\" font_icon=\"%%202%%\" _builder_version=\"4.0.6\"]<p>A partir de la 3\u00aa semana y a partir del 2\u00ba hermano o hermana<\/p>[\/et_pb_blurb][\/et_pb_column][\/et_pb_row][et_pb_row _builder_version=\"4.0.6\"][et_pb_column type=\"4_4\" _builder_version=\"4.0.6\"][et_pb_text _builder_version=\"4.0.6\"]<div class=\"row\">\r\n<div class=\"col-12\">\r\n<h5>AVISOS<\/h5>\r\n<\/div>\r\n<\/div>\r\n<div class=\"row\">\r\n<div class=\"col-12\">\r\n<ul>\r\n<li>\r\n<p>Es obligatorio saber nadar<\/p>\r\n<\/li>\r\n<li>\r\n<p>El 31 de julio viernes ser\u00e1 d\u00eda de cursillo<\/p>\r\n<\/li>\r\n<li>\r\n<p class=\"font-weight-bold\">Por la situaci\u00f3n que estamos viviendo no podemos asegurar nada de cara a nuestros cursillos de verano. Por esta raz\u00f3n, hemos decidido no cobrar ninguna inscripci\u00f3n hasta poder confirmar la actividad. Vuestra inscripci\u00f3n ser\u00e1 suficiente para poder certificar vuestra plaza.<\/p>\r\n<\/li>\r\n<\/ul>\r\n<\/div>\r\n<\/div>[\/et_pb_text][\/et_pb_column][\/et_pb_row][\/et_pb_section]","_et_gb_content_width":""},"yoast_head":"<!-- This site is optimized with the Yoast SEO plugin v17.5 - https:\/\/yoast.com\/wordpress\/plugins\/seo\/ -->\n<title>Uraleku - Santiagotarrak<\/title>\n<meta name=\"robots\" content=\"index, follow, max-snippet:-1, max-image-preview:large, max-video-preview:-1\" \/>\n<link rel=\"canonical\" href=\"https:\/\/www.santiagotarrak.com\/eu\/ikastaroak\/udako-ikastaroak\/uraleku\/\" \/>\n<meta property=\"og:locale\" content=\"eu_ES\" \/>\n<meta property=\"og:type\" content=\"article\" \/>\n<meta property=\"og:title\" content=\"Uraleku - Santiagotarrak\" \/>\n<meta property=\"og:description\" content=\"[et_pb_section fb_built=&#8221;1&#8243; module_class=&#8221;header-section&#8221; _builder_version=&#8221;4.8.1&#8243; background_image=&#8221;https:\/\/www.santiagotarrak.com\/wp-content\/uploads\/2021\/11\/embarcadero-scaled.jpg&#8221; locked=&#8221;off&#8221;][et_pb_row _builder_version=&#8221;4.0.6&#8243;][et_pb_column type=&#8221;4_4&#8243; _builder_version=&#8221;4.0.6&#8243;][et_pb_text admin_label=&#8221;Remo&#8221; _builder_version=&#8221;4.6.2&#8243;] Udako ikastaroak [\/et_pb_text][\/et_pb_column][\/et_pb_row][\/et_pb_section][et_pb_section fb_built=&#8221;1&#8243; _builder_version=&#8221;4.0.6&#8243; locked=&#8221;off&#8221;][et_pb_row _builder_version=&#8221;4.0.6&#8243; custom_margin=&#8221;||0px||false|false&#8221; custom_padding=&#8221;||0px||false|false&#8221;][et_pb_column type=&#8221;4_4&#8243; _builder_version=&#8221;4.0.6&#8243;][et_pb_text admin_label=&#8221;Uraleku 2026&#8243; _builder_version=&#8221;4.8.1&#8243;] Uraleku 2026 [\/et_pb_text][\/et_pb_column][\/et_pb_row][et_pb_row column_structure=&#8221;3_4,1_4&#8243; use_custom_gutter=&#8221;on&#8221; gutter_width=&#8221;2&#8243; module_class=&#8221;cursillos-uda&#8221; _builder_version=&#8221;4.0.6&#8243;][et_pb_column type=&#8221;3_4&#8243; _builder_version=&#8221;4.0.6&#8243;][et_pb_text admin_label=&#8221;SEMANAL&#8221; _builder_version=&#8221;4.6.2&#8243;] ASTEKOA [\/et_pb_text][et_pb_text admin_label=&#8221;Fechas&#8221; _builder_version=&#8221;4.8.1&#8243;] Data eskuragarriak Uztailaren 6tik 10ra Uztailaren 13tik 17ra Uztailaren 20tik 24ra Uztailaren 27tik 31ra [&hellip;]\" \/>\n<meta property=\"og:url\" content=\"https:\/\/www.santiagotarrak.com\/eu\/ikastaroak\/udako-ikastaroak\/uraleku\/\" \/>\n<meta property=\"og:site_name\" content=\"Santiagotarrak\" \/>\n<meta property=\"article:publisher\" content=\"http:\/\/www.facebook.com\/Santiagotarrak\/\" \/>\n<meta property=\"article:modified_time\" content=\"2026-04-13T11:04:42+00:00\" \/>\n<meta name=\"twitter:card\" content=\"summary_large_image\" \/>\n<meta name=\"twitter:label1\" content=\"Est. reading time\" \/>\n\t<meta name=\"twitter:data1\" content=\"2 minutes\" \/>\n<script type=\"application\/ld+json\" class=\"yoast-schema-graph\">{\"@context\":\"https:\/\/schema.org\",\"@graph\":[{\"@type\":\"Organization\",\"@id\":\"https:\/\/www.santiagotarrak.com\/#organization\",\"name\":\"Santiagotarrak\",\"url\":\"https:\/\/www.santiagotarrak.com\/\",\"sameAs\":[\"http:\/\/www.facebook.com\/Santiagotarrak\/\",\"http:\/\/www.instagram.com\/santiagotarrak\/\"],\"logo\":{\"@type\":\"ImageObject\",\"@id\":\"https:\/\/www.santiagotarrak.com\/#logo\",\"inLanguage\":\"eu-ES\",\"url\":\"https:\/\/www.santiagotarrak.com\/wp-content\/uploads\/2020\/07\/santiagotarrak.jpg\",\"contentUrl\":\"https:\/\/www.santiagotarrak.com\/wp-content\/uploads\/2020\/07\/santiagotarrak.jpg\",\"width\":400,\"height\":96,\"caption\":\"Santiagotarrak\"},\"image\":{\"@id\":\"https:\/\/www.santiagotarrak.com\/#logo\"}},{\"@type\":\"WebSite\",\"@id\":\"https:\/\/www.santiagotarrak.com\/#website\",\"url\":\"https:\/\/www.santiagotarrak.com\/\",\"name\":\"Santiagotarrak\",\"description\":\"Pirag\\u00fcismo y remo en el r\\u00edo Bidasoa\",\"publisher\":{\"@id\":\"https:\/\/www.santiagotarrak.com\/#organization\"},\"potentialAction\":[{\"@type\":\"SearchAction\",\"target\":{\"@type\":\"EntryPoint\",\"urlTemplate\":\"https:\/\/www.santiagotarrak.com\/?s={search_term_string}\"},\"query-input\":\"required name=search_term_string\"}],\"inLanguage\":\"eu-ES\"},{\"@type\":\"WebPage\",\"@id\":\"https:\/\/www.santiagotarrak.com\/eu\/ikastaroak\/udako-ikastaroak\/uraleku\/#webpage\",\"url\":\"https:\/\/www.santiagotarrak.com\/eu\/ikastaroak\/udako-ikastaroak\/uraleku\/\",\"name\":\"Uraleku - Santiagotarrak\",\"isPartOf\":{\"@id\":\"https:\/\/www.santiagotarrak.com\/#website\"},\"datePublished\":\"2020-06-26T03:31:01+00:00\",\"dateModified\":\"2026-04-13T11:04:42+00:00\",\"breadcrumb\":{\"@id\":\"https:\/\/www.santiagotarrak.com\/eu\/ikastaroak\/udako-ikastaroak\/uraleku\/#breadcrumb\"},\"inLanguage\":\"eu-ES\",\"potentialAction\":[{\"@type\":\"ReadAction\",\"target\":[\"https:\/\/www.santiagotarrak.com\/eu\/ikastaroak\/udako-ikastaroak\/uraleku\/\"]}]},{\"@type\":\"BreadcrumbList\",\"@id\":\"https:\/\/www.santiagotarrak.com\/eu\/ikastaroak\/udako-ikastaroak\/uraleku\/#breadcrumb\",\"itemListElement\":[{\"@type\":\"ListItem\",\"position\":1,\"name\":\"Portada\",\"item\":\"https:\/\/www.santiagotarrak.com\/eu\/\"},{\"@type\":\"ListItem\",\"position\":2,\"name\":\"Ikastaroak\",\"item\":\"https:\/\/www.santiagotarrak.com\/es\/cursos\/\"},{\"@type\":\"ListItem\",\"position\":3,\"name\":\"Udako ikastaroak\",\"item\":\"https:\/\/www.santiagotarrak.com\/eu\/ikastaroak\/udako-ikastaroak\/\"},{\"@type\":\"ListItem\",\"position\":4,\"name\":\"Uraleku\"}]}]}<\/script>\n<!-- \/ Yoast SEO plugin. -->","yoast_head_json":{"title":"Uraleku - Santiagotarrak","robots":{"index":"index","follow":"follow","max-snippet":"max-snippet:-1","max-image-preview":"max-image-preview:large","max-video-preview":"max-video-preview:-1"},"canonical":"https:\/\/www.santiagotarrak.com\/eu\/ikastaroak\/udako-ikastaroak\/uraleku\/","og_locale":"eu_ES","og_type":"article","og_title":"Uraleku - Santiagotarrak","og_description":"[et_pb_section fb_built=&#8221;1&#8243; module_class=&#8221;header-section&#8221; _builder_version=&#8221;4.8.1&#8243; background_image=&#8221;https:\/\/www.santiagotarrak.com\/wp-content\/uploads\/2021\/11\/embarcadero-scaled.jpg&#8221; locked=&#8221;off&#8221;][et_pb_row _builder_version=&#8221;4.0.6&#8243;][et_pb_column type=&#8221;4_4&#8243; _builder_version=&#8221;4.0.6&#8243;][et_pb_text admin_label=&#8221;Remo&#8221; _builder_version=&#8221;4.6.2&#8243;] Udako ikastaroak [\/et_pb_text][\/et_pb_column][\/et_pb_row][\/et_pb_section][et_pb_section fb_built=&#8221;1&#8243; _builder_version=&#8221;4.0.6&#8243; locked=&#8221;off&#8221;][et_pb_row _builder_version=&#8221;4.0.6&#8243; custom_margin=&#8221;||0px||false|false&#8221; custom_padding=&#8221;||0px||false|false&#8221;][et_pb_column type=&#8221;4_4&#8243; _builder_version=&#8221;4.0.6&#8243;][et_pb_text admin_label=&#8221;Uraleku 2026&#8243; _builder_version=&#8221;4.8.1&#8243;] Uraleku 2026 [\/et_pb_text][\/et_pb_column][\/et_pb_row][et_pb_row column_structure=&#8221;3_4,1_4&#8243; use_custom_gutter=&#8221;on&#8221; gutter_width=&#8221;2&#8243; module_class=&#8221;cursillos-uda&#8221; _builder_version=&#8221;4.0.6&#8243;][et_pb_column type=&#8221;3_4&#8243; _builder_version=&#8221;4.0.6&#8243;][et_pb_text admin_label=&#8221;SEMANAL&#8221; _builder_version=&#8221;4.6.2&#8243;] ASTEKOA [\/et_pb_text][et_pb_text admin_label=&#8221;Fechas&#8221; _builder_version=&#8221;4.8.1&#8243;] Data eskuragarriak Uztailaren 6tik 10ra Uztailaren 13tik 17ra Uztailaren 20tik 24ra Uztailaren 27tik 31ra [&hellip;]","og_url":"https:\/\/www.santiagotarrak.com\/eu\/ikastaroak\/udako-ikastaroak\/uraleku\/","og_site_name":"Santiagotarrak","article_publisher":"http:\/\/www.facebook.com\/Santiagotarrak\/","article_modified_time":"2026-04-13T11:04:42+00:00","twitter_card":"summary_large_image","twitter_misc":{"Est. reading time":"2 minutes"},"schema":{"@context":"https:\/\/schema.org","@graph":[{"@type":"Organization","@id":"https:\/\/www.santiagotarrak.com\/#organization","name":"Santiagotarrak","url":"https:\/\/www.santiagotarrak.com\/","sameAs":["http:\/\/www.facebook.com\/Santiagotarrak\/","http:\/\/www.instagram.com\/santiagotarrak\/"],"logo":{"@type":"ImageObject","@id":"https:\/\/www.santiagotarrak.com\/#logo","inLanguage":"eu-ES","url":"https:\/\/www.santiagotarrak.com\/wp-content\/uploads\/2020\/07\/santiagotarrak.jpg","contentUrl":"https:\/\/www.santiagotarrak.com\/wp-content\/uploads\/2020\/07\/santiagotarrak.jpg","width":400,"height":96,"caption":"Santiagotarrak"},"image":{"@id":"https:\/\/www.santiagotarrak.com\/#logo"}},{"@type":"WebSite","@id":"https:\/\/www.santiagotarrak.com\/#website","url":"https:\/\/www.santiagotarrak.com\/","name":"Santiagotarrak","description":"Pirag\u00fcismo y remo en el r\u00edo Bidasoa","publisher":{"@id":"https:\/\/www.santiagotarrak.com\/#organization"},"potentialAction":[{"@type":"SearchAction","target":{"@type":"EntryPoint","urlTemplate":"https:\/\/www.santiagotarrak.com\/?s={search_term_string}"},"query-input":"required name=search_term_string"}],"inLanguage":"eu-ES"},{"@type":"WebPage","@id":"https:\/\/www.santiagotarrak.com\/eu\/ikastaroak\/udako-ikastaroak\/uraleku\/#webpage","url":"https:\/\/www.santiagotarrak.com\/eu\/ikastaroak\/udako-ikastaroak\/uraleku\/","name":"Uraleku - Santiagotarrak","isPartOf":{"@id":"https:\/\/www.santiagotarrak.com\/#website"},"datePublished":"2020-06-26T03:31:01+00:00","dateModified":"2026-04-13T11:04:42+00:00","breadcrumb":{"@id":"https:\/\/www.santiagotarrak.com\/eu\/ikastaroak\/udako-ikastaroak\/uraleku\/#breadcrumb"},"inLanguage":"eu-ES","potentialAction":[{"@type":"ReadAction","target":["https:\/\/www.santiagotarrak.com\/eu\/ikastaroak\/udako-ikastaroak\/uraleku\/"]}]},{"@type":"BreadcrumbList","@id":"https:\/\/www.santiagotarrak.com\/eu\/ikastaroak\/udako-ikastaroak\/uraleku\/#breadcrumb","itemListElement":[{"@type":"ListItem","position":1,"name":"Portada","item":"https:\/\/www.santiagotarrak.com\/eu\/"},{"@type":"ListItem","position":2,"name":"Ikastaroak","item":"https:\/\/www.santiagotarrak.com\/es\/cursos\/"},{"@type":"ListItem","position":3,"name":"Udako ikastaroak","item":"https:\/\/www.santiagotarrak.com\/eu\/ikastaroak\/udako-ikastaroak\/"},{"@type":"ListItem","position":4,"name":"Uraleku"}]}]}},"_links":{"self":[{"href":"https:\/\/www.santiagotarrak.com\/eu\/wp-json\/wp\/v2\/pages\/1752"}],"collection":[{"href":"https:\/\/www.santiagotarrak.com\/eu\/wp-json\/wp\/v2\/pages"}],"about":[{"href":"https:\/\/www.santiagotarrak.com\/eu\/wp-json\/wp\/v2\/types\/page"}],"author":[{"embeddable":true,"href":"https:\/\/www.santiagotarrak.com\/eu\/wp-json\/wp\/v2\/users\/1"}],"replies":[{"embeddable":true,"href":"https:\/\/www.santiagotarrak.com\/eu\/wp-json\/wp\/v2\/comments?post=1752"}],"version-history":[{"count":35,"href":"https:\/\/www.santiagotarrak.com\/eu\/wp-json\/wp\/v2\/pages\/1752\/revisions"}],"predecessor-version":[{"id":4020,"href":"https:\/\/www.santiagotarrak.com\/eu\/wp-json\/wp\/v2\/pages\/1752\/revisions\/4020"}],"up":[{"embeddable":true,"href":"https:\/\/www.santiagotarrak.com\/eu\/wp-json\/wp\/v2\/pages\/1742"}],"wp:attachment":[{"href":"https:\/\/www.santiagotarrak.com\/eu\/wp-json\/wp\/v2\/media?parent=1752"}],"curies":[{"name":"wp","href":"https:\/\/api.w.org\/{rel}","templated":true}]}}