{"id":2692,"date":"2021-08-19T14:09:06","date_gmt":"2021-08-19T12:09:06","guid":{"rendered":"https:\/\/www.santiagotarrak.com\/?page_id=2692"},"modified":"2023-12-04T14:54:49","modified_gmt":"2023-12-04T13:54:49","slug":"uda-ikastaroaren-ondoren","status":"publish","type":"page","link":"https:\/\/www.santiagotarrak.com\/eu\/ikastaroak\/uda-ikastaroaren-ondoren\/","title":{"rendered":"UDA ikastaroaren ondoren"},"content":{"rendered":"<p>[et_pb_section fb_built=&#8221;1&#8243; module_class=&#8221;header-section&#8221; _builder_version=&#8221;4.8.1&#8243; background_image=&#8221;https:\/\/www.santiagotarrak.com\/wp-content\/uploads\/2021\/11\/embarcadero-scaled.jpg&#8221; locked=&#8221;off&#8221;][et_pb_row _builder_version=&#8221;4.0.6&#8243;][et_pb_column type=&#8221;4_4&#8243; _builder_version=&#8221;4.0.6&#8243;][et_pb_text admin_label=&#8221;Remo&#8221; _builder_version=&#8221;4.8.1&#8243;]<\/p>\n<p class=\"header-h1\">Udako ikastaroaren ondoren<\/p>\n<p>[\/et_pb_text][\/et_pb_column][\/et_pb_row][\/et_pb_section][et_pb_section fb_built=&#8221;1&#8243; _builder_version=&#8221;4.0.6&#8243;][et_pb_row _builder_version=&#8221;4.0.6&#8243; custom_margin=&#8221;||0px||false|false&#8221; custom_padding=&#8221;||0px||false|false&#8221;][et_pb_column type=&#8221;4_4&#8243; _builder_version=&#8221;4.0.6&#8243;][et_pb_text _builder_version=&#8221;4.8.1&#8243;]<\/p>\n<h1>Lehiaketa-kirolean hastea 2023-2024<\/h1>\n<p>[\/et_pb_text][\/et_pb_column][\/et_pb_row][et_pb_row _builder_version=&#8221;4.8.1&#8243; _module_preset=&#8221;default&#8221;][et_pb_column type=&#8221;4_4&#8243; _builder_version=&#8221;4.8.1&#8243; _module_preset=&#8221;default&#8221;][et_pb_text _builder_version=&#8221;4.8.1&#8243; _module_preset=&#8221;default&#8221;]<\/p>\n<p>Santiagotarrak KEn lehiaketa-kirolean hasteko, hasi nahi duzun modalitateko ikastaro bat egin behar da gutxienez, baina bi ikastaro egitea komeni da, esperientzia gehiago irabazteko. Oraindik ikastarorik egin ez baduzu edo bakarra egin baduzu eta beste bat egin nahi baduzu, astebeteko ikastaro espresa egin dezakezu gurekin. Hemen duzue informazio gehiago.<\/p>\n<p>Ikastaroa egin baduzu eta lehiaketa-taldean sartu nahi baduzu, <a href=\"https:\/\/www.santiagotarrak.com\/eu\/harremanetarako\/\">jarri harremanetan klubaren bulegoarekin<\/a>, informazio gehiago izateko.<\/p>\n<p>[\/et_pb_text][\/et_pb_column][\/et_pb_row][et_pb_row column_structure=&#8221;1_3,1_3,1_3&#8243; _builder_version=&#8221;4.8.1&#8243; _module_preset=&#8221;default&#8221;][et_pb_column type=&#8221;1_3&#8243; _builder_version=&#8221;4.8.1&#8243; _module_preset=&#8221;default&#8221;][et_pb_blurb title=&#8221;Ur-Lasaiak&#8221; image=&#8221;https:\/\/www.santiagotarrak.com\/wp-content\/uploads\/2021\/03\/photo_2020-12-19_08-48-19-1024&#215;575.jpg&#8221; admin_label=&#8221;Ur-lasaiak&#8221; _builder_version=&#8221;4.8.1&#8243;]<\/p>\n<p>2012, 2013 eta 2014ean jaiotako haurrentzat<\/p>\n<p>[\/et_pb_blurb][\/et_pb_column][et_pb_column type=&#8221;1_3&#8243; _builder_version=&#8221;4.8.1&#8243; _module_preset=&#8221;default&#8221;][et_pb_blurb title=&#8221;Ur-biziak&#8221; image=&#8221;https:\/\/www.santiagotarrak.com\/wp-content\/uploads\/2021\/03\/tl-300&#215;212.jpg&#8221; admin_label=&#8221;Ur-biziak&#8221; _builder_version=&#8221;4.8.1&#8243;]<\/p>\n<p>2011 eta 2014 bitartean jaiotako haurrentzat<\/p>\n<p>[\/et_pb_blurb][\/et_pb_column][et_pb_column type=&#8221;1_3&#8243; _builder_version=&#8221;4.8.1&#8243; _module_preset=&#8221;default&#8221;][et_pb_blurb title=&#8221;Arrauna&#8221; image=&#8221;https:\/\/www.santiagotarrak.com\/wp-content\/uploads\/2023\/01\/equipos_arrauna.jpg&#8221; admin_label=&#8221;Arrauna&#8221; _builder_version=&#8221;4.8.1&#8243;]<\/p>\n<p>2011 eta 2012an jaiotako haurrentzat<\/p>\n<p>[\/et_pb_blurb][\/et_pb_column][\/et_pb_row][et_pb_row use_custom_gutter=&#8221;on&#8221; gutter_width=&#8221;2&#8243; make_equal=&#8221;on&#8221; module_class=&#8221;cursillos-uda&#8221; _builder_version=&#8221;4.0.6&#8243;][et_pb_column type=&#8221;4_4&#8243; _builder_version=&#8221;4.0.6&#8243;][et_pb_text admin_label=&#8221;QUINCENAL&#8221; _builder_version=&#8221;4.8.1&#8243;]<\/p>\n<div class=\"row\">\n<div class=\"col-12\">\n<h2 class=\"text-left text-dark font-weight-bold\">EXPRES IKASTAROA<\/h2>\n<\/div>\n<\/div>\n<p>[\/et_pb_text][et_pb_text admin_label=&#8221;Fechas&#8221; _builder_version=&#8221;4.8.1&#8243;]<\/p>\n<h3>Data eskuragarriak<\/h3>\n<ul>\n<li>Abuztuaren 28tik irailaren 1era<\/li>\n<li>Irailaren 4tik irailaren 8ra<\/li>\n<\/ul>\n<p>Astelehenetik ostiralera<\/p>\n<p>[\/et_pb_text][et_pb_text admin_label=&#8221;Horarios&#8221; _builder_version=&#8221;4.8.1&#8243;]<\/p>\n<h3>Ordutegiak<\/h3>\n<table class=\"tabla-resultados cursos-verano\">\n<tbody>\n<tr>\n<th colspan=\"2\"><strong>PIRAGUISMOA<\/strong><\/th>\n<th><strong>ARRAUNA<\/strong><\/th>\n<\/tr>\n<tr>\n<td>UR LASAIAK<\/td>\n<td>UR BIZIAK<\/td>\n<td>AULKI MUGIKORRA<\/td>\n<\/tr>\n<tr>\n<td>\n<ul>\n<li>10:30 &#8211; 12:30<\/li>\n<li>16:30 &#8211; 18:30<\/li>\n<\/ul>\n<\/td>\n<td>\n<ul>\n<li>10:00 &#8211; 12:00<\/li>\n<li>16:00 &#8211; 18:00<\/li>\n<\/ul>\n<\/td>\n<td>\n<ul>\n<li>10:15 &#8211; 12:15<\/li>\n<li>16:15 &#8211; 18:15<\/li>\n<\/ul>\n<\/td>\n<\/tr>\n<\/tbody>\n<\/table>\n<p>[\/et_pb_text][et_pb_text admin_label=&#8221;Tarifas&#8221; _builder_version=&#8221;4.8.1&#8243;]<\/p>\n<h3>Tarifak<\/h3>\n<p><strong>50\u20ac<\/strong> astea<\/p>\n<p>[\/et_pb_text][et_pb_button button_url=&#8221;https:\/\/www.santiagotarrak.com\/eu\/ikastaroak\/uda-ikastaroaren-ondoren\/uda-formularioa\/&#8221; button_text=&#8221;Ikastaroan izena eman&#8221; button_alignment=&#8221;center&#8221; disabled_on=&#8221;on|on|on&#8221; _builder_version=&#8221;4.8.1&#8243; disabled=&#8221;on&#8221;][\/et_pb_button][\/et_pb_column][\/et_pb_row][et_pb_row _builder_version=&#8221;4.0.6&#8243;][et_pb_column type=&#8221;4_4&#8243; _builder_version=&#8221;4.0.6&#8243;][et_pb_text _builder_version=&#8221;4.8.1&#8243;]<\/p>\n<h5>OHARRAK<\/h5>\n<ul>\n<li>Derrigorrezkoa da igeri egiten jakitea<\/li>\n<\/ul>\n<p>[\/et_pb_text][\/et_pb_column][\/et_pb_row][\/et_pb_section]<\/p>\n","protected":false},"excerpt":{"rendered":"<p>[et_pb_section fb_built=&#8221;1&#8243; module_class=&#8221;header-section&#8221; _builder_version=&#8221;4.8.1&#8243; background_image=&#8221;https:\/\/www.santiagotarrak.com\/wp-content\/uploads\/2021\/11\/embarcadero-scaled.jpg&#8221; locked=&#8221;off&#8221;][et_pb_row _builder_version=&#8221;4.0.6&#8243;][et_pb_column type=&#8221;4_4&#8243; _builder_version=&#8221;4.0.6&#8243;][et_pb_text admin_label=&#8221;Remo&#8221; _builder_version=&#8221;4.8.1&#8243;] Udako ikastaroaren ondoren [\/et_pb_text][\/et_pb_column][\/et_pb_row][\/et_pb_section][et_pb_section fb_built=&#8221;1&#8243; _builder_version=&#8221;4.0.6&#8243;][et_pb_row _builder_version=&#8221;4.0.6&#8243; custom_margin=&#8221;||0px||false|false&#8221; custom_padding=&#8221;||0px||false|false&#8221;][et_pb_column type=&#8221;4_4&#8243; _builder_version=&#8221;4.0.6&#8243;][et_pb_text _builder_version=&#8221;4.8.1&#8243;] Lehiaketa-kirolean hastea 2023-2024 [\/et_pb_text][\/et_pb_column][\/et_pb_row][et_pb_row _builder_version=&#8221;4.8.1&#8243; _module_preset=&#8221;default&#8221;][et_pb_column type=&#8221;4_4&#8243; _builder_version=&#8221;4.8.1&#8243; _module_preset=&#8221;default&#8221;][et_pb_text _builder_version=&#8221;4.8.1&#8243; _module_preset=&#8221;default&#8221;] Santiagotarrak KEn lehiaketa-kirolean hasteko, hasi nahi duzun modalitateko ikastaro bat egin behar da gutxienez, baina bi ikastaro egitea komeni da, esperientzia [&hellip;]<\/p>\n","protected":false},"author":2,"featured_media":0,"parent":1730,"menu_order":3,"comment_status":"closed","ping_status":"closed","template":"","meta":{"_et_pb_use_builder":"on","_et_pb_old_content":"[et_pb_section fb_built=\"1\" module_class=\"header-section\" _builder_version=\"4.0.6\" background_image=\"https:\/\/www.santiagotarrak.com\/wp-content\/uploads\/2020\/03\/remo-header.jpg\" background_position=\"bottom_center\" locked=\"off\"][et_pb_row _builder_version=\"4.0.6\"][et_pb_column type=\"4_4\" _builder_version=\"4.0.6\"][et_pb_text admin_label=\"Remo\" _builder_version=\"4.0.6\"]<p class=\"header-h1\">Cursos de verano<\/p>[\/et_pb_text][\/et_pb_column][\/et_pb_row][\/et_pb_section][et_pb_section fb_built=\"1\" _builder_version=\"4.0.6\"][et_pb_row _builder_version=\"4.0.6\" custom_margin=\"||0px||false|false\" custom_padding=\"||0px||false|false\"][et_pb_column type=\"4_4\" _builder_version=\"4.0.6\"][et_pb_text _builder_version=\"4.0.6\"]<h1>Cursillos UDA 2020<\/h1>[\/et_pb_text][\/et_pb_column][\/et_pb_row][et_pb_row column_structure=\"1_2,1_2\" use_custom_gutter=\"on\" gutter_width=\"2\" make_equal=\"on\" module_class=\"cursillos-uda\" _builder_version=\"4.0.6\"][et_pb_column type=\"1_2\" _builder_version=\"4.0.6\"][et_pb_text admin_label=\"QUINCENAL\" _builder_version=\"4.0.6\"]<div class=\"row\">\r\n<div class=\"col-12\">\r\n<h2 class=\"text-left text-dark font-weight-bold\">QUINCENAL<\/h2>\r\n<\/div>\r\n<\/div>[\/et_pb_text][et_pb_text admin_label=\"Fechas\" _builder_version=\"4.0.6\"]<h3>Fechas disponibles<\/h3>\r\n<ul>\r\n<li class=\"text-dark font-weight-bold\">Julio: del 6 al 17 y del 20 al 31<\/li>\r\n<li class=\"text-dark font-weight-bold\">Agosto: del 3 al 14 y del 17 al 28<\/li>\r\n<\/ul>\r\n<p>De lunes a viernes<\/p>[\/et_pb_text][et_pb_text admin_label=\"Horarios\" _builder_version=\"4.4.9\" hover_enabled=\"0\"]<h3>Horarios<\/h3>\r\n<table class=\"tabla-resultados cursos-verano\">\r\n<tbody>\r\n<tr>\r\n<th colspan=\"3\"><strong>PIRAG\u00dcISMO<\/strong> Nacidos 2007-2011<\/th>\r\n<th><strong>REMO<\/strong> <span class=\"notes\">Nacidos 2006-2010<\/span><\/th>\r\n<\/tr>\r\n<tr>\r\n<td colspan=\"2\">AGUAS TRANQUILAS<\/td>\r\n<td>AGUAS BRAVAS<\/td>\r\n<td>BANCO M\u00d3VIL<\/td>\r\n<\/tr>\r\n<tr class=\"niveles\">\r\n<td width=\"20%\">1\u00ba Nivel TORTUGAS<\/td>\r\n<td width=\"20%\">2\u00ba Nivel TRUCHAS<\/td>\r\n<td>\u00a0<\/td>\r\n<td>\u00a0<\/td>\r\n<\/tr>\r\n<tr>\r\n<td colspan=\"2\">\r\n<ul>\r\n<li>09:30 - 11:30<\/li>\r\n<li>11:30 - 13:30<\/li>\r\n<li>15:30 - 17:30<\/li>\r\n<\/ul>\r\n<\/td>\r\n<td>\r\n<ul>\r\n<li>09:00 - 11:00 <span class=\"notes\">Santiagotarrak<\/span><\/li>\r\n<li>11:00 - 13:30 <span class=\"notes\">San Miguel**<\/span><\/li>\r\n<li>15:30 - 18:00 <span class=\"notes\">San Miguel**<\/span><\/li>\r\n<\/ul>\r\n<\/td>\r\n<td>\r\n<ul>\r\n<li>09:15 - 11:15<\/li>\r\n<li>11:15 - 13:15 <span class=\"notes\">Tecnificaci\u00f3n<\/span><\/li>\r\n<li>16:00 - 18:00 <span class=\"notes\">2004-2010<\/span><\/li>\r\n<\/ul>\r\n<\/td>\r\n<\/tr>\r\n<\/tbody>\r\n<\/table>\r\n<p class=\"nota-rio\">**Suben al r\u00edo en furgoneta<\/p>\r\n[\/et_pb_text][et_pb_text admin_label=\"Tarifas\" _builder_version=\"4.0.6\"]<h3>Tarifas<\/h3>\r\n<ul>\r\n<li>Un cursillo por persona: <strong>80\u20ac<\/strong><\/li>\r\n<li>Si traes a tu hermana o hermano o es tu segundo cursillo: <strong>60\u20ac<\/strong><\/li>\r\n<\/ul>[\/et_pb_text][et_pb_button button_url=\"https:\/\/forms.gle\/NZoXvt98DRHiub9MA\" button_text=\"Inscribirse en el cursillo\" button_alignment=\"center\" _builder_version=\"4.0.6\"][\/et_pb_button][\/et_pb_column][et_pb_column type=\"1_2\" _builder_version=\"4.0.6\"][et_pb_text admin_label=\"SEMANAL\" _builder_version=\"4.0.6\"]<div class=\"row\">\r\n<div class=\"col-12\">\r\n<h2 class=\"text-left text-dark font-weight-bold\">SEMANAL<\/h2>\r\n<\/div>\r\n<\/div>[\/et_pb_text][et_pb_text admin_label=\"Fechas\" _builder_version=\"4.0.6\"]<h3 >Fechas disponibles<\/h3>\r\n\r\n<ul>\r\n\t<li>Julio y agosto<\/li>\r\n<\/ul>\r\n\r\n<p>De lunes a viernes<\/p>[\/et_pb_text][et_pb_text admin_label=\"Horarios\" _builder_version=\"4.0.6\"]<h3>Horarios<\/h3>\r\n<table class=\"tabla-resultados cursos-verano\">\r\n<tbody>\r\n<tr>\r\n<th><strong>STAND UP PADDLE<\/strong> <span class=\"notes\">Nacidos a partir del 2007<\/span><\/th>\r\n<th><strong>PIRAG\u00dcISMO RECREATIVO<\/strong> <span class=\"notes\">Nacidos a partir del 2005<\/span><\/th>\r\n<\/tr>\r\n<tr>\r\n<td>\r\n<ul>\r\n<li>10:00 - 11:30<\/li>\r\n<li>16:30 - 18:00<\/li>\r\n<\/ul>\r\n<\/td>\r\n<td>\r\n<ul>\r\n<li>10:30 - 12:00<\/li>\r\n<li>17:00 - 18:30<\/li>\r\n<\/ul>\r\n<\/td>\r\n<\/tr>\r\n<\/tbody>\r\n<\/table>[\/et_pb_text][et_pb_text admin_label=\"Tarifas\" _builder_version=\"4.0.6\"]<h3>Tarifas<\/h3>\r\n<ul>\r\n<li>Un cursillo por persona: <strong>60\u20ac<\/strong><\/li>\r\n<\/ul>[\/et_pb_text][et_pb_button button_url=\"https:\/\/forms.gle\/VLecjsk5MmiYNzov5\" button_text=\"Inscribirse en el cursillo\" button_alignment=\"center\" _builder_version=\"4.0.6\"][\/et_pb_button][\/et_pb_column][\/et_pb_row][et_pb_row _builder_version=\"4.0.6\"][et_pb_column type=\"4_4\" _builder_version=\"4.0.6\"][et_pb_text _builder_version=\"4.0.6\"]<div class=\"row\">\r\n<div class=\"col-12\">\r\n<h5>AVISOS<\/h5>\r\n<\/div>\r\n<\/div>\r\n<div class=\"row\">\r\n<div class=\"col-12\">\r\n<ul>\r\n<li>\r\n<p>Es obligatorio saber nadar<\/p>\r\n<\/li>\r\n<li>\r\n<p>El 31 de julio viernes ser\u00e1 d\u00eda de cursillo<\/p>\r\n<\/li>\r\n<li>\r\n<p class=\"font-weight-bold\">Por la situaci\u00f3n que estamos viviendo no podemos asegurar nada de cara a nuestros cursillos de verano. Por esta raz\u00f3n, hemos decidido no cobrar ninguna inscripci\u00f3n hasta poder confirmar la actividad. Vuestra inscripci\u00f3n ser\u00e1 suficiente para poder certificar vuestra plaza.<\/p>\r\n<\/li>\r\n<\/ul>\r\n<\/div>\r\n<\/div>[\/et_pb_text][\/et_pb_column][\/et_pb_row][\/et_pb_section]","_et_gb_content_width":""},"yoast_head":"<!-- This site is optimized with the Yoast SEO plugin v17.5 - https:\/\/yoast.com\/wordpress\/plugins\/seo\/ -->\n<title>UDA ikastaroaren ondoren - Santiagotarrak<\/title>\n<meta name=\"robots\" content=\"index, follow, max-snippet:-1, max-image-preview:large, max-video-preview:-1\" \/>\n<link rel=\"canonical\" href=\"https:\/\/www.santiagotarrak.com\/eu\/ikastaroak\/uda-ikastaroaren-ondoren\/\" \/>\n<meta property=\"og:locale\" content=\"eu_ES\" \/>\n<meta property=\"og:type\" content=\"article\" \/>\n<meta property=\"og:title\" content=\"UDA ikastaroaren ondoren - Santiagotarrak\" \/>\n<meta property=\"og:description\" content=\"[et_pb_section fb_built=&#8221;1&#8243; module_class=&#8221;header-section&#8221; _builder_version=&#8221;4.8.1&#8243; background_image=&#8221;https:\/\/www.santiagotarrak.com\/wp-content\/uploads\/2021\/11\/embarcadero-scaled.jpg&#8221; locked=&#8221;off&#8221;][et_pb_row _builder_version=&#8221;4.0.6&#8243;][et_pb_column type=&#8221;4_4&#8243; _builder_version=&#8221;4.0.6&#8243;][et_pb_text admin_label=&#8221;Remo&#8221; _builder_version=&#8221;4.8.1&#8243;] Udako ikastaroaren ondoren [\/et_pb_text][\/et_pb_column][\/et_pb_row][\/et_pb_section][et_pb_section fb_built=&#8221;1&#8243; _builder_version=&#8221;4.0.6&#8243;][et_pb_row _builder_version=&#8221;4.0.6&#8243; custom_margin=&#8221;||0px||false|false&#8221; custom_padding=&#8221;||0px||false|false&#8221;][et_pb_column type=&#8221;4_4&#8243; _builder_version=&#8221;4.0.6&#8243;][et_pb_text _builder_version=&#8221;4.8.1&#8243;] Lehiaketa-kirolean hastea 2023-2024 [\/et_pb_text][\/et_pb_column][\/et_pb_row][et_pb_row _builder_version=&#8221;4.8.1&#8243; _module_preset=&#8221;default&#8221;][et_pb_column type=&#8221;4_4&#8243; _builder_version=&#8221;4.8.1&#8243; _module_preset=&#8221;default&#8221;][et_pb_text _builder_version=&#8221;4.8.1&#8243; _module_preset=&#8221;default&#8221;] Santiagotarrak KEn lehiaketa-kirolean hasteko, hasi nahi duzun modalitateko ikastaro bat egin behar da gutxienez, baina bi ikastaro egitea komeni da, esperientzia [&hellip;]\" \/>\n<meta property=\"og:url\" content=\"https:\/\/www.santiagotarrak.com\/eu\/ikastaroak\/uda-ikastaroaren-ondoren\/\" \/>\n<meta property=\"og:site_name\" content=\"Santiagotarrak\" \/>\n<meta property=\"article:publisher\" content=\"http:\/\/www.facebook.com\/Santiagotarrak\/\" \/>\n<meta property=\"article:modified_time\" content=\"2023-12-04T13:54:49+00:00\" \/>\n<meta name=\"twitter:card\" content=\"summary_large_image\" \/>\n<meta name=\"twitter:label1\" content=\"Est. reading time\" \/>\n\t<meta name=\"twitter:data1\" content=\"2 minutes\" \/>\n<script type=\"application\/ld+json\" class=\"yoast-schema-graph\">{\"@context\":\"https:\/\/schema.org\",\"@graph\":[{\"@type\":\"Organization\",\"@id\":\"https:\/\/www.santiagotarrak.com\/#organization\",\"name\":\"Santiagotarrak\",\"url\":\"https:\/\/www.santiagotarrak.com\/\",\"sameAs\":[\"http:\/\/www.facebook.com\/Santiagotarrak\/\",\"http:\/\/www.instagram.com\/santiagotarrak\/\"],\"logo\":{\"@type\":\"ImageObject\",\"@id\":\"https:\/\/www.santiagotarrak.com\/#logo\",\"inLanguage\":\"eu-ES\",\"url\":\"https:\/\/www.santiagotarrak.com\/wp-content\/uploads\/2020\/07\/santiagotarrak.jpg\",\"contentUrl\":\"https:\/\/www.santiagotarrak.com\/wp-content\/uploads\/2020\/07\/santiagotarrak.jpg\",\"width\":400,\"height\":96,\"caption\":\"Santiagotarrak\"},\"image\":{\"@id\":\"https:\/\/www.santiagotarrak.com\/#logo\"}},{\"@type\":\"WebSite\",\"@id\":\"https:\/\/www.santiagotarrak.com\/#website\",\"url\":\"https:\/\/www.santiagotarrak.com\/\",\"name\":\"Santiagotarrak\",\"description\":\"Pirag\\u00fcismo y remo en el r\\u00edo Bidasoa\",\"publisher\":{\"@id\":\"https:\/\/www.santiagotarrak.com\/#organization\"},\"potentialAction\":[{\"@type\":\"SearchAction\",\"target\":{\"@type\":\"EntryPoint\",\"urlTemplate\":\"https:\/\/www.santiagotarrak.com\/?s={search_term_string}\"},\"query-input\":\"required name=search_term_string\"}],\"inLanguage\":\"eu-ES\"},{\"@type\":\"WebPage\",\"@id\":\"https:\/\/www.santiagotarrak.com\/eu\/ikastaroak\/uda-ikastaroaren-ondoren\/#webpage\",\"url\":\"https:\/\/www.santiagotarrak.com\/eu\/ikastaroak\/uda-ikastaroaren-ondoren\/\",\"name\":\"UDA ikastaroaren ondoren - Santiagotarrak\",\"isPartOf\":{\"@id\":\"https:\/\/www.santiagotarrak.com\/#website\"},\"datePublished\":\"2021-08-19T12:09:06+00:00\",\"dateModified\":\"2023-12-04T13:54:49+00:00\",\"breadcrumb\":{\"@id\":\"https:\/\/www.santiagotarrak.com\/eu\/ikastaroak\/uda-ikastaroaren-ondoren\/#breadcrumb\"},\"inLanguage\":\"eu-ES\",\"potentialAction\":[{\"@type\":\"ReadAction\",\"target\":[\"https:\/\/www.santiagotarrak.com\/eu\/ikastaroak\/uda-ikastaroaren-ondoren\/\"]}]},{\"@type\":\"BreadcrumbList\",\"@id\":\"https:\/\/www.santiagotarrak.com\/eu\/ikastaroak\/uda-ikastaroaren-ondoren\/#breadcrumb\",\"itemListElement\":[{\"@type\":\"ListItem\",\"position\":1,\"name\":\"Portada\",\"item\":\"https:\/\/www.santiagotarrak.com\/eu\/\"},{\"@type\":\"ListItem\",\"position\":2,\"name\":\"Ikastaroak\",\"item\":\"https:\/\/www.santiagotarrak.com\/es\/cursos\/\"},{\"@type\":\"ListItem\",\"position\":3,\"name\":\"UDA ikastaroaren ondoren\"}]}]}<\/script>\n<!-- \/ Yoast SEO plugin. -->","yoast_head_json":{"title":"UDA ikastaroaren ondoren - Santiagotarrak","robots":{"index":"index","follow":"follow","max-snippet":"max-snippet:-1","max-image-preview":"max-image-preview:large","max-video-preview":"max-video-preview:-1"},"canonical":"https:\/\/www.santiagotarrak.com\/eu\/ikastaroak\/uda-ikastaroaren-ondoren\/","og_locale":"eu_ES","og_type":"article","og_title":"UDA ikastaroaren ondoren - Santiagotarrak","og_description":"[et_pb_section fb_built=&#8221;1&#8243; module_class=&#8221;header-section&#8221; _builder_version=&#8221;4.8.1&#8243; background_image=&#8221;https:\/\/www.santiagotarrak.com\/wp-content\/uploads\/2021\/11\/embarcadero-scaled.jpg&#8221; locked=&#8221;off&#8221;][et_pb_row _builder_version=&#8221;4.0.6&#8243;][et_pb_column type=&#8221;4_4&#8243; _builder_version=&#8221;4.0.6&#8243;][et_pb_text admin_label=&#8221;Remo&#8221; _builder_version=&#8221;4.8.1&#8243;] Udako ikastaroaren ondoren [\/et_pb_text][\/et_pb_column][\/et_pb_row][\/et_pb_section][et_pb_section fb_built=&#8221;1&#8243; _builder_version=&#8221;4.0.6&#8243;][et_pb_row _builder_version=&#8221;4.0.6&#8243; custom_margin=&#8221;||0px||false|false&#8221; custom_padding=&#8221;||0px||false|false&#8221;][et_pb_column type=&#8221;4_4&#8243; _builder_version=&#8221;4.0.6&#8243;][et_pb_text _builder_version=&#8221;4.8.1&#8243;] Lehiaketa-kirolean hastea 2023-2024 [\/et_pb_text][\/et_pb_column][\/et_pb_row][et_pb_row _builder_version=&#8221;4.8.1&#8243; _module_preset=&#8221;default&#8221;][et_pb_column type=&#8221;4_4&#8243; _builder_version=&#8221;4.8.1&#8243; _module_preset=&#8221;default&#8221;][et_pb_text _builder_version=&#8221;4.8.1&#8243; _module_preset=&#8221;default&#8221;] Santiagotarrak KEn lehiaketa-kirolean hasteko, hasi nahi duzun modalitateko ikastaro bat egin behar da gutxienez, baina bi ikastaro egitea komeni da, esperientzia [&hellip;]","og_url":"https:\/\/www.santiagotarrak.com\/eu\/ikastaroak\/uda-ikastaroaren-ondoren\/","og_site_name":"Santiagotarrak","article_publisher":"http:\/\/www.facebook.com\/Santiagotarrak\/","article_modified_time":"2023-12-04T13:54:49+00:00","twitter_card":"summary_large_image","twitter_misc":{"Est. reading time":"2 minutes"},"schema":{"@context":"https:\/\/schema.org","@graph":[{"@type":"Organization","@id":"https:\/\/www.santiagotarrak.com\/#organization","name":"Santiagotarrak","url":"https:\/\/www.santiagotarrak.com\/","sameAs":["http:\/\/www.facebook.com\/Santiagotarrak\/","http:\/\/www.instagram.com\/santiagotarrak\/"],"logo":{"@type":"ImageObject","@id":"https:\/\/www.santiagotarrak.com\/#logo","inLanguage":"eu-ES","url":"https:\/\/www.santiagotarrak.com\/wp-content\/uploads\/2020\/07\/santiagotarrak.jpg","contentUrl":"https:\/\/www.santiagotarrak.com\/wp-content\/uploads\/2020\/07\/santiagotarrak.jpg","width":400,"height":96,"caption":"Santiagotarrak"},"image":{"@id":"https:\/\/www.santiagotarrak.com\/#logo"}},{"@type":"WebSite","@id":"https:\/\/www.santiagotarrak.com\/#website","url":"https:\/\/www.santiagotarrak.com\/","name":"Santiagotarrak","description":"Pirag\u00fcismo y remo en el r\u00edo Bidasoa","publisher":{"@id":"https:\/\/www.santiagotarrak.com\/#organization"},"potentialAction":[{"@type":"SearchAction","target":{"@type":"EntryPoint","urlTemplate":"https:\/\/www.santiagotarrak.com\/?s={search_term_string}"},"query-input":"required name=search_term_string"}],"inLanguage":"eu-ES"},{"@type":"WebPage","@id":"https:\/\/www.santiagotarrak.com\/eu\/ikastaroak\/uda-ikastaroaren-ondoren\/#webpage","url":"https:\/\/www.santiagotarrak.com\/eu\/ikastaroak\/uda-ikastaroaren-ondoren\/","name":"UDA ikastaroaren ondoren - Santiagotarrak","isPartOf":{"@id":"https:\/\/www.santiagotarrak.com\/#website"},"datePublished":"2021-08-19T12:09:06+00:00","dateModified":"2023-12-04T13:54:49+00:00","breadcrumb":{"@id":"https:\/\/www.santiagotarrak.com\/eu\/ikastaroak\/uda-ikastaroaren-ondoren\/#breadcrumb"},"inLanguage":"eu-ES","potentialAction":[{"@type":"ReadAction","target":["https:\/\/www.santiagotarrak.com\/eu\/ikastaroak\/uda-ikastaroaren-ondoren\/"]}]},{"@type":"BreadcrumbList","@id":"https:\/\/www.santiagotarrak.com\/eu\/ikastaroak\/uda-ikastaroaren-ondoren\/#breadcrumb","itemListElement":[{"@type":"ListItem","position":1,"name":"Portada","item":"https:\/\/www.santiagotarrak.com\/eu\/"},{"@type":"ListItem","position":2,"name":"Ikastaroak","item":"https:\/\/www.santiagotarrak.com\/es\/cursos\/"},{"@type":"ListItem","position":3,"name":"UDA ikastaroaren ondoren"}]}]}},"_links":{"self":[{"href":"https:\/\/www.santiagotarrak.com\/eu\/wp-json\/wp\/v2\/pages\/2692"}],"collection":[{"href":"https:\/\/www.santiagotarrak.com\/eu\/wp-json\/wp\/v2\/pages"}],"about":[{"href":"https:\/\/www.santiagotarrak.com\/eu\/wp-json\/wp\/v2\/types\/page"}],"author":[{"embeddable":true,"href":"https:\/\/www.santiagotarrak.com\/eu\/wp-json\/wp\/v2\/users\/2"}],"replies":[{"embeddable":true,"href":"https:\/\/www.santiagotarrak.com\/eu\/wp-json\/wp\/v2\/comments?post=2692"}],"version-history":[{"count":23,"href":"https:\/\/www.santiagotarrak.com\/eu\/wp-json\/wp\/v2\/pages\/2692\/revisions"}],"predecessor-version":[{"id":3619,"href":"https:\/\/www.santiagotarrak.com\/eu\/wp-json\/wp\/v2\/pages\/2692\/revisions\/3619"}],"up":[{"embeddable":true,"href":"https:\/\/www.santiagotarrak.com\/eu\/wp-json\/wp\/v2\/pages\/1730"}],"wp:attachment":[{"href":"https:\/\/www.santiagotarrak.com\/eu\/wp-json\/wp\/v2\/media?parent=2692"}],"curies":[{"name":"wp","href":"https:\/\/api.w.org\/{rel}","templated":true}]}}